{"id":5893,"date":"2022-10-29T13:10:32","date_gmt":"2022-10-29T13:10:32","guid":{"rendered":"https:\/\/kindart.is\/product\/kongsins-kaupmannahofn\/"},"modified":"2022-10-29T13:10:32","modified_gmt":"2022-10-29T13:10:32","slug":"kongsins-kaupmannahofn","status":"publish","type":"product","link":"https:\/\/kindart.is\/en\/vara\/kongsins-kaupmannahofn\/","title":{"rendered":"K\u00f3ngsins Kaupmannah\u00f6fn"},"content":{"rendered":"<p><strong>K\u00f3ngsins Kaupmannah\u00f6fn<\/strong>. Lei\u00f0s\u00f6gurit fyrir \u00edslenska fer\u00f0amenn \u00ed Kaupmannah\u00f6fneftir J\u00f3nas Kristj\u00e1nsson. Lj\u00f3smyndir: Krist\u00edn Halld\u00f3rsd\u00f3ttir. Handh\u00e6g vasab\u00f3k me\u00f0 miklum uppl\u00fdsingum. B\u00f3kin er bundin \u00ed br\u00fant alband \u00far plastefni, gyllt a\u00f0 framan. Me\u00f0 hl\u00edf\u00f0ark\u00e1pu. St\u00e6r\u00f0: 20 X 10.8 cm og 96 bls.<\/p>\n<p><strong>\u00datg\u00e1fa og prentun<\/strong>:<br \/>\nFj\u00f6lva \u2013 \u00fatg\u00e1fa. Reykjav\u00edk 1981. Setning og umbrot: Texti. Litgreining og prentun: Hilmir. B\u00f3kband: Arnarfell.<\/p>\n","protected":false},"excerpt":{"rendered":"<p>K\u00f3ngsins Kaupmannah\u00f6fn. Lei\u00f0s\u00f6gurit fyrir \u00edslenska fer\u00f0amenn \u00ed Kaupmannah\u00f6fneftir J\u00f3nas Kristj\u00e1nsson. Lj\u00f3smyndir: Krist\u00edn Halld\u00f3rsd\u00f3ttir. Handh\u00e6g vasab\u00f3k me\u00f0 miklum uppl\u00fdsingum. B\u00f3kin er bundin \u00ed br\u00fant alband \u00far plastefni, gyllt a\u00f0 framan. Me\u00f0 hl\u00edf\u00f0ark\u00e1pu. St\u00e6r\u00f0: 20 X 10.8 cm og 96 bls. \u00datg\u00e1fa og prentun: Fj\u00f6lva \u2013 \u00fatg\u00e1fa. Reykjav\u00edk 1981. Setning og umbrot: Texti. Litgreining og prentun: Hilmir. [&hellip;]<\/p>\n","protected":false},"featured_media":5889,"template":"","meta":{"slim_seo":{"title":"K\u00f3ngsins Kaupmannah\u00f6fn - KindArt","description":"K\u00f3ngsins Kaupmannah\u00f6fn . Lei\u00f0s\u00f6gurit fyrir \u00edslenska fer\u00f0amenn \u00ed Kaupmannah\u00f6fneftir J\u00f3nas Kristj\u00e1nsson. Lj\u00f3smyndir: Krist\u00edn Halld\u00f3rsd\u00f3ttir. Handh\u00e6g vasab\u00f3k me\u00f0 m"}},"product_brand":[],"product_cat":[83],"product_tag":[],"class_list":{"0":"post-5893","1":"product","2":"type-product","3":"status-publish","4":"has-post-thumbnail","6":"product_cat-books","7":"product_shipping_class-small-en","9":"first","10":"instock","11":"sold-individually","12":"purchasable","13":"product-type-simple"},"_links":{"self":[{"href":"https:\/\/kindart.is\/en\/wp-json\/wp\/v2\/product\/5893","targetHints":{"allow":["GET"]}}],"collection":[{"href":"https:\/\/kindart.is\/en\/wp-json\/wp\/v2\/product"}],"about":[{"href":"https:\/\/kindart.is\/en\/wp-json\/wp\/v2\/types\/product"}],"wp:featuredmedia":[{"embeddable":true,"href":"https:\/\/kindart.is\/en\/wp-json\/wp\/v2\/media\/5889"}],"wp:attachment":[{"href":"https:\/\/kindart.is\/en\/wp-json\/wp\/v2\/media?parent=5893"}],"wp:term":[{"taxonomy":"product_brand","embeddable":true,"href":"https:\/\/kindart.is\/en\/wp-json\/wp\/v2\/product_brand?post=5893"},{"taxonomy":"product_cat","embeddable":true,"href":"https:\/\/kindart.is\/en\/wp-json\/wp\/v2\/product_cat?post=5893"},{"taxonomy":"product_tag","embeddable":true,"href":"https:\/\/kindart.is\/en\/wp-json\/wp\/v2\/product_tag?post=5893"}],"curies":[{"name":"wp","href":"https:\/\/api.w.org\/{rel}","templated":true}]}}