{"id":5900,"date":"2022-10-29T13:16:49","date_gmt":"2022-10-29T13:16:49","guid":{"rendered":"https:\/\/kindart.is\/product\/lifssaga-barattukonu\/"},"modified":"2022-10-29T13:17:11","modified_gmt":"2022-10-29T13:17:11","slug":"lifssaga-barattukonu","status":"publish","type":"product","link":"https:\/\/kindart.is\/en\/vara\/lifssaga-barattukonu\/","title":{"rendered":"L\u00edfssaga bar\u00e1ttukonu"},"content":{"rendered":"<p><strong>L\u00edfssaga bar\u00e1ttukonu<\/strong>. Inga Huld H\u00e1konard\u00f3ttir rekur feril A\u00f0alhei\u00f0ar Bjarnfre\u00f0sd\u00f3ttur. B\u00f3kin er bundin \u00ed forlagsband og hl\u00edf\u00f0ark\u00e1pa a\u00f0 framan undir plasti B\u00f3kasafns Hverager\u00f0is sem setti b\u00f3kina \u00e1 marka\u00f0. St\u00e6r\u00f0: 23.5 X 15.5 cm og 229 bls.<\/p>\n<p><strong>\u00datg\u00e1fa og prentun<\/strong>:<br \/>\nVaka \/ Helgafell Reykjav\u00edk 1985. Setning og prentun: Prentstofa G. Benediktssonar. B\u00f3kband: B\u00f3kfell.<\/p>\n","protected":false},"excerpt":{"rendered":"<p>L\u00edfssaga bar\u00e1ttukonu. Inga Huld H\u00e1konard\u00f3ttir rekur feril A\u00f0alhei\u00f0ar Bjarnfre\u00f0sd\u00f3ttur. B\u00f3kin er bundin \u00ed forlagsband og hl\u00edf\u00f0ark\u00e1pa a\u00f0 framan undir plasti B\u00f3kasafns Hverager\u00f0is sem setti b\u00f3kina \u00e1 marka\u00f0. St\u00e6r\u00f0: 23.5 X 15.5 cm og 229 bls. \u00datg\u00e1fa og prentun: Vaka \/ Helgafell Reykjav\u00edk 1985. Setning og prentun: Prentstofa G. Benediktssonar. B\u00f3kband: B\u00f3kfell.<\/p>\n","protected":false},"featured_media":5896,"template":"","meta":{"slim_seo":{"title":"L\u00edfssaga bar\u00e1ttukonu - KindArt","description":"L\u00edfssaga bar\u00e1ttukonu . Inga Huld H\u00e1konard\u00f3ttir rekur feril A\u00f0alhei\u00f0ar Bjarnfre\u00f0sd\u00f3ttur. B\u00f3kin er bundin \u00ed forlagsband og hl\u00edf\u00f0ark\u00e1pa a\u00f0 framan undir plasti B\u00f3ka"}},"product_brand":[],"product_cat":[83],"product_tag":[],"class_list":{"0":"post-5900","1":"product","2":"type-product","3":"status-publish","4":"has-post-thumbnail","6":"product_cat-books","7":"product_shipping_class-small-en","9":"first","10":"instock","11":"sold-individually","12":"purchasable","13":"product-type-simple"},"_links":{"self":[{"href":"https:\/\/kindart.is\/en\/wp-json\/wp\/v2\/product\/5900","targetHints":{"allow":["GET"]}}],"collection":[{"href":"https:\/\/kindart.is\/en\/wp-json\/wp\/v2\/product"}],"about":[{"href":"https:\/\/kindart.is\/en\/wp-json\/wp\/v2\/types\/product"}],"wp:featuredmedia":[{"embeddable":true,"href":"https:\/\/kindart.is\/en\/wp-json\/wp\/v2\/media\/5896"}],"wp:attachment":[{"href":"https:\/\/kindart.is\/en\/wp-json\/wp\/v2\/media?parent=5900"}],"wp:term":[{"taxonomy":"product_brand","embeddable":true,"href":"https:\/\/kindart.is\/en\/wp-json\/wp\/v2\/product_brand?post=5900"},{"taxonomy":"product_cat","embeddable":true,"href":"https:\/\/kindart.is\/en\/wp-json\/wp\/v2\/product_cat?post=5900"},{"taxonomy":"product_tag","embeddable":true,"href":"https:\/\/kindart.is\/en\/wp-json\/wp\/v2\/product_tag?post=5900"}],"curies":[{"name":"wp","href":"https:\/\/api.w.org\/{rel}","templated":true}]}}