{"id":5907,"date":"2022-10-29T13:20:33","date_gmt":"2022-10-29T13:20:33","guid":{"rendered":"https:\/\/kindart.is\/product\/osagdir-hlutir-um-skaldid-a-throm\/"},"modified":"2023-02-18T17:48:08","modified_gmt":"2023-02-18T17:48:08","slug":"osagdir-hlutir-um-skaldid-a-throm","status":"publish","type":"product","link":"https:\/\/kindart.is\/en\/vara\/osagdir-hlutir-um-skaldid-a-throm\/","title":{"rendered":"\u00d3sag\u00f0ir hlutir um sk\u00e1ldi\u00f0 \u00e1 \u00der\u00f6m"},"content":{"rendered":"<p><strong>\u00d3sag\u00f0ir hlutir um sk\u00e1ldi\u00f0 \u00e1 \u00der\u00f6m<\/strong> eftir Gunnar M. Magn\u00fass. B\u00f3kin er bundin \u00ed forlagsband, plastefni \u00e1 kj\u00f6l og spjaldapapp\u00edr \u00e1 hli\u00f0um. St\u00e6r\u00f0: 21.5 X 14 cm og 207 bls.<\/p>\n<p><strong>\u00datg\u00e1fa og prentun<\/strong>:<br \/>\nB\u00f3ka\u00fatg\u00e1fan Skuggsj\u00e1, Reykjav\u00edk 1973. Setning og prentun: Prentsm. Skuggsj\u00e1. B\u00f3kband: B\u00f3kfell.<\/p>\n","protected":false},"excerpt":{"rendered":"<p>\u00d3sag\u00f0ir hlutir um sk\u00e1ldi\u00f0 \u00e1 \u00der\u00f6m eftir Gunnar M. Magn\u00fass. B\u00f3kin er bundin \u00ed forlagsband, plastefni \u00e1 kj\u00f6l og spjaldapapp\u00edr \u00e1 hli\u00f0um. St\u00e6r\u00f0: 21.5 X 14 cm og 207 bls. \u00datg\u00e1fa og prentun: B\u00f3ka\u00fatg\u00e1fan Skuggsj\u00e1, Reykjav\u00edk 1973. Setning og prentun: Prentsm. Skuggsj\u00e1. B\u00f3kband: B\u00f3kfell.<\/p>\n","protected":false},"featured_media":6422,"template":"","meta":{"slim_seo":{"title":"\u00d3sag\u00f0ir hlutir um sk\u00e1ldi\u00f0 \u00e1 \u00der\u00f6m - KindArt","description":"\u00d3sag\u00f0ir hlutir um sk\u00e1ldi\u00f0 \u00e1 \u00der\u00f6m eftir Gunnar M. Magn\u00fass. B\u00f3kin er bundin \u00ed forlagsband, plastefni \u00e1 kj\u00f6l og spjaldapapp\u00edr \u00e1 hli\u00f0um. St\u00e6r\u00f0: 21.5 X 14 cm og 207"}},"product_brand":[],"product_cat":[83],"product_tag":[],"class_list":{"0":"post-5907","1":"product","2":"type-product","3":"status-publish","4":"has-post-thumbnail","6":"product_cat-books","7":"product_shipping_class-small-en","9":"first","10":"instock","11":"sold-individually","12":"purchasable","13":"product-type-simple"},"_links":{"self":[{"href":"https:\/\/kindart.is\/en\/wp-json\/wp\/v2\/product\/5907","targetHints":{"allow":["GET"]}}],"collection":[{"href":"https:\/\/kindart.is\/en\/wp-json\/wp\/v2\/product"}],"about":[{"href":"https:\/\/kindart.is\/en\/wp-json\/wp\/v2\/types\/product"}],"wp:featuredmedia":[{"embeddable":true,"href":"https:\/\/kindart.is\/en\/wp-json\/wp\/v2\/media\/6422"}],"wp:attachment":[{"href":"https:\/\/kindart.is\/en\/wp-json\/wp\/v2\/media?parent=5907"}],"wp:term":[{"taxonomy":"product_brand","embeddable":true,"href":"https:\/\/kindart.is\/en\/wp-json\/wp\/v2\/product_brand?post=5907"},{"taxonomy":"product_cat","embeddable":true,"href":"https:\/\/kindart.is\/en\/wp-json\/wp\/v2\/product_cat?post=5907"},{"taxonomy":"product_tag","embeddable":true,"href":"https:\/\/kindart.is\/en\/wp-json\/wp\/v2\/product_tag?post=5907"}],"curies":[{"name":"wp","href":"https:\/\/api.w.org\/{rel}","templated":true}]}}