{"id":5914,"date":"2022-10-29T13:24:31","date_gmt":"2022-10-29T13:24:31","guid":{"rendered":"https:\/\/kindart.is\/product\/ur-forum-thular\/"},"modified":"2022-10-29T13:24:31","modified_gmt":"2022-10-29T13:24:31","slug":"ur-forum-thular","status":"publish","type":"product","link":"https:\/\/kindart.is\/en\/vara\/ur-forum-thular\/","title":{"rendered":"\u00dar f\u00f3rum \u00feular"},"content":{"rendered":"<p><strong>\u00dar f\u00f3rum \u00feular<\/strong>. P\u00e9tur P\u00e9tursson g\u00e6gist \u00ed handra\u00f0ann. St\u00f3rfr\u00f3\u00f0leg og br\u00e1\u00f0skemmtileg b\u00f3k um \u00e6vint\u00fdri li\u00f0ins t\u00edma. B\u00f3kin er \u00ed forlagsbandi, albandi \u00ed br\u00fanu plastefni og gyllt \u00e1 kj\u00f6l me\u00f0 hl\u00edf\u00f0ark\u00e1pu. St\u00e6r\u00f0: 27.5 X 15 cm og 302 bls.<\/p>\n<p><strong>\u00datg\u00e1fa og prentun<\/strong>:<br \/>\nB\u00f3ka\u00fatg\u00e1fan H\u00f3lar. Akureyri 2001. \u00c1sprent\/Pob.<\/p>\n","protected":false},"excerpt":{"rendered":"<p>\u00dar f\u00f3rum \u00feular. P\u00e9tur P\u00e9tursson g\u00e6gist \u00ed handra\u00f0ann. St\u00f3rfr\u00f3\u00f0leg og br\u00e1\u00f0skemmtileg b\u00f3k um \u00e6vint\u00fdri li\u00f0ins t\u00edma. B\u00f3kin er \u00ed forlagsbandi, albandi \u00ed br\u00fanu plastefni og gyllt \u00e1 kj\u00f6l me\u00f0 hl\u00edf\u00f0ark\u00e1pu. St\u00e6r\u00f0: 27.5 X 15 cm og 302 bls. \u00datg\u00e1fa og prentun: B\u00f3ka\u00fatg\u00e1fan H\u00f3lar. Akureyri 2001. \u00c1sprent\/Pob.<\/p>\n","protected":false},"featured_media":5910,"template":"","meta":{"slim_seo":{"title":"\u00dar f\u00f3rum \u00feular - KindArt","description":"\u00dar f\u00f3rum \u00feular . P\u00e9tur P\u00e9tursson g\u00e6gist \u00ed handra\u00f0ann. St\u00f3rfr\u00f3\u00f0leg og br\u00e1\u00f0skemmtileg b\u00f3k um \u00e6vint\u00fdri li\u00f0ins t\u00edma. B\u00f3kin er \u00ed forlagsbandi, albandi \u00ed br\u00fanu plaste"}},"product_brand":[],"product_cat":[83],"product_tag":[],"class_list":{"0":"post-5914","1":"product","2":"type-product","3":"status-publish","4":"has-post-thumbnail","6":"product_cat-books","7":"product_shipping_class-small-en","9":"first","10":"instock","11":"sold-individually","12":"purchasable","13":"product-type-simple"},"_links":{"self":[{"href":"https:\/\/kindart.is\/en\/wp-json\/wp\/v2\/product\/5914","targetHints":{"allow":["GET"]}}],"collection":[{"href":"https:\/\/kindart.is\/en\/wp-json\/wp\/v2\/product"}],"about":[{"href":"https:\/\/kindart.is\/en\/wp-json\/wp\/v2\/types\/product"}],"wp:featuredmedia":[{"embeddable":true,"href":"https:\/\/kindart.is\/en\/wp-json\/wp\/v2\/media\/5910"}],"wp:attachment":[{"href":"https:\/\/kindart.is\/en\/wp-json\/wp\/v2\/media?parent=5914"}],"wp:term":[{"taxonomy":"product_brand","embeddable":true,"href":"https:\/\/kindart.is\/en\/wp-json\/wp\/v2\/product_brand?post=5914"},{"taxonomy":"product_cat","embeddable":true,"href":"https:\/\/kindart.is\/en\/wp-json\/wp\/v2\/product_cat?post=5914"},{"taxonomy":"product_tag","embeddable":true,"href":"https:\/\/kindart.is\/en\/wp-json\/wp\/v2\/product_tag?post=5914"}],"curies":[{"name":"wp","href":"https:\/\/api.w.org\/{rel}","templated":true}]}}