{"id":5937,"date":"2022-10-30T17:32:15","date_gmt":"2022-10-30T17:32:15","guid":{"rendered":"https:\/\/kindart.is\/?post_type=product&#038;p=5937"},"modified":"2023-05-14T15:38:46","modified_gmt":"2023-05-14T15:38:46","slug":"karl-kerling-og-bukolla-the-farmers-and-the-cow-30x90-cm","status":"publish","type":"product","link":"https:\/\/kindart.is\/en\/vara\/karl-kerling-og-bukolla-the-farmers-and-the-cow-30x90-cm\/","title":{"rendered":"Karl, kerling og B\u00fakolla \/ The farmers and the cow (30&#215;90 cm)"},"content":{"rendered":"<p>Akr\u00fdl \/ bl\u00f6ndu\u00f0 t\u00e6kni \u00e1 striga, 30&#215;90 cm<\/p>\n<p>Acrylic \/ mixed media on canvas, 30&#215;90 cm<\/p>\n<p>(2022)<\/p>\n","protected":false},"excerpt":{"rendered":"<p>Akr\u00fdl \/ bl\u00f6ndu\u00f0 t\u00e6kni \u00e1 striga, 30&#215;90 cm Acrylic \/ mixed media on canvas, 30&#215;90 cm (2022)<\/p>\n","protected":false},"featured_media":5938,"template":"","meta":{"slim_seo":{"title":"Karl, kerling og B\u00fakolla \/ The farmers and the cow (30x90 cm) - KindArt","description":"Akr\u00fdl \/ bl\u00f6ndu\u00f0 t\u00e6kni \u00e1 striga, 30x90 cm Acrylic \/ mixed media on canvas, 30x90 cm (2022)"}},"product_brand":[],"product_cat":[56],"product_tag":[],"class_list":{"0":"post-5937","1":"product","2":"type-product","3":"status-publish","4":"has-post-thumbnail","6":"product_cat-listaverk","7":"product_shipping_class-midlungs","9":"first","10":"instock","11":"purchasable","12":"product-type-simple"},"_links":{"self":[{"href":"https:\/\/kindart.is\/en\/wp-json\/wp\/v2\/product\/5937","targetHints":{"allow":["GET"]}}],"collection":[{"href":"https:\/\/kindart.is\/en\/wp-json\/wp\/v2\/product"}],"about":[{"href":"https:\/\/kindart.is\/en\/wp-json\/wp\/v2\/types\/product"}],"wp:featuredmedia":[{"embeddable":true,"href":"https:\/\/kindart.is\/en\/wp-json\/wp\/v2\/media\/5938"}],"wp:attachment":[{"href":"https:\/\/kindart.is\/en\/wp-json\/wp\/v2\/media?parent=5937"}],"wp:term":[{"taxonomy":"product_brand","embeddable":true,"href":"https:\/\/kindart.is\/en\/wp-json\/wp\/v2\/product_brand?post=5937"},{"taxonomy":"product_cat","embeddable":true,"href":"https:\/\/kindart.is\/en\/wp-json\/wp\/v2\/product_cat?post=5937"},{"taxonomy":"product_tag","embeddable":true,"href":"https:\/\/kindart.is\/en\/wp-json\/wp\/v2\/product_tag?post=5937"}],"curies":[{"name":"wp","href":"https:\/\/api.w.org\/{rel}","templated":true}]}}