{"id":5946,"date":"2022-10-31T19:23:47","date_gmt":"2022-10-31T19:23:47","guid":{"rendered":"https:\/\/kindart.is\/product\/fra-odrum-hnetti\/"},"modified":"2022-10-31T19:23:47","modified_gmt":"2022-10-31T19:23:47","slug":"fra-odrum-hnetti","status":"publish","type":"product","link":"https:\/\/kindart.is\/en\/vara\/fra-odrum-hnetti\/","title":{"rendered":"Fr\u00e1 \u00f6\u00f0rum hnetti"},"content":{"rendered":"<p><strong>Fr\u00e1 \u00f6\u00f0rum hnetti<\/strong>. Saga eftir \u00deorstein Stef\u00e1nsson. \u00deetta er fyrsta ska\u0301ldsaga \u00deorsteins (1912-2004), sem kom u\u0301t a\u0301 i\u0301slensku en hann var ska\u0301ld og ritho\u0308fundur, \u00e6tta\u00f0ur fra\u0301 Eyri i\u0301 Fa\u0301skru\u0301\u00f0sfir\u00f0i. Hann bjo\u0301 i\u0301 Danmo\u0308rku a\u0301 stri\u0301\u00f0sa\u0301runum og komu margar b\u00e6kur hans u\u0301t a\u0301 do\u0308nsku og fleiri tunguma\u0301lum. \u00deorsteinn fe\u0301kk bo\u0301kmenntaver\u00f0laun H.C. Andersen 1942 fyrir bo\u0301k si\u0301na Dalen, en bro\u0301\u00f0ir hans Fri\u00f0jo\u0301n Stefa\u0301nsson ritho\u0308fundur \u00fey\u0301ddi hana a\u0301 i\u0301slensku 1944. \u2013 Fr\u00e1 \u00f6\u00f0rum hnetti er v\u00edrheft b\u00f3k \u00ed kartonk\u00e1pu. St\u00e6r\u00f0: 19 X 13.2 cm. 44 bls.<\/p>\n<p><strong>\u00datg\u00e1fa og prentun<\/strong>:<br \/>\n\u00datgefanda ekki geti\u00f0. Reykjav\u00edk 1935. Prentsmi\u00f0jan Vi\u00f0ey 1935.<\/p>\n","protected":false},"excerpt":{"rendered":"<p>Fr\u00e1 \u00f6\u00f0rum hnetti. Saga eftir \u00deorstein Stef\u00e1nsson. \u00deetta er fyrsta ska\u0301ldsaga \u00deorsteins (1912-2004), sem kom u\u0301t a\u0301 i\u0301slensku en hann var ska\u0301ld og ritho\u0308fundur, \u00e6tta\u00f0ur fra\u0301 Eyri i\u0301 Fa\u0301skru\u0301\u00f0sfir\u00f0i. Hann bjo\u0301 i\u0301 Danmo\u0308rku a\u0301 stri\u0301\u00f0sa\u0301runum og komu margar b\u00e6kur hans u\u0301t a\u0301 do\u0308nsku og fleiri tunguma\u0301lum. \u00deorsteinn fe\u0301kk bo\u0301kmenntaver\u00f0laun H.C. Andersen 1942 fyrir bo\u0301k si\u0301na [&hellip;]<\/p>\n","protected":false},"featured_media":5944,"template":"","meta":{"slim_seo":{"title":"Fr\u00e1 \u00f6\u00f0rum hnetti - KindArt","description":"Fr\u00e1 \u00f6\u00f0rum hnetti . Saga eftir \u00deorstein Stef\u00e1nsson. \u00deetta er fyrsta ska\u0301ldsaga \u00deorsteins (1912-2004), sem kom u\u0301t a\u0301 i\u0301slensku en hann var ska\u0301ld og ritho\u0308fundur"}},"product_brand":[],"product_cat":[83],"product_tag":[],"class_list":{"0":"post-5946","1":"product","2":"type-product","3":"status-publish","4":"has-post-thumbnail","6":"product_cat-books","7":"product_shipping_class-small-en","9":"first","10":"outofstock","11":"sold-individually","12":"purchasable","13":"product-type-simple"},"_links":{"self":[{"href":"https:\/\/kindart.is\/en\/wp-json\/wp\/v2\/product\/5946","targetHints":{"allow":["GET"]}}],"collection":[{"href":"https:\/\/kindart.is\/en\/wp-json\/wp\/v2\/product"}],"about":[{"href":"https:\/\/kindart.is\/en\/wp-json\/wp\/v2\/types\/product"}],"wp:featuredmedia":[{"embeddable":true,"href":"https:\/\/kindart.is\/en\/wp-json\/wp\/v2\/media\/5944"}],"wp:attachment":[{"href":"https:\/\/kindart.is\/en\/wp-json\/wp\/v2\/media?parent=5946"}],"wp:term":[{"taxonomy":"product_brand","embeddable":true,"href":"https:\/\/kindart.is\/en\/wp-json\/wp\/v2\/product_brand?post=5946"},{"taxonomy":"product_cat","embeddable":true,"href":"https:\/\/kindart.is\/en\/wp-json\/wp\/v2\/product_cat?post=5946"},{"taxonomy":"product_tag","embeddable":true,"href":"https:\/\/kindart.is\/en\/wp-json\/wp\/v2\/product_tag?post=5946"}],"curies":[{"name":"wp","href":"https:\/\/api.w.org\/{rel}","templated":true}]}}