{"id":5951,"date":"2022-10-31T19:27:04","date_gmt":"2022-10-31T19:27:04","guid":{"rendered":"https:\/\/kindart.is\/product\/hveragerdisskaldin-1933-1974\/"},"modified":"2025-02-27T01:45:59","modified_gmt":"2025-02-27T01:45:59","slug":"hveragerdisskaldin-1933-1974","status":"publish","type":"product","link":"https:\/\/kindart.is\/en\/vara\/hveragerdisskaldin-1933-1974\/","title":{"rendered":"Hverager\u00f0issk\u00e1ldin 1933-1974"},"content":{"rendered":"<p><strong>Hverager\u00f0issk\u00e1ldin 1933-1974<\/strong> eftir Pjetur Hafstein L\u00e1russon. Hann skrifar \u00fear form\u00e1la, inngang og vi\u00f0tal er vi\u00f0 A\u00f0alstein Steind\u00f3rsson \u00ed Hverahvammi. \u00de\u00e1 skrifar hann um sk\u00e1ldin sem voru mest \u00e1berandi \u00ed Hverager\u00f0i \u00e1 \u00feessum \u00e1rum og birtir efni eftir \u00feau. B\u00f3kin er saumheft og sett \u00ed kartonk\u00e1pu og skorin. St\u00e6r\u00f0: 20.9 X 14.3 cm og 147 bls.<\/p>\n<p><strong>\u00datg\u00e1fa og prentun<\/strong>:<br \/>\n\u00datgefandi: Hverager\u00f0isb\u00e6r: Hverager\u00f0i 2004. Setning og prentun: Svartlist Hellu. B\u00f3kband: B\u00f3kavirki\u00f0 Reykjav\u00edk.<\/p>\n","protected":false},"excerpt":{"rendered":"<p>Hverager\u00f0issk\u00e1ldin 1933-1974 eftir Pjetur Hafstein L\u00e1russon. Hann skrifar \u00fear form\u00e1la, inngang og vi\u00f0tal er vi\u00f0 A\u00f0alstein Steind\u00f3rsson \u00ed Hverahvammi. \u00de\u00e1 skrifar hann um sk\u00e1ldin sem voru mest \u00e1berandi \u00ed Hverager\u00f0i \u00e1 \u00feessum \u00e1rum og birtir efni eftir \u00feau. B\u00f3kin er saumheft og sett \u00ed kartonk\u00e1pu og skorin. St\u00e6r\u00f0: 20.9 X 14.3 cm og 147 bls. [&hellip;]<\/p>\n","protected":false},"featured_media":5949,"template":"","meta":{"slim_seo":{"title":"Hverager\u00f0issk\u00e1ldin 1933-1974 - KindArt","description":"Hverager\u00f0issk\u00e1ldin 1933-1974 eftir Pjetur Hafstein L\u00e1russon. Hann skrifar \u00fear form\u00e1la, inngang og vi\u00f0tal er vi\u00f0 A\u00f0alstein Steind\u00f3rsson \u00ed Hverahvammi. \u00de\u00e1 skrifar"}},"product_brand":[],"product_cat":[83],"product_tag":[],"class_list":{"0":"post-5951","1":"product","2":"type-product","3":"status-publish","4":"has-post-thumbnail","6":"product_cat-books","7":"product_shipping_class-small-en","9":"first","10":"instock","11":"sold-individually","12":"purchasable","13":"product-type-simple"},"_links":{"self":[{"href":"https:\/\/kindart.is\/en\/wp-json\/wp\/v2\/product\/5951","targetHints":{"allow":["GET"]}}],"collection":[{"href":"https:\/\/kindart.is\/en\/wp-json\/wp\/v2\/product"}],"about":[{"href":"https:\/\/kindart.is\/en\/wp-json\/wp\/v2\/types\/product"}],"wp:featuredmedia":[{"embeddable":true,"href":"https:\/\/kindart.is\/en\/wp-json\/wp\/v2\/media\/5949"}],"wp:attachment":[{"href":"https:\/\/kindart.is\/en\/wp-json\/wp\/v2\/media?parent=5951"}],"wp:term":[{"taxonomy":"product_brand","embeddable":true,"href":"https:\/\/kindart.is\/en\/wp-json\/wp\/v2\/product_brand?post=5951"},{"taxonomy":"product_cat","embeddable":true,"href":"https:\/\/kindart.is\/en\/wp-json\/wp\/v2\/product_cat?post=5951"},{"taxonomy":"product_tag","embeddable":true,"href":"https:\/\/kindart.is\/en\/wp-json\/wp\/v2\/product_tag?post=5951"}],"curies":[{"name":"wp","href":"https:\/\/api.w.org\/{rel}","templated":true}]}}