{"id":5958,"date":"2022-10-31T19:30:50","date_gmt":"2022-10-31T19:30:50","guid":{"rendered":"https:\/\/kindart.is\/product\/ljosid-i-kotinu\/"},"modified":"2022-10-31T19:30:50","modified_gmt":"2022-10-31T19:30:50","slug":"ljosid-i-kotinu","status":"publish","type":"product","link":"https:\/\/kindart.is\/en\/vara\/ljosid-i-kotinu\/","title":{"rendered":"Lj\u00f3si\u00f0 \u00ed kotinu"},"content":{"rendered":"<p><strong>Lj\u00f3si\u00f0 \u00ed kotinu<\/strong>, sk\u00e1ldsaga eftir \u00d3skar A\u00f0alstein Gu\u00f0j\u00f3nsson, sem var \u00cdsfir\u00f0ingur og vitav\u00f6r\u00f0ur \u00e1 Galtarvita og \u00e1 Hornbjargi. B\u00f3kin er bundin \u00ed alband, shirting og gyllt \u00e1 kj\u00f6l. St\u00e6r\u00f0: 19.5 X 13 cm og 210 bls.<\/p>\n<p><strong>\u00datg\u00e1fa og prentun<\/strong>:<br \/>\n\u00datgefanda ekki geti\u00f0. \u00cdsafj\u00f6r\u00f0ur 1939. Prentstofan \u00cdsr\u00fan.<\/p>\n","protected":false},"excerpt":{"rendered":"<p>Lj\u00f3si\u00f0 \u00ed kotinu, sk\u00e1ldsaga eftir \u00d3skar A\u00f0alstein Gu\u00f0j\u00f3nsson, sem var \u00cdsfir\u00f0ingur og vitav\u00f6r\u00f0ur \u00e1 Galtarvita og \u00e1 Hornbjargi. B\u00f3kin er bundin \u00ed alband, shirting og gyllt \u00e1 kj\u00f6l. St\u00e6r\u00f0: 19.5 X 13 cm og 210 bls. \u00datg\u00e1fa og prentun: \u00datgefanda ekki geti\u00f0. \u00cdsafj\u00f6r\u00f0ur 1939. Prentstofan \u00cdsr\u00fan.<\/p>\n","protected":false},"featured_media":5954,"template":"","meta":{"slim_seo":{"title":"Lj\u00f3si\u00f0 \u00ed kotinu - KindArt","description":"Lj\u00f3si\u00f0 \u00ed kotinu , sk\u00e1ldsaga eftir \u00d3skar A\u00f0alstein Gu\u00f0j\u00f3nsson, sem var \u00cdsfir\u00f0ingur og vitav\u00f6r\u00f0ur \u00e1 Galtarvita og \u00e1 Hornbjargi. B\u00f3kin er bundin \u00ed alband, shirting"}},"product_brand":[],"product_cat":[83],"product_tag":[],"class_list":{"0":"post-5958","1":"product","2":"type-product","3":"status-publish","4":"has-post-thumbnail","6":"product_cat-books","7":"product_shipping_class-small-en","9":"first","10":"instock","11":"sold-individually","12":"purchasable","13":"product-type-simple"},"_links":{"self":[{"href":"https:\/\/kindart.is\/en\/wp-json\/wp\/v2\/product\/5958","targetHints":{"allow":["GET"]}}],"collection":[{"href":"https:\/\/kindart.is\/en\/wp-json\/wp\/v2\/product"}],"about":[{"href":"https:\/\/kindart.is\/en\/wp-json\/wp\/v2\/types\/product"}],"wp:featuredmedia":[{"embeddable":true,"href":"https:\/\/kindart.is\/en\/wp-json\/wp\/v2\/media\/5954"}],"wp:attachment":[{"href":"https:\/\/kindart.is\/en\/wp-json\/wp\/v2\/media?parent=5958"}],"wp:term":[{"taxonomy":"product_brand","embeddable":true,"href":"https:\/\/kindart.is\/en\/wp-json\/wp\/v2\/product_brand?post=5958"},{"taxonomy":"product_cat","embeddable":true,"href":"https:\/\/kindart.is\/en\/wp-json\/wp\/v2\/product_cat?post=5958"},{"taxonomy":"product_tag","embeddable":true,"href":"https:\/\/kindart.is\/en\/wp-json\/wp\/v2\/product_tag?post=5958"}],"curies":[{"name":"wp","href":"https:\/\/api.w.org\/{rel}","templated":true}]}}