{"id":5965,"date":"2022-10-31T19:34:55","date_gmt":"2022-10-31T19:34:55","guid":{"rendered":"https:\/\/kindart.is\/product\/tunglid-og-tieyringur\/"},"modified":"2022-10-31T19:34:55","modified_gmt":"2022-10-31T19:34:55","slug":"tunglid-og-tieyringur","status":"publish","type":"product","link":"https:\/\/kindart.is\/en\/vara\/tunglid-og-tieyringur\/","title":{"rendered":"Tungli\u00f0 og t\u00edeyringur"},"content":{"rendered":"<p><strong>Tungli\u00f0 og t\u00edeyringur<\/strong>, saga eftir W. Somerset Maugham. Karl \u00cdsfeld \u00edslenska\u00f0i.<br \/>\nB\u00f3kin er bundin \u00ed alband, shirting og gyllt \u00e1 kj\u00f6l og a\u00f0 framan. St\u00e6r\u00f0: 19 X 12.8 cm og 288 bls.<\/p>\n<p><strong>\u00datg\u00e1fa og prentun<\/strong>:<br \/>\nB\u00f3ka\u00fatg\u00e1fa Menningarsj\u00f3\u00f0s, Reykjav\u00edk 1947. Prentun: Prentsmi\u00f0ja Austurlands Sey\u00f0isfir\u00f0i.<\/p>\n","protected":false},"excerpt":{"rendered":"<p>Tungli\u00f0 og t\u00edeyringur, saga eftir W. Somerset Maugham. Karl \u00cdsfeld \u00edslenska\u00f0i. B\u00f3kin er bundin \u00ed alband, shirting og gyllt \u00e1 kj\u00f6l og a\u00f0 framan. St\u00e6r\u00f0: 19 X 12.8 cm og 288 bls. \u00datg\u00e1fa og prentun: B\u00f3ka\u00fatg\u00e1fa Menningarsj\u00f3\u00f0s, Reykjav\u00edk 1947. Prentun: Prentsmi\u00f0ja Austurlands Sey\u00f0isfir\u00f0i.<\/p>\n","protected":false},"featured_media":5961,"template":"","meta":{"slim_seo":{"title":"Tungli\u00f0 og t\u00edeyringur - KindArt","description":"Tungli\u00f0 og t\u00edeyringur , saga eftir W. Somerset Maugham. Karl \u00cdsfeld \u00edslenska\u00f0i. B\u00f3kin er bundin \u00ed alband, shirting og gyllt \u00e1 kj\u00f6l og a\u00f0 framan. St\u00e6r\u00f0: 19 X 12."}},"product_brand":[],"product_cat":[83],"product_tag":[],"class_list":{"0":"post-5965","1":"product","2":"type-product","3":"status-publish","4":"has-post-thumbnail","6":"product_cat-books","7":"product_shipping_class-small-en","9":"first","10":"instock","11":"sold-individually","12":"purchasable","13":"product-type-simple"},"_links":{"self":[{"href":"https:\/\/kindart.is\/en\/wp-json\/wp\/v2\/product\/5965","targetHints":{"allow":["GET"]}}],"collection":[{"href":"https:\/\/kindart.is\/en\/wp-json\/wp\/v2\/product"}],"about":[{"href":"https:\/\/kindart.is\/en\/wp-json\/wp\/v2\/types\/product"}],"wp:featuredmedia":[{"embeddable":true,"href":"https:\/\/kindart.is\/en\/wp-json\/wp\/v2\/media\/5961"}],"wp:attachment":[{"href":"https:\/\/kindart.is\/en\/wp-json\/wp\/v2\/media?parent=5965"}],"wp:term":[{"taxonomy":"product_brand","embeddable":true,"href":"https:\/\/kindart.is\/en\/wp-json\/wp\/v2\/product_brand?post=5965"},{"taxonomy":"product_cat","embeddable":true,"href":"https:\/\/kindart.is\/en\/wp-json\/wp\/v2\/product_cat?post=5965"},{"taxonomy":"product_tag","embeddable":true,"href":"https:\/\/kindart.is\/en\/wp-json\/wp\/v2\/product_tag?post=5965"}],"curies":[{"name":"wp","href":"https:\/\/api.w.org\/{rel}","templated":true}]}}