{"id":5974,"date":"2022-10-31T19:42:57","date_gmt":"2022-10-31T19:42:57","guid":{"rendered":"https:\/\/kindart.is\/product\/undrafuglinn\/"},"modified":"2024-12-04T12:49:27","modified_gmt":"2024-12-04T12:49:27","slug":"undrafuglinn","status":"publish","type":"product","link":"https:\/\/kindart.is\/en\/vara\/undrafuglinn\/","title":{"rendered":"Undrafuglinn"},"content":{"rendered":"<p><strong>Undrafuglinn<\/strong>. Gamankv\u00e6\u00f0i eftir Ivan Gammon (J\u00f3n Rafnsson). V\u00edrheftur p\u00e9si \u00ed kartonk\u00e1pu. Kv\u00e6\u00f0i, teikningar og sk\u00fdringar eftir J\u00f3n Rafnsson. St\u00e6r\u00f0:18.5 X 12.5 cm og 20 bls + 5 bls. augl\u00fdsingar.<\/p>\n<p><strong>\u00datg\u00e1fa og prentun<\/strong>:<br \/>\n\u00datgefanda ekki geti\u00f0. Vestmannaeyjum 1935. Prentsmi\u00f0jan D\u00f6gun, Reykjav\u00edk.<\/p>\n","protected":false},"excerpt":{"rendered":"<p>Undrafuglinn. Gamankv\u00e6\u00f0i eftir Ivan Gammon (J\u00f3n Rafnsson). V\u00edrheftur p\u00e9si \u00ed kartonk\u00e1pu. Kv\u00e6\u00f0i, teikningar og sk\u00fdringar eftir J\u00f3n Rafnsson. St\u00e6r\u00f0:18.5 X 12.5 cm og 20 bls + 5 bls. augl\u00fdsingar. \u00datg\u00e1fa og prentun: \u00datgefanda ekki geti\u00f0. Vestmannaeyjum 1935. Prentsmi\u00f0jan D\u00f6gun, Reykjav\u00edk.<\/p>\n","protected":false},"featured_media":5968,"template":"","meta":{"slim_seo":{"title":"Undrafuglinn - KindArt","description":"Undrafuglinn . Gamankv\u00e6\u00f0i eftir Ivan Gammon (J\u00f3n Rafnsson). V\u00edrheftur p\u00e9si \u00ed kartonk\u00e1pu. Kv\u00e6\u00f0i, teikningar og sk\u00fdringar eftir J\u00f3n Rafnsson. St\u00e6r\u00f0:18.5 X 12.5 cm"}},"product_brand":[],"product_cat":[83],"product_tag":[],"class_list":{"0":"post-5974","1":"product","2":"type-product","3":"status-publish","4":"has-post-thumbnail","6":"product_cat-books","7":"product_shipping_class-small-en","9":"first","10":"outofstock","11":"sold-individually","12":"purchasable","13":"product-type-simple"},"_links":{"self":[{"href":"https:\/\/kindart.is\/en\/wp-json\/wp\/v2\/product\/5974","targetHints":{"allow":["GET"]}}],"collection":[{"href":"https:\/\/kindart.is\/en\/wp-json\/wp\/v2\/product"}],"about":[{"href":"https:\/\/kindart.is\/en\/wp-json\/wp\/v2\/types\/product"}],"wp:featuredmedia":[{"embeddable":true,"href":"https:\/\/kindart.is\/en\/wp-json\/wp\/v2\/media\/5968"}],"wp:attachment":[{"href":"https:\/\/kindart.is\/en\/wp-json\/wp\/v2\/media?parent=5974"}],"wp:term":[{"taxonomy":"product_brand","embeddable":true,"href":"https:\/\/kindart.is\/en\/wp-json\/wp\/v2\/product_brand?post=5974"},{"taxonomy":"product_cat","embeddable":true,"href":"https:\/\/kindart.is\/en\/wp-json\/wp\/v2\/product_cat?post=5974"},{"taxonomy":"product_tag","embeddable":true,"href":"https:\/\/kindart.is\/en\/wp-json\/wp\/v2\/product_tag?post=5974"}],"curies":[{"name":"wp","href":"https:\/\/api.w.org\/{rel}","templated":true}]}}