{"id":5979,"date":"2022-11-01T17:29:48","date_gmt":"2022-11-01T17:29:48","guid":{"rendered":"https:\/\/kindart.is\/product\/votn-veidi\/"},"modified":"2022-11-01T17:29:48","modified_gmt":"2022-11-01T17:29:48","slug":"votn-veidi","status":"publish","type":"product","link":"https:\/\/kindart.is\/en\/vara\/votn-veidi\/","title":{"rendered":"V\u00f6tn &#038; vei\u00f0i"},"content":{"rendered":"<p><strong>V\u00f6tn &amp; vei\u00f0i<\/strong> \u2013 Stangvei\u00f0i 2008 \u00ed m\u00e1li og myndum eftir Gu\u00f0mund Gu\u00f0j\u00f3nsson. B\u00f3kin er saumheft \u00ed kartonk\u00e1pu. St\u00e6r\u00f0: 22.3 X 15.3 cm og 232 bls. me\u00f0 m\u00f6rgum myndum.<\/p>\n<p><strong>\u00datg\u00e1fa og prentun<\/strong>:<br \/>\n\u00datgefandi: Litr\u00f3f Reykjav\u00edk 2008. Prentvinnsla Litr\u00f3f, prentsmi\u00f0ja.<\/p>\n","protected":false},"excerpt":{"rendered":"<p>V\u00f6tn &amp; vei\u00f0i \u2013 Stangvei\u00f0i 2008 \u00ed m\u00e1li og myndum eftir Gu\u00f0mund Gu\u00f0j\u00f3nsson. B\u00f3kin er saumheft \u00ed kartonk\u00e1pu. St\u00e6r\u00f0: 22.3 X 15.3 cm og 232 bls. me\u00f0 m\u00f6rgum myndum. \u00datg\u00e1fa og prentun: \u00datgefandi: Litr\u00f3f Reykjav\u00edk 2008. Prentvinnsla Litr\u00f3f, prentsmi\u00f0ja.<\/p>\n","protected":false},"featured_media":5978,"template":"","meta":{"slim_seo":{"title":"V\u00f6tn & vei\u00f0i - KindArt","description":"V\u00f6tn &amp; vei\u00f0i \u2013 Stangvei\u00f0i 2008 \u00ed m\u00e1li og myndum eftir Gu\u00f0mund Gu\u00f0j\u00f3nsson. B\u00f3kin er saumheft \u00ed kartonk\u00e1pu. St\u00e6r\u00f0: 22.3 X 15.3 cm og 232 bls. me\u00f0 m\u00f6rgum myndu"}},"product_brand":[],"product_cat":[83],"product_tag":[],"class_list":{"0":"post-5979","1":"product","2":"type-product","3":"status-publish","4":"has-post-thumbnail","6":"product_cat-books","7":"product_shipping_class-small-en","9":"first","10":"instock","11":"sold-individually","12":"purchasable","13":"product-type-simple"},"_links":{"self":[{"href":"https:\/\/kindart.is\/en\/wp-json\/wp\/v2\/product\/5979","targetHints":{"allow":["GET"]}}],"collection":[{"href":"https:\/\/kindart.is\/en\/wp-json\/wp\/v2\/product"}],"about":[{"href":"https:\/\/kindart.is\/en\/wp-json\/wp\/v2\/types\/product"}],"wp:featuredmedia":[{"embeddable":true,"href":"https:\/\/kindart.is\/en\/wp-json\/wp\/v2\/media\/5978"}],"wp:attachment":[{"href":"https:\/\/kindart.is\/en\/wp-json\/wp\/v2\/media?parent=5979"}],"wp:term":[{"taxonomy":"product_brand","embeddable":true,"href":"https:\/\/kindart.is\/en\/wp-json\/wp\/v2\/product_brand?post=5979"},{"taxonomy":"product_cat","embeddable":true,"href":"https:\/\/kindart.is\/en\/wp-json\/wp\/v2\/product_cat?post=5979"},{"taxonomy":"product_tag","embeddable":true,"href":"https:\/\/kindart.is\/en\/wp-json\/wp\/v2\/product_tag?post=5979"}],"curies":[{"name":"wp","href":"https:\/\/api.w.org\/{rel}","templated":true}]}}