{"id":5987,"date":"2022-11-01T17:33:07","date_gmt":"2022-11-01T17:33:07","guid":{"rendered":"https:\/\/kindart.is\/product\/islenzkir-athafnamenn-i\/"},"modified":"2022-11-01T17:33:07","modified_gmt":"2022-11-01T17:33:07","slug":"islenzkir-athafnamenn-i","status":"publish","type":"product","link":"https:\/\/kindart.is\/en\/vara\/islenzkir-athafnamenn-i\/","title":{"rendered":"\u00cdslenzkir athafnamenn I"},"content":{"rendered":"<p><strong>\u00cdslenzkir athafnamenn I<\/strong>. Geir Zo\u00ebga kaupma\u00f0ur og \u00fatger\u00f0arma\u00f0ur. \u00c6fisaga hans, samin af Gils Gu\u00f0mundssyni. B\u00f3kin er bundin \u00ed br\u00fanan shirting og gyllt \u00e1 kj\u00f6l. St\u00e6r\u00f0: 22 X 14.5 cm og 205 bls.<\/p>\n<p><strong>\u00datg\u00e1fa og prentun<\/strong>:<br \/>\nAkraness\u00fatg\u00e1fan 1946, Hrappseyjarprent.<\/p>\n","protected":false},"excerpt":{"rendered":"<p>\u00cdslenzkir athafnamenn I. Geir Zo\u00ebga kaupma\u00f0ur og \u00fatger\u00f0arma\u00f0ur. \u00c6fisaga hans, samin af Gils Gu\u00f0mundssyni. B\u00f3kin er bundin \u00ed br\u00fanan shirting og gyllt \u00e1 kj\u00f6l. St\u00e6r\u00f0: 22 X 14.5 cm og 205 bls. \u00datg\u00e1fa og prentun: Akraness\u00fatg\u00e1fan 1946, Hrappseyjarprent.<\/p>\n","protected":false},"featured_media":5983,"template":"","meta":{"slim_seo":{"title":"\u00cdslenzkir athafnamenn I - KindArt","description":"\u00cdslenzkir athafnamenn I . Geir Zo\u00ebga kaupma\u00f0ur og \u00fatger\u00f0arma\u00f0ur. \u00c6fisaga hans, samin af Gils Gu\u00f0mundssyni. B\u00f3kin er bundin \u00ed br\u00fanan shirting og gyllt \u00e1 kj\u00f6l. St"}},"product_brand":[],"product_cat":[],"product_tag":[],"class_list":{"0":"post-5987","1":"product","2":"type-product","3":"status-publish","4":"has-post-thumbnail","7":"first","8":"instock","9":"sold-individually","10":"purchasable","11":"product-type-simple"},"_links":{"self":[{"href":"https:\/\/kindart.is\/en\/wp-json\/wp\/v2\/product\/5987","targetHints":{"allow":["GET"]}}],"collection":[{"href":"https:\/\/kindart.is\/en\/wp-json\/wp\/v2\/product"}],"about":[{"href":"https:\/\/kindart.is\/en\/wp-json\/wp\/v2\/types\/product"}],"wp:featuredmedia":[{"embeddable":true,"href":"https:\/\/kindart.is\/en\/wp-json\/wp\/v2\/media\/5983"}],"wp:attachment":[{"href":"https:\/\/kindart.is\/en\/wp-json\/wp\/v2\/media?parent=5987"}],"wp:term":[{"taxonomy":"product_brand","embeddable":true,"href":"https:\/\/kindart.is\/en\/wp-json\/wp\/v2\/product_brand?post=5987"},{"taxonomy":"product_cat","embeddable":true,"href":"https:\/\/kindart.is\/en\/wp-json\/wp\/v2\/product_cat?post=5987"},{"taxonomy":"product_tag","embeddable":true,"href":"https:\/\/kindart.is\/en\/wp-json\/wp\/v2\/product_tag?post=5987"}],"curies":[{"name":"wp","href":"https:\/\/api.w.org\/{rel}","templated":true}]}}