{"id":5996,"date":"2022-11-01T17:39:35","date_gmt":"2022-11-01T17:39:35","guid":{"rendered":"https:\/\/kindart.is\/product\/jorundur-hundadagakongur\/"},"modified":"2022-11-01T17:39:35","modified_gmt":"2022-11-01T17:39:35","slug":"jorundur-hundadagakongur","status":"publish","type":"product","link":"https:\/\/kindart.is\/en\/vara\/jorundur-hundadagakongur\/","title":{"rendered":"J\u00f6rundur hundadagak\u00f3ngur"},"content":{"rendered":"<p><strong>J\u00f6rundur hundadagak\u00f3ngur<\/strong> eftir Rhys Davies. \u00c6vint\u00fdri hans og \u00e6viraunir. Hersteinn P\u00e1lsson \u00edslenska\u00f0i. J\u00f6rundur var hneig\u00f0ur til ritstarfa og leggja eftir hann nokkrar prenta\u00f0ar b\u00e6kur og fj\u00f6ldi handrita. St\u00e6r\u00f0: 25.2 X 18.7 cm og 280 bls. Hl\u00edf\u00f0ark\u00e1pa me\u00f0 mynd eftir Atla M\u00e1.<\/p>\n<p><strong>\u00datg\u00e1fa og prentun<\/strong>:<br \/>\nB\u00f3kfells\u00fatg\u00e1fan Reykjav\u00edk 1943. Prentverk Akraness.<\/p>\n","protected":false},"excerpt":{"rendered":"<p>J\u00f6rundur hundadagak\u00f3ngur eftir Rhys Davies. \u00c6vint\u00fdri hans og \u00e6viraunir. Hersteinn P\u00e1lsson \u00edslenska\u00f0i. J\u00f6rundur var hneig\u00f0ur til ritstarfa og leggja eftir hann nokkrar prenta\u00f0ar b\u00e6kur og fj\u00f6ldi handrita. St\u00e6r\u00f0: 25.2 X 18.7 cm og 280 bls. Hl\u00edf\u00f0ark\u00e1pa me\u00f0 mynd eftir Atla M\u00e1. \u00datg\u00e1fa og prentun: B\u00f3kfells\u00fatg\u00e1fan Reykjav\u00edk 1943. Prentverk Akraness.<\/p>\n","protected":false},"featured_media":5990,"template":"","meta":{"slim_seo":{"title":"J\u00f6rundur hundadagak\u00f3ngur - KindArt","description":"J\u00f6rundur hundadagak\u00f3ngur eftir Rhys Davies. \u00c6vint\u00fdri hans og \u00e6viraunir. Hersteinn P\u00e1lsson \u00edslenska\u00f0i. J\u00f6rundur var hneig\u00f0ur til ritstarfa og leggja eftir hann n"}},"product_brand":[],"product_cat":[83],"product_tag":[],"class_list":{"0":"post-5996","1":"product","2":"type-product","3":"status-publish","4":"has-post-thumbnail","6":"product_cat-books","7":"product_shipping_class-small-en","9":"first","10":"instock","11":"sold-individually","12":"purchasable","13":"product-type-simple"},"_links":{"self":[{"href":"https:\/\/kindart.is\/en\/wp-json\/wp\/v2\/product\/5996","targetHints":{"allow":["GET"]}}],"collection":[{"href":"https:\/\/kindart.is\/en\/wp-json\/wp\/v2\/product"}],"about":[{"href":"https:\/\/kindart.is\/en\/wp-json\/wp\/v2\/types\/product"}],"wp:featuredmedia":[{"embeddable":true,"href":"https:\/\/kindart.is\/en\/wp-json\/wp\/v2\/media\/5990"}],"wp:attachment":[{"href":"https:\/\/kindart.is\/en\/wp-json\/wp\/v2\/media?parent=5996"}],"wp:term":[{"taxonomy":"product_brand","embeddable":true,"href":"https:\/\/kindart.is\/en\/wp-json\/wp\/v2\/product_brand?post=5996"},{"taxonomy":"product_cat","embeddable":true,"href":"https:\/\/kindart.is\/en\/wp-json\/wp\/v2\/product_cat?post=5996"},{"taxonomy":"product_tag","embeddable":true,"href":"https:\/\/kindart.is\/en\/wp-json\/wp\/v2\/product_tag?post=5996"}],"curies":[{"name":"wp","href":"https:\/\/api.w.org\/{rel}","templated":true}]}}