{"id":6003,"date":"2022-11-01T17:42:55","date_gmt":"2022-11-01T17:42:55","guid":{"rendered":"https:\/\/kindart.is\/product\/um-islenzkar-bokmenntir\/"},"modified":"2022-11-01T17:42:55","modified_gmt":"2022-11-01T17:42:55","slug":"um-islenzkar-bokmenntir","status":"publish","type":"product","link":"https:\/\/kindart.is\/en\/vara\/um-islenzkar-bokmenntir\/","title":{"rendered":"Um \u00edslenzkar b\u00f3kmenntir"},"content":{"rendered":"<p><strong>Um \u00edslenzkar b\u00f3kmenntir<\/strong>. Ritger\u00f0ir I eftir Kristinn E. Andr\u00e9sson. Sigf\u00fas Da\u00f0ason bj\u00f3 til prentunar og skrifar form\u00e1la. B\u00f3kin er bundin \u00ed forlagsband. Gr\u00e6n skinneftirl\u00edking \u00far plasti \u00e1 kili og kl\u00e6dd me\u00f0 gr\u00e1um f\u00edlapapp\u00edr \u00e1 spj\u00f6ldum. St\u00e6r\u00f0: 21.8 X 14 cm og 282 bls.<\/p>\n<p><strong>\u00datg\u00e1fa og prentun<\/strong>:<br \/>\nM\u00e1l og menning, Reykjav\u00edk 1976. Prentsmi\u00f0jan H\u00f3lar Seltjarnarnesi.<\/p>\n","protected":false},"excerpt":{"rendered":"<p>Um \u00edslenzkar b\u00f3kmenntir. Ritger\u00f0ir I eftir Kristinn E. Andr\u00e9sson. Sigf\u00fas Da\u00f0ason bj\u00f3 til prentunar og skrifar form\u00e1la. B\u00f3kin er bundin \u00ed forlagsband. Gr\u00e6n skinneftirl\u00edking \u00far plasti \u00e1 kili og kl\u00e6dd me\u00f0 gr\u00e1um f\u00edlapapp\u00edr \u00e1 spj\u00f6ldum. St\u00e6r\u00f0: 21.8 X 14 cm og 282 bls. \u00datg\u00e1fa og prentun: M\u00e1l og menning, Reykjav\u00edk 1976. Prentsmi\u00f0jan H\u00f3lar Seltjarnarnesi.<\/p>\n","protected":false},"featured_media":5999,"template":"","meta":{"slim_seo":{"title":"Um \u00edslenzkar b\u00f3kmenntir - KindArt","description":"Um \u00edslenzkar b\u00f3kmenntir . Ritger\u00f0ir I eftir Kristinn E. Andr\u00e9sson. Sigf\u00fas Da\u00f0ason bj\u00f3 til prentunar og skrifar form\u00e1la. B\u00f3kin er bundin \u00ed forlagsband. Gr\u00e6n skin"}},"product_brand":[],"product_cat":[83],"product_tag":[],"class_list":{"0":"post-6003","1":"product","2":"type-product","3":"status-publish","4":"has-post-thumbnail","6":"product_cat-books","7":"product_shipping_class-small-en","9":"first","10":"instock","11":"sold-individually","12":"purchasable","13":"product-type-simple"},"_links":{"self":[{"href":"https:\/\/kindart.is\/en\/wp-json\/wp\/v2\/product\/6003","targetHints":{"allow":["GET"]}}],"collection":[{"href":"https:\/\/kindart.is\/en\/wp-json\/wp\/v2\/product"}],"about":[{"href":"https:\/\/kindart.is\/en\/wp-json\/wp\/v2\/types\/product"}],"wp:featuredmedia":[{"embeddable":true,"href":"https:\/\/kindart.is\/en\/wp-json\/wp\/v2\/media\/5999"}],"wp:attachment":[{"href":"https:\/\/kindart.is\/en\/wp-json\/wp\/v2\/media?parent=6003"}],"wp:term":[{"taxonomy":"product_brand","embeddable":true,"href":"https:\/\/kindart.is\/en\/wp-json\/wp\/v2\/product_brand?post=6003"},{"taxonomy":"product_cat","embeddable":true,"href":"https:\/\/kindart.is\/en\/wp-json\/wp\/v2\/product_cat?post=6003"},{"taxonomy":"product_tag","embeddable":true,"href":"https:\/\/kindart.is\/en\/wp-json\/wp\/v2\/product_tag?post=6003"}],"curies":[{"name":"wp","href":"https:\/\/api.w.org\/{rel}","templated":true}]}}