{"id":6010,"date":"2022-11-01T17:48:38","date_gmt":"2022-11-01T17:48:38","guid":{"rendered":"https:\/\/kindart.is\/product\/kapitola-i\/"},"modified":"2022-11-01T17:49:32","modified_gmt":"2022-11-01T17:49:32","slug":"kapitola-i","status":"publish","type":"product","link":"https:\/\/kindart.is\/en\/vara\/kapitola-i\/","title":{"rendered":"Kapitola I"},"content":{"rendered":"<p><strong>Kapitola<\/strong>. Fyrra bindi sk\u00e1lds\u00f6gu eftir E.D.E.N. Southworth (1819-1899). Eggert J\u00f3hannsson \u00fe\u00fdddi. Southworth var bandar\u00edsk sk\u00e1ldkona sem samdi um \u00fea\u00f0 bil 60 sk\u00e1lds\u00f6gur \u00e1 seinni hluta 19. aldar. B\u00f3kin er bundin \u00ed shirting, alband og gyllt \u00e1 kj\u00f6l.<\/p>\n<p><strong>\u00datg\u00e1fa og prentun<\/strong>:<br \/>\n\u00datg\u00e1fan Lampinn Reykjav\u00edk [1942]. Prentsmi\u00f0ja Vilhj\u00e1lms S. J\u00f3hannssonar, Skerjafir\u00f0i.<\/p>\n","protected":false},"excerpt":{"rendered":"<p>Kapitola. Fyrra bindi sk\u00e1lds\u00f6gu eftir E.D.E.N. Southworth (1819-1899). Eggert J\u00f3hannsson \u00fe\u00fdddi. Southworth var bandar\u00edsk sk\u00e1ldkona sem samdi um \u00fea\u00f0 bil 60 sk\u00e1lds\u00f6gur \u00e1 seinni hluta 19. aldar. B\u00f3kin er bundin \u00ed shirting, alband og gyllt \u00e1 kj\u00f6l. \u00datg\u00e1fa og prentun: \u00datg\u00e1fan Lampinn Reykjav\u00edk [1942]. Prentsmi\u00f0ja Vilhj\u00e1lms S. J\u00f3hannssonar, Skerjafir\u00f0i.<\/p>\n","protected":false},"featured_media":6006,"template":"","meta":{"slim_seo":{"title":"Kapitola I - KindArt","description":"Kapitola . Fyrra bindi sk\u00e1lds\u00f6gu eftir E.D.E.N. Southworth (1819-1899). Eggert J\u00f3hannsson \u00fe\u00fdddi. Southworth var bandar\u00edsk sk\u00e1ldkona sem samdi um \u00fea\u00f0 bil 60 sk\u00e1l"}},"product_brand":[],"product_cat":[83],"product_tag":[],"class_list":{"0":"post-6010","1":"product","2":"type-product","3":"status-publish","4":"has-post-thumbnail","6":"product_cat-books","7":"product_shipping_class-small-en","9":"first","10":"instock","11":"sold-individually","12":"purchasable","13":"product-type-simple"},"_links":{"self":[{"href":"https:\/\/kindart.is\/en\/wp-json\/wp\/v2\/product\/6010","targetHints":{"allow":["GET"]}}],"collection":[{"href":"https:\/\/kindart.is\/en\/wp-json\/wp\/v2\/product"}],"about":[{"href":"https:\/\/kindart.is\/en\/wp-json\/wp\/v2\/types\/product"}],"wp:featuredmedia":[{"embeddable":true,"href":"https:\/\/kindart.is\/en\/wp-json\/wp\/v2\/media\/6006"}],"wp:attachment":[{"href":"https:\/\/kindart.is\/en\/wp-json\/wp\/v2\/media?parent=6010"}],"wp:term":[{"taxonomy":"product_brand","embeddable":true,"href":"https:\/\/kindart.is\/en\/wp-json\/wp\/v2\/product_brand?post=6010"},{"taxonomy":"product_cat","embeddable":true,"href":"https:\/\/kindart.is\/en\/wp-json\/wp\/v2\/product_cat?post=6010"},{"taxonomy":"product_tag","embeddable":true,"href":"https:\/\/kindart.is\/en\/wp-json\/wp\/v2\/product_tag?post=6010"}],"curies":[{"name":"wp","href":"https:\/\/api.w.org\/{rel}","templated":true}]}}