{"id":6013,"date":"2022-11-03T18:11:23","date_gmt":"2022-11-03T18:11:23","guid":{"rendered":"https:\/\/kindart.is\/?post_type=product&#038;p=6013"},"modified":"2023-05-14T15:38:25","modified_gmt":"2023-05-14T15:38:25","slug":"maddama-i-madam-i-35x45-cm","status":"publish","type":"product","link":"https:\/\/kindart.is\/en\/vara\/maddama-i-madam-i-35x45-cm\/","title":{"rendered":"Maddama I \/ Madam I (35&#215;45 cm)"},"content":{"rendered":"<p>Akr\u00fdl \/ bl\u00f6ndu\u00f0 t\u00e6kni \u00e1 striga, 35&#215;45 cm<\/p>\n<p>Acrylic \/ mixed media on canvas, 35&#215;45 cm<\/p>\n<p>(2022)<\/p>\n","protected":false},"excerpt":{"rendered":"<p>Akr\u00fdl \/ bl\u00f6ndu\u00f0 t\u00e6kni \u00e1 striga, 35&#215;45 cm Acrylic \/ mixed media on canvas, 35&#215;45 cm (2022)<\/p>\n","protected":false},"featured_media":6014,"template":"","meta":{"slim_seo":{"title":"Maddama I \/ Madam I (35x45 cm) - KindArt","description":"Akr\u00fdl \/ bl\u00f6ndu\u00f0 t\u00e6kni \u00e1 striga, 35x45 cm Acrylic \/ mixed media on canvas, 35x45 cm (2022)"}},"product_brand":[],"product_cat":[56],"product_tag":[],"class_list":{"0":"post-6013","1":"product","2":"type-product","3":"status-publish","4":"has-post-thumbnail","6":"product_cat-listaverk","7":"product_shipping_class-litill","9":"first","10":"instock","11":"purchasable","12":"product-type-simple"},"_links":{"self":[{"href":"https:\/\/kindart.is\/en\/wp-json\/wp\/v2\/product\/6013","targetHints":{"allow":["GET"]}}],"collection":[{"href":"https:\/\/kindart.is\/en\/wp-json\/wp\/v2\/product"}],"about":[{"href":"https:\/\/kindart.is\/en\/wp-json\/wp\/v2\/types\/product"}],"wp:featuredmedia":[{"embeddable":true,"href":"https:\/\/kindart.is\/en\/wp-json\/wp\/v2\/media\/6014"}],"wp:attachment":[{"href":"https:\/\/kindart.is\/en\/wp-json\/wp\/v2\/media?parent=6013"}],"wp:term":[{"taxonomy":"product_brand","embeddable":true,"href":"https:\/\/kindart.is\/en\/wp-json\/wp\/v2\/product_brand?post=6013"},{"taxonomy":"product_cat","embeddable":true,"href":"https:\/\/kindart.is\/en\/wp-json\/wp\/v2\/product_cat?post=6013"},{"taxonomy":"product_tag","embeddable":true,"href":"https:\/\/kindart.is\/en\/wp-json\/wp\/v2\/product_tag?post=6013"}],"curies":[{"name":"wp","href":"https:\/\/api.w.org\/{rel}","templated":true}]}}