{"id":6017,"date":"2022-11-03T18:24:12","date_gmt":"2022-11-03T18:24:12","guid":{"rendered":"https:\/\/kindart.is\/?post_type=product&#038;p=6017"},"modified":"2023-09-08T17:18:28","modified_gmt":"2023-09-08T17:18:28","slug":"maddama-ii-madam-ii-23x30-cm","status":"publish","type":"product","link":"https:\/\/kindart.is\/en\/vara\/maddama-ii-madam-ii-23x30-cm\/","title":{"rendered":"Maddama II \/ Madam II (23&#215;30 cm)"},"content":{"rendered":"<p>Akr\u00fdl \/ bl\u00f6ndu\u00f0 t\u00e6kni \u00e1 striga, 23&#215;30 cm<\/p>\n<p>Akrylic \/ mixed media on canvas, 23&#215;30 cm<\/p>\n<p>(2022)<\/p>\n","protected":false},"excerpt":{"rendered":"<p>Akr\u00fdl \/ bl\u00f6ndu\u00f0 t\u00e6kni \u00e1 striga, 23&#215;30 cm Akrylic \/ mixed media on canvas, 23&#215;30 cm (2022)<\/p>\n","protected":false},"featured_media":6018,"template":"","meta":{"slim_seo":{"title":"Maddama II \/ Madam II (23x30 cm) - KindArt","description":"Akr\u00fdl \/ bl\u00f6ndu\u00f0 t\u00e6kni \u00e1 striga, 23x30 cm Akrylic \/ mixed media on canvas, 23x30 cm (2022)"}},"product_brand":[],"product_cat":[56],"product_tag":[],"class_list":{"0":"post-6017","1":"product","2":"type-product","3":"status-publish","4":"has-post-thumbnail","6":"product_cat-listaverk","7":"product_shipping_class-litill","9":"first","10":"instock","11":"purchasable","12":"product-type-simple"},"_links":{"self":[{"href":"https:\/\/kindart.is\/en\/wp-json\/wp\/v2\/product\/6017","targetHints":{"allow":["GET"]}}],"collection":[{"href":"https:\/\/kindart.is\/en\/wp-json\/wp\/v2\/product"}],"about":[{"href":"https:\/\/kindart.is\/en\/wp-json\/wp\/v2\/types\/product"}],"wp:featuredmedia":[{"embeddable":true,"href":"https:\/\/kindart.is\/en\/wp-json\/wp\/v2\/media\/6018"}],"wp:attachment":[{"href":"https:\/\/kindart.is\/en\/wp-json\/wp\/v2\/media?parent=6017"}],"wp:term":[{"taxonomy":"product_brand","embeddable":true,"href":"https:\/\/kindart.is\/en\/wp-json\/wp\/v2\/product_brand?post=6017"},{"taxonomy":"product_cat","embeddable":true,"href":"https:\/\/kindart.is\/en\/wp-json\/wp\/v2\/product_cat?post=6017"},{"taxonomy":"product_tag","embeddable":true,"href":"https:\/\/kindart.is\/en\/wp-json\/wp\/v2\/product_tag?post=6017"}],"curies":[{"name":"wp","href":"https:\/\/api.w.org\/{rel}","templated":true}]}}