{"id":6035,"date":"2022-12-13T15:32:49","date_gmt":"2022-12-13T15:32:49","guid":{"rendered":"https:\/\/kindart.is\/product\/gleymd-ljod\/"},"modified":"2022-12-13T15:32:49","modified_gmt":"2022-12-13T15:32:49","slug":"gleymd-ljod","status":"publish","type":"product","link":"https:\/\/kindart.is\/en\/vara\/gleymd-ljod\/","title":{"rendered":"Gleymd lj\u00f3\u00f0"},"content":{"rendered":"<p><strong>Gleymd lj\u00f3\u00f0<\/strong> eftir s\u00e9ra \u00c1rel\u00edus N\u00edelsson. B\u00f3kin er saumheft og sett \u00ed kartonk\u00e1pu og skorin. St\u00e6r\u00f0: 21 X 13.8 cm og 87 bls.<\/p>\n<p><strong>\u00datg\u00e1fa og prentun<\/strong>:<br \/>\n\u00datgefandi: Stef\u00e1n Tryggvason, Reykjav\u00edk 1980. Hagprent.<\/p>\n","protected":false},"excerpt":{"rendered":"<p>Gleymd lj\u00f3\u00f0 eftir s\u00e9ra \u00c1rel\u00edus N\u00edelsson. B\u00f3kin er saumheft og sett \u00ed kartonk\u00e1pu og skorin. St\u00e6r\u00f0: 21 X 13.8 cm og 87 bls. \u00datg\u00e1fa og prentun: \u00datgefandi: Stef\u00e1n Tryggvason, Reykjav\u00edk 1980. Hagprent.<\/p>\n","protected":false},"featured_media":6031,"template":"","meta":{"slim_seo":{"title":"Gleymd lj\u00f3\u00f0 - KindArt","description":"Gleymd lj\u00f3\u00f0 eftir s\u00e9ra \u00c1rel\u00edus N\u00edelsson. B\u00f3kin er saumheft og sett \u00ed kartonk\u00e1pu og skorin. St\u00e6r\u00f0: 21 X 13.8 cm og 87 bls. \u00datg\u00e1fa og prentun : \u00datgefandi: Stef\u00e1n"}},"product_brand":[],"product_cat":[83],"product_tag":[],"class_list":{"0":"post-6035","1":"product","2":"type-product","3":"status-publish","4":"has-post-thumbnail","6":"product_cat-books","7":"product_shipping_class-small-en","9":"first","10":"instock","11":"purchasable","12":"product-type-simple"},"_links":{"self":[{"href":"https:\/\/kindart.is\/en\/wp-json\/wp\/v2\/product\/6035","targetHints":{"allow":["GET"]}}],"collection":[{"href":"https:\/\/kindart.is\/en\/wp-json\/wp\/v2\/product"}],"about":[{"href":"https:\/\/kindart.is\/en\/wp-json\/wp\/v2\/types\/product"}],"wp:featuredmedia":[{"embeddable":true,"href":"https:\/\/kindart.is\/en\/wp-json\/wp\/v2\/media\/6031"}],"wp:attachment":[{"href":"https:\/\/kindart.is\/en\/wp-json\/wp\/v2\/media?parent=6035"}],"wp:term":[{"taxonomy":"product_brand","embeddable":true,"href":"https:\/\/kindart.is\/en\/wp-json\/wp\/v2\/product_brand?post=6035"},{"taxonomy":"product_cat","embeddable":true,"href":"https:\/\/kindart.is\/en\/wp-json\/wp\/v2\/product_cat?post=6035"},{"taxonomy":"product_tag","embeddable":true,"href":"https:\/\/kindart.is\/en\/wp-json\/wp\/v2\/product_tag?post=6035"}],"curies":[{"name":"wp","href":"https:\/\/api.w.org\/{rel}","templated":true}]}}