{"id":6040,"date":"2022-12-13T15:37:16","date_gmt":"2022-12-13T15:37:16","guid":{"rendered":"https:\/\/kindart.is\/product\/hinn-fordaemdi\/"},"modified":"2022-12-14T14:01:54","modified_gmt":"2022-12-14T14:01:54","slug":"hinn-fordaemdi","status":"publish","type":"product","link":"https:\/\/kindart.is\/en\/vara\/hinn-fordaemdi\/","title":{"rendered":"Hinn ford\u00e6mdi"},"content":{"rendered":"<p><strong>Hinn ford\u00e6mdi<\/strong> eftir Kristj\u00e1n Bender. Bibl\u00edusaga er gerist \u00e1 fimm d\u00e6grum eftir krossfestinguna. B\u00f3kin er bundin \u00ed bandi\u00f0 sem Hafsteinn Gu\u00f0mundsson teikna\u00f0i og hanna\u00f0i fyrir \u00feennan b\u00f3kaflokk. Bl\u00e1r shirtingur \u00e1 kj\u00f6l me\u00f0 rau\u00f0um feldum og s\u00e9rteiknu\u00f0 kl\u00e6\u00f0ning \u00e1 spj\u00f6ldum. St\u00e6r\u00f0: 18.8 X 11.8 cm og 102 bls.<\/p>\n<p><strong>\u00datg\u00e1fa og prentun<\/strong>:<br \/>\nHeimskringla, Reykjav\u00edk 1955. Fj\u00f3r\u00f0i b\u00f3kaflokkur M\u00e1ls og menningar 4. b\u00f3k. Prentsmi\u00f0jan H\u00f3lar.<\/p>\n","protected":false},"excerpt":{"rendered":"<p>Hinn ford\u00e6mdi eftir Kristj\u00e1n Bender. Bibl\u00edusaga er gerist \u00e1 fimm d\u00e6grum eftir krossfestinguna. B\u00f3kin er bundin \u00ed bandi\u00f0 sem Hafsteinn Gu\u00f0mundsson teikna\u00f0i og hanna\u00f0i fyrir \u00feennan b\u00f3kaflokk. Bl\u00e1r shirtingur \u00e1 kj\u00f6l me\u00f0 rau\u00f0um feldum og s\u00e9rteiknu\u00f0 kl\u00e6\u00f0ning \u00e1 spj\u00f6ldum. St\u00e6r\u00f0: 18.8 X 11.8 cm og 102 bls. \u00datg\u00e1fa og prentun: Heimskringla, Reykjav\u00edk 1955. Fj\u00f3r\u00f0i b\u00f3kaflokkur [&hellip;]<\/p>\n","protected":false},"featured_media":6103,"template":"","meta":{"slim_seo":{"title":"Hinn ford\u00e6mdi - KindArt","description":"Hinn ford\u00e6mdi eftir Kristj\u00e1n Bender. Bibl\u00edusaga er gerist \u00e1 fimm d\u00e6grum eftir krossfestinguna. B\u00f3kin er bundin \u00ed bandi\u00f0 sem Hafsteinn Gu\u00f0mundsson teikna\u00f0i og ha"}},"product_brand":[],"product_cat":[83],"product_tag":[],"class_list":{"0":"post-6040","1":"product","2":"type-product","3":"status-publish","4":"has-post-thumbnail","6":"product_cat-books","7":"product_shipping_class-small-en","9":"first","10":"outofstock","11":"purchasable","12":"product-type-simple"},"_links":{"self":[{"href":"https:\/\/kindart.is\/en\/wp-json\/wp\/v2\/product\/6040","targetHints":{"allow":["GET"]}}],"collection":[{"href":"https:\/\/kindart.is\/en\/wp-json\/wp\/v2\/product"}],"about":[{"href":"https:\/\/kindart.is\/en\/wp-json\/wp\/v2\/types\/product"}],"wp:featuredmedia":[{"embeddable":true,"href":"https:\/\/kindart.is\/en\/wp-json\/wp\/v2\/media\/6103"}],"wp:attachment":[{"href":"https:\/\/kindart.is\/en\/wp-json\/wp\/v2\/media?parent=6040"}],"wp:term":[{"taxonomy":"product_brand","embeddable":true,"href":"https:\/\/kindart.is\/en\/wp-json\/wp\/v2\/product_brand?post=6040"},{"taxonomy":"product_cat","embeddable":true,"href":"https:\/\/kindart.is\/en\/wp-json\/wp\/v2\/product_cat?post=6040"},{"taxonomy":"product_tag","embeddable":true,"href":"https:\/\/kindart.is\/en\/wp-json\/wp\/v2\/product_tag?post=6040"}],"curies":[{"name":"wp","href":"https:\/\/api.w.org\/{rel}","templated":true}]}}