{"id":6047,"date":"2022-12-13T15:41:37","date_gmt":"2022-12-13T15:41:37","guid":{"rendered":"https:\/\/kindart.is\/product\/islenzkir-athafnamenn-i-2\/"},"modified":"2022-12-13T15:41:37","modified_gmt":"2022-12-13T15:41:37","slug":"islenzkir-athafnamenn-i-2","status":"publish","type":"product","link":"https:\/\/kindart.is\/en\/vara\/islenzkir-athafnamenn-i-2\/","title":{"rendered":"\u00cdslenzkir athafnamenn I"},"content":{"rendered":"<p><strong>\u00cdslenzkir athafnamenn I<\/strong>. Geir Zoega, kaupma\u00f0ur og \u00fatger\u00f0arma\u00f0ur. \u00c6fisaga hans samin af Gils Gu\u00f0mundssyni. Sagan haf\u00f0i komi\u00f0 sm\u00e1tt og sm\u00e1tt \u00fat \u00ed bla\u00f0inu \u201eAkranes\u201c og \u00e6tlunin var a\u00f0 s\u00e1 h\u00e1ttur yr\u00f0i haf\u00f0ur \u00e1 og fleiri menn teknir fyrir \u00ed framhaldinu. B\u00f3kin er 22 X 14.5 cm a\u00f0 st\u00e6r\u00f0 og 205 bls. H\u00fan er bundin \u00ed alband, shirting. Mynd af Geir Zoega \u00e1 m\u00f3ti titils\u00ed\u00f0u, en b\u00f3kin er k\u00e1pulaus.<\/p>\n<p><strong>\u00datg\u00e1fa og prentun<\/strong>:<br \/>\n\u00d3lafur B. Bj\u00f6rnsson, Akranes\u00fatg\u00e1fan 1946. Hrappseyjarprent.<\/p>\n","protected":false},"excerpt":{"rendered":"<p>\u00cdslenzkir athafnamenn I. Geir Zoega, kaupma\u00f0ur og \u00fatger\u00f0arma\u00f0ur. \u00c6fisaga hans samin af Gils Gu\u00f0mundssyni. Sagan haf\u00f0i komi\u00f0 sm\u00e1tt og sm\u00e1tt \u00fat \u00ed bla\u00f0inu \u201eAkranes\u201c og \u00e6tlunin var a\u00f0 s\u00e1 h\u00e1ttur yr\u00f0i haf\u00f0ur \u00e1 og fleiri menn teknir fyrir \u00ed framhaldinu. B\u00f3kin er 22 X 14.5 cm a\u00f0 st\u00e6r\u00f0 og 205 bls. H\u00fan er bundin \u00ed [&hellip;]<\/p>\n","protected":false},"featured_media":6043,"template":"","meta":{"slim_seo":{"title":"\u00cdslenzkir athafnamenn I - KindArt","description":"\u00cdslenzkir athafnamenn I . Geir Zoega, kaupma\u00f0ur og \u00fatger\u00f0arma\u00f0ur. \u00c6fisaga hans samin af Gils Gu\u00f0mundssyni. Sagan haf\u00f0i komi\u00f0 sm\u00e1tt og sm\u00e1tt \u00fat \u00ed bla\u00f0inu \u201eAkrane"}},"product_brand":[],"product_cat":[83],"product_tag":[],"class_list":{"0":"post-6047","1":"product","2":"type-product","3":"status-publish","4":"has-post-thumbnail","6":"product_cat-books","7":"product_shipping_class-small-en","9":"first","10":"instock","11":"purchasable","12":"product-type-simple"},"_links":{"self":[{"href":"https:\/\/kindart.is\/en\/wp-json\/wp\/v2\/product\/6047","targetHints":{"allow":["GET"]}}],"collection":[{"href":"https:\/\/kindart.is\/en\/wp-json\/wp\/v2\/product"}],"about":[{"href":"https:\/\/kindart.is\/en\/wp-json\/wp\/v2\/types\/product"}],"wp:featuredmedia":[{"embeddable":true,"href":"https:\/\/kindart.is\/en\/wp-json\/wp\/v2\/media\/6043"}],"wp:attachment":[{"href":"https:\/\/kindart.is\/en\/wp-json\/wp\/v2\/media?parent=6047"}],"wp:term":[{"taxonomy":"product_brand","embeddable":true,"href":"https:\/\/kindart.is\/en\/wp-json\/wp\/v2\/product_brand?post=6047"},{"taxonomy":"product_cat","embeddable":true,"href":"https:\/\/kindart.is\/en\/wp-json\/wp\/v2\/product_cat?post=6047"},{"taxonomy":"product_tag","embeddable":true,"href":"https:\/\/kindart.is\/en\/wp-json\/wp\/v2\/product_tag?post=6047"}],"curies":[{"name":"wp","href":"https:\/\/api.w.org\/{rel}","templated":true}]}}