{"id":6054,"date":"2022-12-13T15:46:15","date_gmt":"2022-12-13T15:46:15","guid":{"rendered":"https:\/\/kindart.is\/product\/loftin-bla\/"},"modified":"2022-12-13T15:46:45","modified_gmt":"2022-12-13T15:46:45","slug":"loftin-bla","status":"publish","type":"product","link":"https:\/\/kindart.is\/en\/vara\/loftin-bla\/","title":{"rendered":"Loftin bl\u00e1"},"content":{"rendered":"<p><strong>Loftin bl\u00e1<\/strong> eftir P\u00e1l Berg\u00fe\u00f3rsson. B\u00f3kin fjallar um ve\u00f0ri\u00f0 og P\u00e1ll reynir \u201ea\u00f0 lei\u00f0a huga lesandans a\u00f0 tengslum ve\u00f0r\u00e1ttunnar og \u00feess l\u00edfs er vi\u00f0 lifum og sj\u00e1um \u00ed kringum okkur\u201c skrifar P\u00e1ll \u00ed form\u00e1lsor\u00f0um. B\u00f3kin er bundin \u00ed rex\u00edn \u00e1 kj\u00f6l og horn og gyllt, en ekki \u00fea\u00f0 band sem b\u00f3kaflokkurinn var \u00ed. Vantar hl\u00edf\u00f0ark\u00e1pu.<\/p>\n<p><strong>\u00datg\u00e1fa og prentun<\/strong>:<br \/>\nHeimskringla, Reykjav\u00edk 1957. Sj\u00f6tti b\u00f3kaflokkur M\u00e1ls og menningar, 2. b\u00f3k Prentsmi\u00f0jan H\u00f3lar.<\/p>\n","protected":false},"excerpt":{"rendered":"<p>Loftin bl\u00e1 eftir P\u00e1l Berg\u00fe\u00f3rsson. B\u00f3kin fjallar um ve\u00f0ri\u00f0 og P\u00e1ll reynir \u201ea\u00f0 lei\u00f0a huga lesandans a\u00f0 tengslum ve\u00f0r\u00e1ttunnar og \u00feess l\u00edfs er vi\u00f0 lifum og sj\u00e1um \u00ed kringum okkur\u201c skrifar P\u00e1ll \u00ed form\u00e1lsor\u00f0um. B\u00f3kin er bundin \u00ed rex\u00edn \u00e1 kj\u00f6l og horn og gyllt, en ekki \u00fea\u00f0 band sem b\u00f3kaflokkurinn var \u00ed. Vantar hl\u00edf\u00f0ark\u00e1pu. [&hellip;]<\/p>\n","protected":false},"featured_media":6050,"template":"","meta":{"slim_seo":{"title":"Loftin bl\u00e1 - KindArt","description":"Loftin bl\u00e1 eftir P\u00e1l Berg\u00fe\u00f3rsson. B\u00f3kin fjallar um ve\u00f0ri\u00f0 og P\u00e1ll reynir \u201ea\u00f0 lei\u00f0a huga lesandans a\u00f0 tengslum ve\u00f0r\u00e1ttunnar og \u00feess l\u00edfs er vi\u00f0 lifum og sj\u00e1um \u00ed"}},"product_brand":[],"product_cat":[83],"product_tag":[],"class_list":{"0":"post-6054","1":"product","2":"type-product","3":"status-publish","4":"has-post-thumbnail","6":"product_cat-books","7":"product_shipping_class-small-en","9":"first","10":"instock","11":"purchasable","12":"product-type-simple"},"_links":{"self":[{"href":"https:\/\/kindart.is\/en\/wp-json\/wp\/v2\/product\/6054","targetHints":{"allow":["GET"]}}],"collection":[{"href":"https:\/\/kindart.is\/en\/wp-json\/wp\/v2\/product"}],"about":[{"href":"https:\/\/kindart.is\/en\/wp-json\/wp\/v2\/types\/product"}],"wp:featuredmedia":[{"embeddable":true,"href":"https:\/\/kindart.is\/en\/wp-json\/wp\/v2\/media\/6050"}],"wp:attachment":[{"href":"https:\/\/kindart.is\/en\/wp-json\/wp\/v2\/media?parent=6054"}],"wp:term":[{"taxonomy":"product_brand","embeddable":true,"href":"https:\/\/kindart.is\/en\/wp-json\/wp\/v2\/product_brand?post=6054"},{"taxonomy":"product_cat","embeddable":true,"href":"https:\/\/kindart.is\/en\/wp-json\/wp\/v2\/product_cat?post=6054"},{"taxonomy":"product_tag","embeddable":true,"href":"https:\/\/kindart.is\/en\/wp-json\/wp\/v2\/product_tag?post=6054"}],"curies":[{"name":"wp","href":"https:\/\/api.w.org\/{rel}","templated":true}]}}