{"id":6063,"date":"2022-12-13T15:51:40","date_gmt":"2022-12-13T15:51:40","guid":{"rendered":"https:\/\/kindart.is\/product\/myndir-ur-hugskoti\/"},"modified":"2022-12-13T15:51:40","modified_gmt":"2022-12-13T15:51:40","slug":"myndir-ur-hugskoti","status":"publish","type":"product","link":"https:\/\/kindart.is\/en\/vara\/myndir-ur-hugskoti\/","title":{"rendered":"Myndir \u00far hugskoti"},"content":{"rendered":"<p><strong>Myndir \u00far hugskoti<\/strong> eftir Rannveigu I. E. L\u00f6ve. Vi\u00f0 t\u00f6lvuna sat Le\u00f3 E. L\u00f6ve, haf\u00f0i m\u00e1lfrelsi og till\u00f6gur\u00e9tt. Rannveig rifjar upp atvik \u00far \u00e6vi sinni, en h\u00fan var elst 15 systra sem kenna sig vi\u00f0 R\u00e9ttarholt. H\u00fan var 80 \u00e1ra aldam\u00f3ta\u00e1ri\u00f0 2000. \u00cd b\u00f3kinni segir m.a. fr\u00e1 bar\u00e1ttunni vi\u00f0 berklaveikina sem lag\u00f0i svo marga a\u00f0 velli \u00e1 \u00feessum \u00e1rum og hvernig h\u00fan braust til mennta \u00e1 kreppu\u00e1runum. B\u00f3kin er bundin \u00ed forlagsband, alband \u00ed gerviefni. Gyllt \u00e1 kj\u00f6l. Hl\u00edf\u00f0ark\u00e1pa l\u00e9leg. St\u00e6r\u00f0: 23.6 X 15.6 cm og 344 bls.<\/p>\n<p><strong>\u00datg\u00e1fa og prentun<\/strong>:<br \/>\n\u00datgefandi: F\u00f3sturmold. Reykjav\u00edk 2000. \u00cdsafoldarprentsmi\u00f0ja.<\/p>\n","protected":false},"excerpt":{"rendered":"<p>Myndir \u00far hugskoti eftir Rannveigu I. E. L\u00f6ve. Vi\u00f0 t\u00f6lvuna sat Le\u00f3 E. L\u00f6ve, haf\u00f0i m\u00e1lfrelsi og till\u00f6gur\u00e9tt. Rannveig rifjar upp atvik \u00far \u00e6vi sinni, en h\u00fan var elst 15 systra sem kenna sig vi\u00f0 R\u00e9ttarholt. H\u00fan var 80 \u00e1ra aldam\u00f3ta\u00e1ri\u00f0 2000. \u00cd b\u00f3kinni segir m.a. fr\u00e1 bar\u00e1ttunni vi\u00f0 berklaveikina sem lag\u00f0i svo marga a\u00f0 [&hellip;]<\/p>\n","protected":false},"featured_media":6057,"template":"","meta":{"slim_seo":{"title":"Myndir \u00far hugskoti - KindArt","description":"Myndir \u00far hugskoti eftir Rannveigu I. E. L\u00f6ve. Vi\u00f0 t\u00f6lvuna sat Le\u00f3 E. L\u00f6ve, haf\u00f0i m\u00e1lfrelsi og till\u00f6gur\u00e9tt. Rannveig rifjar upp atvik \u00far \u00e6vi sinni, en h\u00fan var e"}},"product_brand":[],"product_cat":[83],"product_tag":[],"class_list":{"0":"post-6063","1":"product","2":"type-product","3":"status-publish","4":"has-post-thumbnail","6":"product_cat-books","7":"product_shipping_class-small-en","9":"first","10":"instock","11":"sold-individually","12":"purchasable","13":"product-type-simple"},"_links":{"self":[{"href":"https:\/\/kindart.is\/en\/wp-json\/wp\/v2\/product\/6063","targetHints":{"allow":["GET"]}}],"collection":[{"href":"https:\/\/kindart.is\/en\/wp-json\/wp\/v2\/product"}],"about":[{"href":"https:\/\/kindart.is\/en\/wp-json\/wp\/v2\/types\/product"}],"wp:featuredmedia":[{"embeddable":true,"href":"https:\/\/kindart.is\/en\/wp-json\/wp\/v2\/media\/6057"}],"wp:attachment":[{"href":"https:\/\/kindart.is\/en\/wp-json\/wp\/v2\/media?parent=6063"}],"wp:term":[{"taxonomy":"product_brand","embeddable":true,"href":"https:\/\/kindart.is\/en\/wp-json\/wp\/v2\/product_brand?post=6063"},{"taxonomy":"product_cat","embeddable":true,"href":"https:\/\/kindart.is\/en\/wp-json\/wp\/v2\/product_cat?post=6063"},{"taxonomy":"product_tag","embeddable":true,"href":"https:\/\/kindart.is\/en\/wp-json\/wp\/v2\/product_tag?post=6063"}],"curies":[{"name":"wp","href":"https:\/\/api.w.org\/{rel}","templated":true}]}}