{"id":6070,"date":"2022-12-13T15:56:50","date_gmt":"2022-12-13T15:56:50","guid":{"rendered":"https:\/\/kindart.is\/product\/setid-hef-eg-ad-sumbli\/"},"modified":"2022-12-13T15:56:50","modified_gmt":"2022-12-13T15:56:50","slug":"setid-hef-eg-ad-sumbli","status":"publish","type":"product","link":"https:\/\/kindart.is\/en\/vara\/setid-hef-eg-ad-sumbli\/","title":{"rendered":"Seti\u00f0 hef \u00e9g a\u00f0 sumbli"},"content":{"rendered":"<p><strong>Seti\u00f0 hef \u00e9g a\u00f0 sumbli<\/strong> eftir Magn\u00fas Magn\u00fasson. \u00c6sku- og sk\u00f3laminningar \u2013 Pallad\u00f3mar \u2013 Fer\u00f0asaga \u2013 \u00c1 v\u00ed\u00f0 og dreif \u2013 \u00de\u00fd\u00f0ingar. B\u00f3kin er bundin \u00ed rex\u00ednband, \u00e1 kj\u00f6l og horn. St\u00e6r\u00f0: 22.5 X 14.8 cm og 427 bls. Me\u00f0 hl\u00edf\u00f0ark\u00e1pu sem er or\u00f0in ansi snj\u00e1\u00f0.<\/p>\n<p><strong>\u00datg\u00e1fa og prentun<\/strong>:<br \/>\n\u00datgefandi: \u00cdsafoldarprentsmi\u00f0ja. Reykjav\u00edk 1950.<\/p>\n","protected":false},"excerpt":{"rendered":"<p>Seti\u00f0 hef \u00e9g a\u00f0 sumbli eftir Magn\u00fas Magn\u00fasson. \u00c6sku- og sk\u00f3laminningar \u2013 Pallad\u00f3mar \u2013 Fer\u00f0asaga \u2013 \u00c1 v\u00ed\u00f0 og dreif \u2013 \u00de\u00fd\u00f0ingar. B\u00f3kin er bundin \u00ed rex\u00ednband, \u00e1 kj\u00f6l og horn. St\u00e6r\u00f0: 22.5 X 14.8 cm og 427 bls. Me\u00f0 hl\u00edf\u00f0ark\u00e1pu sem er or\u00f0in ansi snj\u00e1\u00f0. \u00datg\u00e1fa og prentun: \u00datgefandi: \u00cdsafoldarprentsmi\u00f0ja. Reykjav\u00edk 1950.<\/p>\n","protected":false},"featured_media":6066,"template":"","meta":{"slim_seo":{"title":"Seti\u00f0 hef \u00e9g a\u00f0 sumbli - KindArt","description":"Seti\u00f0 hef \u00e9g a\u00f0 sumbli eftir Magn\u00fas Magn\u00fasson. \u00c6sku- og sk\u00f3laminningar \u2013 Pallad\u00f3mar \u2013 Fer\u00f0asaga \u2013 \u00c1 v\u00ed\u00f0 og dreif \u2013 \u00de\u00fd\u00f0ingar. B\u00f3kin er bundin \u00ed rex\u00ednband, \u00e1 kj\u00f6l"}},"product_brand":[],"product_cat":[83],"product_tag":[],"class_list":{"0":"post-6070","1":"product","2":"type-product","3":"status-publish","4":"has-post-thumbnail","6":"product_cat-books","7":"product_shipping_class-small-en","9":"first","10":"instock","11":"purchasable","12":"product-type-simple"},"_links":{"self":[{"href":"https:\/\/kindart.is\/en\/wp-json\/wp\/v2\/product\/6070","targetHints":{"allow":["GET"]}}],"collection":[{"href":"https:\/\/kindart.is\/en\/wp-json\/wp\/v2\/product"}],"about":[{"href":"https:\/\/kindart.is\/en\/wp-json\/wp\/v2\/types\/product"}],"wp:featuredmedia":[{"embeddable":true,"href":"https:\/\/kindart.is\/en\/wp-json\/wp\/v2\/media\/6066"}],"wp:attachment":[{"href":"https:\/\/kindart.is\/en\/wp-json\/wp\/v2\/media?parent=6070"}],"wp:term":[{"taxonomy":"product_brand","embeddable":true,"href":"https:\/\/kindart.is\/en\/wp-json\/wp\/v2\/product_brand?post=6070"},{"taxonomy":"product_cat","embeddable":true,"href":"https:\/\/kindart.is\/en\/wp-json\/wp\/v2\/product_cat?post=6070"},{"taxonomy":"product_tag","embeddable":true,"href":"https:\/\/kindart.is\/en\/wp-json\/wp\/v2\/product_tag?post=6070"}],"curies":[{"name":"wp","href":"https:\/\/api.w.org\/{rel}","templated":true}]}}