{"id":6079,"date":"2022-12-13T16:03:39","date_gmt":"2022-12-13T16:03:39","guid":{"rendered":"https:\/\/kindart.is\/product\/sera-baldur\/"},"modified":"2022-12-13T16:03:39","modified_gmt":"2022-12-13T16:03:39","slug":"sera-baldur","status":"publish","type":"product","link":"https:\/\/kindart.is\/en\/vara\/sera-baldur\/","title":{"rendered":"S\u00e9ra Baldur"},"content":{"rendered":"<p><strong>S\u00e9ra Baldur<\/strong>. Hlynur \u00de\u00f3r Magn\u00fasson skr\u00e1setti. Sr. Baldur Vilhelmsson \u00ed Vatnsfir\u00f0i vi\u00f0 \u00cdsafjar\u00f0ardj\u00fap skrifar nokkur upphafsor\u00f0 og segir m.a. a\u00f0 ferill sinn s\u00e9 ekki merkilegur \u00e1 nokkurn h\u00e1tt og hann s\u00e9 a\u00f0eins einn l\u00edtilfj\u00f6rlegur ma\u00f0ur \u00ed mannhafinu. B\u00f3kin er bundin \u00ed forlagsband, gerviefni og gyllt, alband. St\u00e6r\u00f0: 23.6 X 15.8 cm og 221 bls.<\/p>\n<p><strong>\u00datg\u00e1fa og prentun<\/strong>:<br \/>\nVestfirska forlagi\u00f0, Hrafnseyri 2003. Prentvinnsla: \u00c1sprent, Akureyri.<\/p>\n","protected":false},"excerpt":{"rendered":"<p>S\u00e9ra Baldur. Hlynur \u00de\u00f3r Magn\u00fasson skr\u00e1setti. Sr. Baldur Vilhelmsson \u00ed Vatnsfir\u00f0i vi\u00f0 \u00cdsafjar\u00f0ardj\u00fap skrifar nokkur upphafsor\u00f0 og segir m.a. a\u00f0 ferill sinn s\u00e9 ekki merkilegur \u00e1 nokkurn h\u00e1tt og hann s\u00e9 a\u00f0eins einn l\u00edtilfj\u00f6rlegur ma\u00f0ur \u00ed mannhafinu. B\u00f3kin er bundin \u00ed forlagsband, gerviefni og gyllt, alband. St\u00e6r\u00f0: 23.6 X 15.8 cm og 221 bls. \u00datg\u00e1fa [&hellip;]<\/p>\n","protected":false},"featured_media":6073,"template":"","meta":{"slim_seo":{"title":"S\u00e9ra Baldur - KindArt","description":"S\u00e9ra Baldur . Hlynur \u00de\u00f3r Magn\u00fasson skr\u00e1setti. Sr. Baldur Vilhelmsson \u00ed Vatnsfir\u00f0i vi\u00f0 \u00cdsafjar\u00f0ardj\u00fap skrifar nokkur upphafsor\u00f0 og segir m.a. a\u00f0 ferill sinn s\u00e9 e"}},"product_brand":[],"product_cat":[83],"product_tag":[],"class_list":{"0":"post-6079","1":"product","2":"type-product","3":"status-publish","4":"has-post-thumbnail","6":"product_cat-books","7":"product_shipping_class-small-en","9":"first","10":"outofstock","11":"purchasable","12":"product-type-simple"},"_links":{"self":[{"href":"https:\/\/kindart.is\/en\/wp-json\/wp\/v2\/product\/6079","targetHints":{"allow":["GET"]}}],"collection":[{"href":"https:\/\/kindart.is\/en\/wp-json\/wp\/v2\/product"}],"about":[{"href":"https:\/\/kindart.is\/en\/wp-json\/wp\/v2\/types\/product"}],"wp:featuredmedia":[{"embeddable":true,"href":"https:\/\/kindart.is\/en\/wp-json\/wp\/v2\/media\/6073"}],"wp:attachment":[{"href":"https:\/\/kindart.is\/en\/wp-json\/wp\/v2\/media?parent=6079"}],"wp:term":[{"taxonomy":"product_brand","embeddable":true,"href":"https:\/\/kindart.is\/en\/wp-json\/wp\/v2\/product_brand?post=6079"},{"taxonomy":"product_cat","embeddable":true,"href":"https:\/\/kindart.is\/en\/wp-json\/wp\/v2\/product_cat?post=6079"},{"taxonomy":"product_tag","embeddable":true,"href":"https:\/\/kindart.is\/en\/wp-json\/wp\/v2\/product_tag?post=6079"}],"curies":[{"name":"wp","href":"https:\/\/api.w.org\/{rel}","templated":true}]}}