{"id":6086,"date":"2022-12-13T16:07:46","date_gmt":"2022-12-13T16:07:46","guid":{"rendered":"https:\/\/kindart.is\/product\/sumarlandid\/"},"modified":"2022-12-13T16:07:46","modified_gmt":"2022-12-13T16:07:46","slug":"sumarlandid","status":"publish","type":"product","link":"https:\/\/kindart.is\/en\/vara\/sumarlandid\/","title":{"rendered":"Sumarlandi\u00f0"},"content":{"rendered":"<p><strong>Sumarlandi\u00f0<\/strong> eftir Gu\u00f0mund Kristinsson. Framli\u00f0nir l\u00fdsa andl\u00e1ti s\u00ednu og endurfundum \u00ed framl\u00edfinu. Mi\u00f0ils\u00fej\u00f3nusta Sigr\u00ed\u00f0ar J\u00f3nsd\u00f3ttur \u00ed 40 \u00e1r. B\u00f3kin er bundin \u00ed alband, gerviefni. Hl\u00edf\u00f0ark\u00e1pa. St\u00e6r\u00f0: 21.5 X 14.2 cm og 258 bls.<\/p>\n<p><strong>\u00datg\u00e1fa og prentun<\/strong>:<br \/>\n\u00c1rnes\u00fatg\u00e1fan, Selfossi 2013, 5. Prentun. Prentmet Su\u00f0urlands.<\/p>\n","protected":false},"excerpt":{"rendered":"<p>Sumarlandi\u00f0 eftir Gu\u00f0mund Kristinsson. Framli\u00f0nir l\u00fdsa andl\u00e1ti s\u00ednu og endurfundum \u00ed framl\u00edfinu. Mi\u00f0ils\u00fej\u00f3nusta Sigr\u00ed\u00f0ar J\u00f3nsd\u00f3ttur \u00ed 40 \u00e1r. B\u00f3kin er bundin \u00ed alband, gerviefni. Hl\u00edf\u00f0ark\u00e1pa. St\u00e6r\u00f0: 21.5 X 14.2 cm og 258 bls. \u00datg\u00e1fa og prentun: \u00c1rnes\u00fatg\u00e1fan, Selfossi 2013, 5. Prentun. Prentmet Su\u00f0urlands.<\/p>\n","protected":false},"featured_media":6082,"template":"","meta":{"slim_seo":{"title":"Sumarlandi\u00f0 - KindArt","description":"Sumarlandi\u00f0 eftir Gu\u00f0mund Kristinsson. Framli\u00f0nir l\u00fdsa andl\u00e1ti s\u00ednu og endurfundum \u00ed framl\u00edfinu. Mi\u00f0ils\u00fej\u00f3nusta Sigr\u00ed\u00f0ar J\u00f3nsd\u00f3ttur \u00ed 40 \u00e1r. B\u00f3kin er bundin \u00ed a"}},"product_brand":[],"product_cat":[83],"product_tag":[],"class_list":{"0":"post-6086","1":"product","2":"type-product","3":"status-publish","4":"has-post-thumbnail","6":"product_cat-books","7":"product_shipping_class-small-en","9":"first","10":"outofstock","11":"purchasable","12":"product-type-simple"},"_links":{"self":[{"href":"https:\/\/kindart.is\/en\/wp-json\/wp\/v2\/product\/6086","targetHints":{"allow":["GET"]}}],"collection":[{"href":"https:\/\/kindart.is\/en\/wp-json\/wp\/v2\/product"}],"about":[{"href":"https:\/\/kindart.is\/en\/wp-json\/wp\/v2\/types\/product"}],"wp:featuredmedia":[{"embeddable":true,"href":"https:\/\/kindart.is\/en\/wp-json\/wp\/v2\/media\/6082"}],"wp:attachment":[{"href":"https:\/\/kindart.is\/en\/wp-json\/wp\/v2\/media?parent=6086"}],"wp:term":[{"taxonomy":"product_brand","embeddable":true,"href":"https:\/\/kindart.is\/en\/wp-json\/wp\/v2\/product_brand?post=6086"},{"taxonomy":"product_cat","embeddable":true,"href":"https:\/\/kindart.is\/en\/wp-json\/wp\/v2\/product_cat?post=6086"},{"taxonomy":"product_tag","embeddable":true,"href":"https:\/\/kindart.is\/en\/wp-json\/wp\/v2\/product_tag?post=6086"}],"curies":[{"name":"wp","href":"https:\/\/api.w.org\/{rel}","templated":true}]}}