{"id":6093,"date":"2022-12-13T16:11:21","date_gmt":"2022-12-13T16:11:21","guid":{"rendered":"https:\/\/kindart.is\/product\/verkfallsatok-og-fjolmidlafar\/"},"modified":"2022-12-14T14:02:32","modified_gmt":"2022-12-14T14:02:32","slug":"verkfallsatok-og-fjolmidlafar","status":"publish","type":"product","link":"https:\/\/kindart.is\/en\/vara\/verkfallsatok-og-fjolmidlafar\/","title":{"rendered":"Verkfalls\u00e1t\u00f6k og fj\u00f6lmi\u00f0laf\u00e1r"},"content":{"rendered":"<p><strong>Verkfalls\u00e1t\u00f6k og fj\u00f6lmi\u00f0laf\u00e1r<\/strong>. H\u00f6fundar: Baldur Kristj\u00e1nsson og J\u00f3n Gu\u00f0ni Kristj\u00e1nsson. Lj\u00f3smyndir: Helgi Hauksson. Fr\u00e1sagnir af verkfalls\u00e1t\u00f6kunum miklu hausti\u00f0 1984. B\u00f3kager\u00f0armenn ri\u00f0u \u00e1 va\u00f0i\u00f0 og s\u00ed\u00f0an kom B.S.R.B. me\u00f0 miklum \u00feunga \u00ed \u00e1t\u00f6kin sem ur\u00f0u afar l\u00f6ng, um 6 vikur og ur\u00f0u lengsta verkfall \u00e1 s\u00ed\u00f0ari \u00e1rum. B\u00f3kin er fest saman \u00ed l\u00edmband og sett \u00ed kartonk\u00e1pu og skorin. St\u00e6r\u00f0: 20.8 X 14.6 cm og 154 bls.<\/p>\n<p><strong>\u00datg\u00e1fa og prentun<\/strong>:<br \/>\n\u00datgefandi: Samt\u00edminn. Reykjav\u00edk 1984. Prentsmi\u00f0ja Fri\u00f0riks J\u00f3elssonar.<\/p>\n","protected":false},"excerpt":{"rendered":"<p>Verkfalls\u00e1t\u00f6k og fj\u00f6lmi\u00f0laf\u00e1r. H\u00f6fundar: Baldur Kristj\u00e1nsson og J\u00f3n Gu\u00f0ni Kristj\u00e1nsson. Lj\u00f3smyndir: Helgi Hauksson. Fr\u00e1sagnir af verkfalls\u00e1t\u00f6kunum miklu hausti\u00f0 1984. B\u00f3kager\u00f0armenn ri\u00f0u \u00e1 va\u00f0i\u00f0 og s\u00ed\u00f0an kom B.S.R.B. me\u00f0 miklum \u00feunga \u00ed \u00e1t\u00f6kin sem ur\u00f0u afar l\u00f6ng, um 6 vikur og ur\u00f0u lengsta verkfall \u00e1 s\u00ed\u00f0ari \u00e1rum. B\u00f3kin er fest saman \u00ed l\u00edmband og sett \u00ed [&hellip;]<\/p>\n","protected":false},"featured_media":6089,"template":"","meta":{"slim_seo":{"title":"Verkfalls\u00e1t\u00f6k og fj\u00f6lmi\u00f0laf\u00e1r - KindArt","description":"Verkfalls\u00e1t\u00f6k og fj\u00f6lmi\u00f0laf\u00e1r . H\u00f6fundar: Baldur Kristj\u00e1nsson og J\u00f3n Gu\u00f0ni Kristj\u00e1nsson. Lj\u00f3smyndir: Helgi Hauksson. Fr\u00e1sagnir af verkfalls\u00e1t\u00f6kunum miklu hausti"}},"product_brand":[],"product_cat":[83],"product_tag":[],"class_list":{"0":"post-6093","1":"product","2":"type-product","3":"status-publish","4":"has-post-thumbnail","6":"product_cat-books","7":"product_shipping_class-small-en","9":"first","10":"instock","11":"purchasable","12":"product-type-simple"},"_links":{"self":[{"href":"https:\/\/kindart.is\/en\/wp-json\/wp\/v2\/product\/6093","targetHints":{"allow":["GET"]}}],"collection":[{"href":"https:\/\/kindart.is\/en\/wp-json\/wp\/v2\/product"}],"about":[{"href":"https:\/\/kindart.is\/en\/wp-json\/wp\/v2\/types\/product"}],"wp:featuredmedia":[{"embeddable":true,"href":"https:\/\/kindart.is\/en\/wp-json\/wp\/v2\/media\/6089"}],"wp:attachment":[{"href":"https:\/\/kindart.is\/en\/wp-json\/wp\/v2\/media?parent=6093"}],"wp:term":[{"taxonomy":"product_brand","embeddable":true,"href":"https:\/\/kindart.is\/en\/wp-json\/wp\/v2\/product_brand?post=6093"},{"taxonomy":"product_cat","embeddable":true,"href":"https:\/\/kindart.is\/en\/wp-json\/wp\/v2\/product_cat?post=6093"},{"taxonomy":"product_tag","embeddable":true,"href":"https:\/\/kindart.is\/en\/wp-json\/wp\/v2\/product_tag?post=6093"}],"curies":[{"name":"wp","href":"https:\/\/api.w.org\/{rel}","templated":true}]}}