{"id":6100,"date":"2022-12-13T16:15:36","date_gmt":"2022-12-13T16:15:36","guid":{"rendered":"https:\/\/kindart.is\/product\/vid-gluggann\/"},"modified":"2022-12-13T16:15:36","modified_gmt":"2022-12-13T16:15:36","slug":"vid-gluggann","status":"publish","type":"product","link":"https:\/\/kindart.is\/en\/vara\/vid-gluggann\/","title":{"rendered":"Vi\u00f0 gluggann"},"content":{"rendered":"<p><strong>Vi\u00f0 gluggann<\/strong> eftir Fr\u00ed\u00f0u \u00c1. Sigur\u00f0ard\u00f3ttur. Sm\u00e1s\u00f6gur. B\u00f3kin er bundin \u00ed shirting,<br \/>\nforlagsband, gyllt \u00e1 kj\u00f6l og me\u00f0 hl\u00edf\u00f0ark\u00e1pu. 21.5 X 14 cm og 131 bls.<\/p>\n<p><strong>\u00datg\u00e1fa og prentun<\/strong>:<br \/>\n\u00datgefandi: Skuggsj\u00e1, B\u00f3kab\u00fa\u00f0 Olivers Steins. Hafnarfir\u00f0i 1984. Prentsmi\u00f0jan Steinmark.<\/p>\n","protected":false},"excerpt":{"rendered":"<p>Vi\u00f0 gluggann eftir Fr\u00ed\u00f0u \u00c1. Sigur\u00f0ard\u00f3ttur. Sm\u00e1s\u00f6gur. B\u00f3kin er bundin \u00ed shirting, forlagsband, gyllt \u00e1 kj\u00f6l og me\u00f0 hl\u00edf\u00f0ark\u00e1pu. 21.5 X 14 cm og 131 bls. \u00datg\u00e1fa og prentun: \u00datgefandi: Skuggsj\u00e1, B\u00f3kab\u00fa\u00f0 Olivers Steins. Hafnarfir\u00f0i 1984. Prentsmi\u00f0jan Steinmark.<\/p>\n","protected":false},"featured_media":6096,"template":"","meta":{"slim_seo":{"title":"Vi\u00f0 gluggann - KindArt","description":"Vi\u00f0 gluggann eftir Fr\u00ed\u00f0u \u00c1. Sigur\u00f0ard\u00f3ttur. Sm\u00e1s\u00f6gur. B\u00f3kin er bundin \u00ed shirting, forlagsband, gyllt \u00e1 kj\u00f6l og me\u00f0 hl\u00edf\u00f0ark\u00e1pu. 21.5 X 14 cm og 131 bls. \u00datg\u00e1fa"}},"product_brand":[],"product_cat":[83],"product_tag":[],"class_list":{"0":"post-6100","1":"product","2":"type-product","3":"status-publish","4":"has-post-thumbnail","6":"product_cat-books","7":"product_shipping_class-small-en","9":"first","10":"instock","11":"purchasable","12":"product-type-simple"},"_links":{"self":[{"href":"https:\/\/kindart.is\/en\/wp-json\/wp\/v2\/product\/6100","targetHints":{"allow":["GET"]}}],"collection":[{"href":"https:\/\/kindart.is\/en\/wp-json\/wp\/v2\/product"}],"about":[{"href":"https:\/\/kindart.is\/en\/wp-json\/wp\/v2\/types\/product"}],"wp:featuredmedia":[{"embeddable":true,"href":"https:\/\/kindart.is\/en\/wp-json\/wp\/v2\/media\/6096"}],"wp:attachment":[{"href":"https:\/\/kindart.is\/en\/wp-json\/wp\/v2\/media?parent=6100"}],"wp:term":[{"taxonomy":"product_brand","embeddable":true,"href":"https:\/\/kindart.is\/en\/wp-json\/wp\/v2\/product_brand?post=6100"},{"taxonomy":"product_cat","embeddable":true,"href":"https:\/\/kindart.is\/en\/wp-json\/wp\/v2\/product_cat?post=6100"},{"taxonomy":"product_tag","embeddable":true,"href":"https:\/\/kindart.is\/en\/wp-json\/wp\/v2\/product_tag?post=6100"}],"curies":[{"name":"wp","href":"https:\/\/api.w.org\/{rel}","templated":true}]}}