{"id":6125,"date":"2022-12-19T17:45:59","date_gmt":"2022-12-19T17:45:59","guid":{"rendered":"https:\/\/kindart.is\/product\/baksvid-njalu\/"},"modified":"2023-01-02T21:03:51","modified_gmt":"2023-01-02T21:03:51","slug":"baksvid-njalu","status":"publish","type":"product","link":"https:\/\/kindart.is\/en\/vara\/baksvid-njalu\/","title":{"rendered":"Baksvi\u00f0 Nj\u00e1lu"},"content":{"rendered":"<p><strong>Baksvi\u00f0 Nj\u00e1lu<\/strong> eftir Einar P\u00e1lsson \u00ed b\u00f3kaflokknum \u201eR\u00e6tur \u00edslenzkrar menningar\u201c F\u00c9. Myndirnar ger\u00f0i amer\u00edski teiknarinn Dan\u00edel Sullivan eftir frumdr\u00f6gum h\u00f6fundar. B\u00f3kin er bundin \u00ed forlagsband, \u00ed hv\u00edtt Ballacron gerviefni, alband. St\u00e6r\u00f0: 21.5 X 14.2 cm og 229 bls.<\/p>\n<p><strong>\u00datg\u00e1fa og prentun<\/strong>:<br \/>\nM\u00edmir, Reykjav\u00edk 1969. Setning og prentun: Prentsmi\u00f0ja J\u00f3ns Helgasonar. Myndam\u00f3t: Litr\u00f3f. Prentun \u00e1 myndum: Lithoprent. B\u00f3kband: B\u00f3kfell.<\/p>\n","protected":false},"excerpt":{"rendered":"<p>Baksvi\u00f0 Nj\u00e1lu eftir Einar P\u00e1lsson \u00ed b\u00f3kaflokknum \u201eR\u00e6tur \u00edslenzkrar menningar\u201c F\u00c9. Myndirnar ger\u00f0i amer\u00edski teiknarinn Dan\u00edel Sullivan eftir frumdr\u00f6gum h\u00f6fundar. B\u00f3kin er bundin \u00ed forlagsband, \u00ed hv\u00edtt Ballacron gerviefni, alband. St\u00e6r\u00f0: 21.5 X 14.2 cm og 229 bls. \u00datg\u00e1fa og prentun: M\u00edmir, Reykjav\u00edk 1969. Setning og prentun: Prentsmi\u00f0ja J\u00f3ns Helgasonar. Myndam\u00f3t: Litr\u00f3f. Prentun \u00e1 myndum: [&hellip;]<\/p>\n","protected":false},"featured_media":6121,"template":"","meta":{"slim_seo":{"title":"Baksvi\u00f0 Nj\u00e1lu - KindArt","description":"Baksvi\u00f0 Nj\u00e1lu eftir Einar P\u00e1lsson \u00ed b\u00f3kaflokknum \u201eR\u00e6tur \u00edslenzkrar menningar\u201c F\u00c9. Myndirnar ger\u00f0i amer\u00edski teiknarinn Dan\u00edel Sullivan eftir frumdr\u00f6gum h\u00f6fundar."}},"product_brand":[],"product_cat":[83],"product_tag":[],"class_list":{"0":"post-6125","1":"product","2":"type-product","3":"status-publish","4":"has-post-thumbnail","6":"product_cat-books","7":"product_shipping_class-small-en","9":"first","10":"outofstock","11":"purchasable","12":"product-type-simple"},"_links":{"self":[{"href":"https:\/\/kindart.is\/en\/wp-json\/wp\/v2\/product\/6125","targetHints":{"allow":["GET"]}}],"collection":[{"href":"https:\/\/kindart.is\/en\/wp-json\/wp\/v2\/product"}],"about":[{"href":"https:\/\/kindart.is\/en\/wp-json\/wp\/v2\/types\/product"}],"wp:featuredmedia":[{"embeddable":true,"href":"https:\/\/kindart.is\/en\/wp-json\/wp\/v2\/media\/6121"}],"wp:attachment":[{"href":"https:\/\/kindart.is\/en\/wp-json\/wp\/v2\/media?parent=6125"}],"wp:term":[{"taxonomy":"product_brand","embeddable":true,"href":"https:\/\/kindart.is\/en\/wp-json\/wp\/v2\/product_brand?post=6125"},{"taxonomy":"product_cat","embeddable":true,"href":"https:\/\/kindart.is\/en\/wp-json\/wp\/v2\/product_cat?post=6125"},{"taxonomy":"product_tag","embeddable":true,"href":"https:\/\/kindart.is\/en\/wp-json\/wp\/v2\/product_tag?post=6125"}],"curies":[{"name":"wp","href":"https:\/\/api.w.org\/{rel}","templated":true}]}}