{"id":6132,"date":"2022-12-19T17:49:15","date_gmt":"2022-12-19T17:49:15","guid":{"rendered":"https:\/\/kindart.is\/product\/rammislagur\/"},"modified":"2023-01-02T21:04:07","modified_gmt":"2023-01-02T21:04:07","slug":"rammislagur","status":"publish","type":"product","link":"https:\/\/kindart.is\/en\/vara\/rammislagur\/","title":{"rendered":"Rammislagur"},"content":{"rendered":"<p><strong>Rammislagur<\/strong> eftir Einar P\u00e1lsson \u00ed b\u00f3kaflokknum \u201eR\u00e6tur \u00edslenzkrar menningar\u201c REI\u00d0. B\u00f3kin er bundin \u00ed forlagsband, \u00ed hv\u00edtt Ballacron gerviefni, alband. St\u00e6r\u00f0: 21.5 X 14.2 cm og 415 bls.<\/p>\n<p><strong>\u00datg\u00e1fa og prentun<\/strong>:<br \/>\nM\u00edmir, Reykjav\u00edk 1978. Setning og prentun: Steinholt. Myndam\u00f3t: Litr\u00f3f. B\u00f3kband: B\u00f3kfell.<\/p>\n","protected":false},"excerpt":{"rendered":"<p>Rammislagur eftir Einar P\u00e1lsson \u00ed b\u00f3kaflokknum \u201eR\u00e6tur \u00edslenzkrar menningar\u201c REI\u00d0. B\u00f3kin er bundin \u00ed forlagsband, \u00ed hv\u00edtt Ballacron gerviefni, alband. St\u00e6r\u00f0: 21.5 X 14.2 cm og 415 bls. \u00datg\u00e1fa og prentun: M\u00edmir, Reykjav\u00edk 1978. Setning og prentun: Steinholt. Myndam\u00f3t: Litr\u00f3f. B\u00f3kband: B\u00f3kfell.<\/p>\n","protected":false},"featured_media":6128,"template":"","meta":{"slim_seo":{"title":"Rammislagur - KindArt","description":"Rammislagur eftir Einar P\u00e1lsson \u00ed b\u00f3kaflokknum \u201eR\u00e6tur \u00edslenzkrar menningar\u201c REI\u00d0. B\u00f3kin er bundin \u00ed forlagsband, \u00ed hv\u00edtt Ballacron gerviefni, alband. St\u00e6r\u00f0: 21."}},"product_brand":[],"product_cat":[83],"product_tag":[],"class_list":{"0":"post-6132","1":"product","2":"type-product","3":"status-publish","4":"has-post-thumbnail","6":"product_cat-books","7":"product_shipping_class-small-en","9":"first","10":"outofstock","11":"purchasable","12":"product-type-simple"},"_links":{"self":[{"href":"https:\/\/kindart.is\/en\/wp-json\/wp\/v2\/product\/6132","targetHints":{"allow":["GET"]}}],"collection":[{"href":"https:\/\/kindart.is\/en\/wp-json\/wp\/v2\/product"}],"about":[{"href":"https:\/\/kindart.is\/en\/wp-json\/wp\/v2\/types\/product"}],"wp:featuredmedia":[{"embeddable":true,"href":"https:\/\/kindart.is\/en\/wp-json\/wp\/v2\/media\/6128"}],"wp:attachment":[{"href":"https:\/\/kindart.is\/en\/wp-json\/wp\/v2\/media?parent=6132"}],"wp:term":[{"taxonomy":"product_brand","embeddable":true,"href":"https:\/\/kindart.is\/en\/wp-json\/wp\/v2\/product_brand?post=6132"},{"taxonomy":"product_cat","embeddable":true,"href":"https:\/\/kindart.is\/en\/wp-json\/wp\/v2\/product_cat?post=6132"},{"taxonomy":"product_tag","embeddable":true,"href":"https:\/\/kindart.is\/en\/wp-json\/wp\/v2\/product_tag?post=6132"}],"curies":[{"name":"wp","href":"https:\/\/api.w.org\/{rel}","templated":true}]}}