{"id":6153,"date":"2022-12-19T18:00:08","date_gmt":"2022-12-19T18:00:08","guid":{"rendered":"https:\/\/kindart.is\/product\/6147\/"},"modified":"2023-01-02T21:04:49","modified_gmt":"2023-01-02T21:04:49","slug":"6147","status":"publish","type":"product","link":"https:\/\/kindart.is\/en\/vara\/6147\/","title":{"rendered":"Tr\u00fa og landn\u00e1m"},"content":{"rendered":"<p><strong>Tr\u00fa og landn\u00e1m<\/strong> eftir Einar P\u00e1lsson \u00ed b\u00f3kaflokknum \u201eR\u00e6tur \u00edslenzkrar menningar\u201c \u00daR. B\u00f3kin er bundin \u00ed forlagsband, \u00ed hv\u00edtt Ballacron gerviefni, alband. St\u00e6r\u00f0: 21.5 X 14.2 cm og 404 bls.<\/p>\n<p><strong>\u00datg\u00e1fa og prentun<\/strong>:<br \/>\nM\u00edmir, Reykjav\u00edk 1978. Setning og prentun: Prentsmi\u00f0ja J\u00f3ns Helgasonar. Myndam\u00f3t: Litr\u00f3f. B\u00f3kband: B\u00f3kfell.<\/p>\n","protected":false},"excerpt":{"rendered":"<p>Tr\u00fa og landn\u00e1m eftir Einar P\u00e1lsson \u00ed b\u00f3kaflokknum \u201eR\u00e6tur \u00edslenzkrar menningar\u201c \u00daR. B\u00f3kin er bundin \u00ed forlagsband, \u00ed hv\u00edtt Ballacron gerviefni, alband. St\u00e6r\u00f0: 21.5 X 14.2 cm og 404 bls. \u00datg\u00e1fa og prentun: M\u00edmir, Reykjav\u00edk 1978. Setning og prentun: Prentsmi\u00f0ja J\u00f3ns Helgasonar. Myndam\u00f3t: Litr\u00f3f. B\u00f3kband: B\u00f3kfell.<\/p>\n","protected":false},"featured_media":6149,"template":"","meta":{"slim_seo":{"title":"Tr\u00fa og landn\u00e1m - KindArt","description":"Tr\u00fa og landn\u00e1m eftir Einar P\u00e1lsson \u00ed b\u00f3kaflokknum \u201eR\u00e6tur \u00edslenzkrar menningar\u201c \u00daR. B\u00f3kin er bundin \u00ed forlagsband, \u00ed hv\u00edtt Ballacron gerviefni, alband. St\u00e6r\u00f0: 21"}},"product_brand":[],"product_cat":[83],"product_tag":[],"class_list":{"0":"post-6153","1":"product","2":"type-product","3":"status-publish","4":"has-post-thumbnail","6":"product_cat-books","7":"product_shipping_class-small-en","9":"first","10":"outofstock","11":"purchasable","12":"product-type-simple"},"_links":{"self":[{"href":"https:\/\/kindart.is\/en\/wp-json\/wp\/v2\/product\/6153","targetHints":{"allow":["GET"]}}],"collection":[{"href":"https:\/\/kindart.is\/en\/wp-json\/wp\/v2\/product"}],"about":[{"href":"https:\/\/kindart.is\/en\/wp-json\/wp\/v2\/types\/product"}],"wp:featuredmedia":[{"embeddable":true,"href":"https:\/\/kindart.is\/en\/wp-json\/wp\/v2\/media\/6149"}],"wp:attachment":[{"href":"https:\/\/kindart.is\/en\/wp-json\/wp\/v2\/media?parent=6153"}],"wp:term":[{"taxonomy":"product_brand","embeddable":true,"href":"https:\/\/kindart.is\/en\/wp-json\/wp\/v2\/product_brand?post=6153"},{"taxonomy":"product_cat","embeddable":true,"href":"https:\/\/kindart.is\/en\/wp-json\/wp\/v2\/product_cat?post=6153"},{"taxonomy":"product_tag","embeddable":true,"href":"https:\/\/kindart.is\/en\/wp-json\/wp\/v2\/product_tag?post=6153"}],"curies":[{"name":"wp","href":"https:\/\/api.w.org\/{rel}","templated":true}]}}