{"id":6161,"date":"2022-12-25T20:30:14","date_gmt":"2022-12-25T20:30:14","guid":{"rendered":"https:\/\/kindart.is\/product\/a-medal-skaldfugla\/"},"modified":"2022-12-25T20:30:14","modified_gmt":"2022-12-25T20:30:14","slug":"a-medal-skaldfugla","status":"publish","type":"product","link":"https:\/\/kindart.is\/en\/vara\/a-medal-skaldfugla\/","title":{"rendered":"\u00c1 me\u00f0al sk\u00e1ldfugla"},"content":{"rendered":"<p><strong>\u00c1 me\u00f0al sk\u00e1ldfugla<\/strong>. \u00dar lj\u00f3\u00f0um T\u00f3masar Gu\u00f0mundssonar. Matth\u00edas Johannessen s\u00e1 um \u00fatg\u00e1funa, valdi lj\u00f3\u00f0in og skrifa\u00f0i inngang. Fors\u00ed\u00f0umynd af h\u00f6fundi eftir m\u00e1lverki Gunnlaugs Bl\u00f6ndals. \u00d3lafur P\u00e1lmason s\u00e1 um yfirlestur. T\u00f3mas T\u00f3masson myndskreytti. B\u00f3kin er bundin \u00ed Ballacron alband, gyllt \u00e1 kj\u00f6l og framan \u00e1 spjald me\u00f0 mynd h\u00f6fundarins. St\u00e6r\u00f0: 21.8 X 14 cm og 144 bls. Hl\u00edf\u00f0ark\u00e1pu vantar.<\/p>\n<p><strong>\u00datg\u00e1fa og prentun<\/strong>:<br \/>\nR\u00edkis\u00fatg\u00e1fa n\u00e1msb\u00f3ka sk\u00f3lav\u00f6rub\u00fa\u00f0, Reykjav\u00edk 1978. Setning og prentun: Setberg. B\u00f3kband: B\u00f3kfell.<\/p>\n","protected":false},"excerpt":{"rendered":"<p>\u00c1 me\u00f0al sk\u00e1ldfugla. \u00dar lj\u00f3\u00f0um T\u00f3masar Gu\u00f0mundssonar. Matth\u00edas Johannessen s\u00e1 um \u00fatg\u00e1funa, valdi lj\u00f3\u00f0in og skrifa\u00f0i inngang. Fors\u00ed\u00f0umynd af h\u00f6fundi eftir m\u00e1lverki Gunnlaugs Bl\u00f6ndals. \u00d3lafur P\u00e1lmason s\u00e1 um yfirlestur. T\u00f3mas T\u00f3masson myndskreytti. B\u00f3kin er bundin \u00ed Ballacron alband, gyllt \u00e1 kj\u00f6l og framan \u00e1 spjald me\u00f0 mynd h\u00f6fundarins. St\u00e6r\u00f0: 21.8 X 14 cm og 144 [&hellip;]<\/p>\n","protected":false},"featured_media":6157,"template":"","meta":{"slim_seo":{"title":"\u00c1 me\u00f0al sk\u00e1ldfugla - KindArt","description":"\u00c1 me\u00f0al sk\u00e1ldfugla . \u00dar lj\u00f3\u00f0um T\u00f3masar Gu\u00f0mundssonar. Matth\u00edas Johannessen s\u00e1 um \u00fatg\u00e1funa, valdi lj\u00f3\u00f0in og skrifa\u00f0i inngang. Fors\u00ed\u00f0umynd af h\u00f6fundi eftir m\u00e1lver"}},"product_brand":[],"product_cat":[83],"product_tag":[],"class_list":{"0":"post-6161","1":"product","2":"type-product","3":"status-publish","4":"has-post-thumbnail","6":"product_cat-books","7":"product_shipping_class-small-en","9":"first","10":"outofstock","11":"purchasable","12":"product-type-simple"},"_links":{"self":[{"href":"https:\/\/kindart.is\/en\/wp-json\/wp\/v2\/product\/6161","targetHints":{"allow":["GET"]}}],"collection":[{"href":"https:\/\/kindart.is\/en\/wp-json\/wp\/v2\/product"}],"about":[{"href":"https:\/\/kindart.is\/en\/wp-json\/wp\/v2\/types\/product"}],"wp:featuredmedia":[{"embeddable":true,"href":"https:\/\/kindart.is\/en\/wp-json\/wp\/v2\/media\/6157"}],"wp:attachment":[{"href":"https:\/\/kindart.is\/en\/wp-json\/wp\/v2\/media?parent=6161"}],"wp:term":[{"taxonomy":"product_brand","embeddable":true,"href":"https:\/\/kindart.is\/en\/wp-json\/wp\/v2\/product_brand?post=6161"},{"taxonomy":"product_cat","embeddable":true,"href":"https:\/\/kindart.is\/en\/wp-json\/wp\/v2\/product_cat?post=6161"},{"taxonomy":"product_tag","embeddable":true,"href":"https:\/\/kindart.is\/en\/wp-json\/wp\/v2\/product_tag?post=6161"}],"curies":[{"name":"wp","href":"https:\/\/api.w.org\/{rel}","templated":true}]}}