{"id":6184,"date":"2022-12-25T20:58:23","date_gmt":"2022-12-25T20:58:23","guid":{"rendered":"https:\/\/kindart.is\/product\/malthing-islendinga\/"},"modified":"2022-12-25T20:58:23","modified_gmt":"2022-12-25T20:58:23","slug":"malthing-islendinga","status":"publish","type":"product","link":"https:\/\/kindart.is\/en\/vara\/malthing-islendinga\/","title":{"rendered":"M\u00e1l\u00feing \u00cdslendinga"},"content":{"rendered":"<p><strong>M\u00e1l\u00feing \u00cdslendinga<\/strong>, um fyrsta heimspekinginn og framhald l\u00edfsins I. Greinasafn. Ritstj\u00f3ri: \u00deorsteinn Gu\u00f0j\u00f3nsson. Myndir af \u00f6llum greinah\u00f6fundum aftan \u00e1 k\u00e1pus\u00ed\u00f0u. B\u00f3kin er bundin \u00ed rautt rex\u00edn alband me\u00f0 hl\u00edf\u00f0ark\u00e1pu. St\u00e6r\u00f0: 21.8 X 14.3 cm og 208 bls.<\/p>\n<p><strong>\u00datg\u00e1fa og prentun<\/strong>:<br \/>\nL\u00edfsgeisla\u00fatg\u00e1fan \u2013 F\u00e9lag N\u00fdalssinna, Reykjav\u00edk 1979. Formprent \u2013 N\u00fdja b\u00f3kbandi\u00f0.<\/p>\n","protected":false},"excerpt":{"rendered":"<p>M\u00e1l\u00feing \u00cdslendinga, um fyrsta heimspekinginn og framhald l\u00edfsins I. Greinasafn. Ritstj\u00f3ri: \u00deorsteinn Gu\u00f0j\u00f3nsson. Myndir af \u00f6llum greinah\u00f6fundum aftan \u00e1 k\u00e1pus\u00ed\u00f0u. B\u00f3kin er bundin \u00ed rautt rex\u00edn alband me\u00f0 hl\u00edf\u00f0ark\u00e1pu. St\u00e6r\u00f0: 21.8 X 14.3 cm og 208 bls. \u00datg\u00e1fa og prentun: L\u00edfsgeisla\u00fatg\u00e1fan \u2013 F\u00e9lag N\u00fdalssinna, Reykjav\u00edk 1979. Formprent \u2013 N\u00fdja b\u00f3kbandi\u00f0.<\/p>\n","protected":false},"featured_media":6180,"template":"","meta":{"slim_seo":{"title":"M\u00e1l\u00feing \u00cdslendinga - KindArt","description":"M\u00e1l\u00feing \u00cdslendinga , um fyrsta heimspekinginn og framhald l\u00edfsins I. Greinasafn. Ritstj\u00f3ri: \u00deorsteinn Gu\u00f0j\u00f3nsson. Myndir af \u00f6llum greinah\u00f6fundum aftan \u00e1 k\u00e1pus\u00ed\u00f0"}},"product_brand":[],"product_cat":[83],"product_tag":[],"class_list":{"0":"post-6184","1":"product","2":"type-product","3":"status-publish","4":"has-post-thumbnail","6":"product_cat-books","7":"product_shipping_class-small-en","9":"first","10":"instock","11":"purchasable","12":"product-type-simple"},"_links":{"self":[{"href":"https:\/\/kindart.is\/en\/wp-json\/wp\/v2\/product\/6184","targetHints":{"allow":["GET"]}}],"collection":[{"href":"https:\/\/kindart.is\/en\/wp-json\/wp\/v2\/product"}],"about":[{"href":"https:\/\/kindart.is\/en\/wp-json\/wp\/v2\/types\/product"}],"wp:featuredmedia":[{"embeddable":true,"href":"https:\/\/kindart.is\/en\/wp-json\/wp\/v2\/media\/6180"}],"wp:attachment":[{"href":"https:\/\/kindart.is\/en\/wp-json\/wp\/v2\/media?parent=6184"}],"wp:term":[{"taxonomy":"product_brand","embeddable":true,"href":"https:\/\/kindart.is\/en\/wp-json\/wp\/v2\/product_brand?post=6184"},{"taxonomy":"product_cat","embeddable":true,"href":"https:\/\/kindart.is\/en\/wp-json\/wp\/v2\/product_cat?post=6184"},{"taxonomy":"product_tag","embeddable":true,"href":"https:\/\/kindart.is\/en\/wp-json\/wp\/v2\/product_tag?post=6184"}],"curies":[{"name":"wp","href":"https:\/\/api.w.org\/{rel}","templated":true}]}}