{"id":6193,"date":"2022-12-25T21:16:47","date_gmt":"2022-12-25T21:16:47","guid":{"rendered":"https:\/\/kindart.is\/product\/althydubandalagid-atakasaga\/"},"modified":"2022-12-28T15:34:24","modified_gmt":"2022-12-28T15:34:24","slug":"althydubandalagid-atakasaga","status":"publish","type":"product","link":"https:\/\/kindart.is\/en\/vara\/althydubandalagid-atakasaga\/","title":{"rendered":"Al\u00fe\u00fd\u00f0ubandalagi\u00f0, \u00e1takasaga"},"content":{"rendered":"<p><strong>Al\u00fe\u00fd\u00f0ubandalagi\u00f0, \u00e1takasaga<\/strong> eftir \u00d3skar Gu\u00f0mundsson. Kastlj\u00f3sinu er beint a\u00f0 \u00e1t\u00f6kum \u00ed Al\u00fe\u00fd\u00f0uflokki, Komm\u00fanistaflokki \u00cdslands, S\u00f3s\u00edalistaflokknum og loks Al\u00fe\u00fd\u00f0ubandalaginu. Spennandi stj\u00f3rnm\u00e1lasaga. B\u00f3kin er bundin \u00ed forlagsband, Ballacron, alband me\u00f0 hl\u00edf\u00f0ark\u00e1pu. St\u00e6r\u00f0: 23.5 X 15.5 cm og 397 bls.<\/p>\n<p><strong>\u00datg\u00e1fa og prentun<\/strong>:<br \/>\nSvart \u00e1 hv\u00edtu. St\u00e6r\u00f0: 23.5 X 15.5 cm og 397 bls. Reykjav\u00edk 1987. Prentsmi\u00f0jan R\u00fan.<\/p>\n","protected":false},"excerpt":{"rendered":"<p>Al\u00fe\u00fd\u00f0ubandalagi\u00f0, \u00e1takasaga eftir \u00d3skar Gu\u00f0mundsson. Kastlj\u00f3sinu er beint a\u00f0 \u00e1t\u00f6kum \u00ed Al\u00fe\u00fd\u00f0uflokki, Komm\u00fanistaflokki \u00cdslands, S\u00f3s\u00edalistaflokknum og loks Al\u00fe\u00fd\u00f0ubandalaginu. Spennandi stj\u00f3rnm\u00e1lasaga. B\u00f3kin er bundin \u00ed forlagsband, Ballacron, alband me\u00f0 hl\u00edf\u00f0ark\u00e1pu. St\u00e6r\u00f0: 23.5 X 15.5 cm og 397 bls. \u00datg\u00e1fa og prentun: Svart \u00e1 hv\u00edtu. St\u00e6r\u00f0: 23.5 X 15.5 cm og 397 bls. Reykjav\u00edk 1987. Prentsmi\u00f0jan R\u00fan.<\/p>\n","protected":false},"featured_media":6187,"template":"","meta":{"slim_seo":{"title":"Al\u00fe\u00fd\u00f0ubandalagi\u00f0, \u00e1takasaga - KindArt","description":"Al\u00fe\u00fd\u00f0ubandalagi\u00f0, \u00e1takasaga eftir \u00d3skar Gu\u00f0mundsson. Kastlj\u00f3sinu er beint a\u00f0 \u00e1t\u00f6kum \u00ed Al\u00fe\u00fd\u00f0uflokki, Komm\u00fanistaflokki \u00cdslands, S\u00f3s\u00edalistaflokknum og loks Al\u00fe\u00fd\u00f0ub"}},"product_brand":[],"product_cat":[83],"product_tag":[],"class_list":{"0":"post-6193","1":"product","2":"type-product","3":"status-publish","4":"has-post-thumbnail","6":"product_cat-books","7":"product_shipping_class-small-en","9":"first","10":"outofstock","11":"purchasable","12":"product-type-simple"},"_links":{"self":[{"href":"https:\/\/kindart.is\/en\/wp-json\/wp\/v2\/product\/6193","targetHints":{"allow":["GET"]}}],"collection":[{"href":"https:\/\/kindart.is\/en\/wp-json\/wp\/v2\/product"}],"about":[{"href":"https:\/\/kindart.is\/en\/wp-json\/wp\/v2\/types\/product"}],"wp:featuredmedia":[{"embeddable":true,"href":"https:\/\/kindart.is\/en\/wp-json\/wp\/v2\/media\/6187"}],"wp:attachment":[{"href":"https:\/\/kindart.is\/en\/wp-json\/wp\/v2\/media?parent=6193"}],"wp:term":[{"taxonomy":"product_brand","embeddable":true,"href":"https:\/\/kindart.is\/en\/wp-json\/wp\/v2\/product_brand?post=6193"},{"taxonomy":"product_cat","embeddable":true,"href":"https:\/\/kindart.is\/en\/wp-json\/wp\/v2\/product_cat?post=6193"},{"taxonomy":"product_tag","embeddable":true,"href":"https:\/\/kindart.is\/en\/wp-json\/wp\/v2\/product_tag?post=6193"}],"curies":[{"name":"wp","href":"https:\/\/api.w.org\/{rel}","templated":true}]}}