{"id":6214,"date":"2022-12-27T20:32:46","date_gmt":"2022-12-27T20:32:46","guid":{"rendered":"https:\/\/kindart.is\/product\/heildarsafn-utvarpstidinda\/"},"modified":"2022-12-27T20:36:03","modified_gmt":"2022-12-27T20:36:03","slug":"heildarsafn-utvarpstidinda","status":"publish","type":"product","link":"https:\/\/kindart.is\/en\/vara\/heildarsafn-utvarpstidinda\/","title":{"rendered":"Heildarsafn \u00datvarpst\u00ed\u00f0inda"},"content":{"rendered":"<p><strong>\u00datvarpst\u00ed\u00f0indi<\/strong> var eitt vins\u00e6lasta t\u00edmarit sem hefur veri\u00f0 gefi\u00f0 \u00fat \u00e1 \u00cdslandi og kom \u00fat \u00ed byrjun seinni heimsstyrjaldarinnar. \u00datgefandi var Hlustandinn og Kristj\u00e1n Fri\u00f0riksson var fyrsti ritstj\u00f3rinn og \u00fea\u00f0 var prenta\u00f0 \u00ed Prentsmi\u00f0ju J\u00f3ns Helgasonar, en flj\u00f3tlega var fari\u00f0 a\u00f0 prenta \u00fea\u00f0 \u00ed \u00cdsafoldarprentsmi\u00f0ju. Upplagi\u00f0 var um 4500 eint\u00f6k, en f\u00f3r st\u00f6ku sinnum upp \u00ed 6000 eint\u00f6k. L\u00edklega hafa \u00fea\u00f0 veri\u00f0 efnist\u00f6k ritstj\u00f3rans sem r\u00e9\u00f0i vins\u00e6ldunum. \u00cd hverju bla\u00f0i var v\u00edsna\u00fe\u00e1ttur, vi\u00f0t\u00f6l vi\u00f0 \u00fdmsa m\u00e1lsmetandi menn sem komu fram \u00ed \u00fatvarpinu og myndir og teikningar af \u00feeim eftir ritstj\u00f3rann. \u00de\u00e1 var h\u00e1lfsm\u00e1na\u00f0ar dagskr\u00e1 R\u00daV kynnt og var \u00fea\u00f0 bur\u00f0ar\u00e1sinn \u00ed bla\u00f0inu og n\u00fdjung \u00ed \u00edslensku \u00fej\u00f3\u00f0f\u00e9lagi. St\u00e6r\u00f0 bla\u00f0anna er 25 X 18.5 cm, en bla\u00f0s\u00ed\u00f0ufj\u00f6ldinn gat veri\u00f0 misjafn, fr\u00e1 1 opnu (4 bls.) e\u00f0a 1 \u00f6rk (16 bls.) og stundum meira. St\u00e6r\u00f0in gat l\u00edka veri\u00f0 breytileg og muna\u00f0i oft um 1 cm \u00e1 h\u00e6\u00f0ina.<\/p>\n<p><strong>\u00datg\u00e1fa og prentun<\/strong>:<br \/>\n\u00datvarpst\u00ed\u00f0indi komu \u00fat \u00ed 12 \u00e1r. Fyrstu \u00ferj\u00fa \u00e1rin 1938\u20131940 undir stj\u00f3rn Kristj\u00e1ns Fri\u00f0rikssonar, en 1941 t\u00f3ku \u00feeir vi\u00f0 bla\u00f0inu Gunnar M. Magn\u00fass og J\u00f3n \u00far V\u00f6r, en Kristj\u00e1n sn\u00e9ri s\u00e9r alfari\u00f0 a\u00f0 kl\u00e6\u00f0ager\u00f0inni \u00dalt\u00edma sem hann rak \u00ed m\u00f6rg \u00e1r og var kenndur vi\u00f0. N\u00fa var fari\u00f0 a\u00f0 birta danslagatexta, jafnvel n\u00f3tur og n\u00e1\u00f0i \u00fea\u00f0 gr\u00ed\u00f0arlegum vins\u00e6ldum. Lj\u00f3\u00f0 og stuttar s\u00f6gur birtust l\u00edka st\u00f6ku sinnum og Raddir hlustenda og spurningar var fastur \u00fe\u00e1ttur. \u00deetta var \u00fev\u00ed menningarlegt t\u00edmarit sem menn l\u00e1su og h\u00f6f\u00f0u gaman a\u00f0. \u00dea\u00f0 var fari\u00f0 a\u00f0 prenta bla\u00f0i\u00f0 \u00ed V\u00edkingsprenti en me\u00f0 7. \u00e1rg. 1945 var aftur fari\u00f0 a\u00f0 prenta bla\u00f0i\u00f0 \u00ed \u00cdsafold og \u00feeir t\u00f3ku vi\u00f0 ritstj\u00f3rninni Vilhj\u00e1lmur \u00de. G\u00edslason og \u00deorsteinn J\u00f3sefssoon.<br \/>\nAl\u00fe\u00fd\u00f0uprentsmi\u00f0jan prenta\u00f0i n\u00fa nokkur bl\u00f6\u00f0 1945, en \u00fe\u00e1 byrja\u00f0i hulduprentsmi\u00f0jan Fr\u00f3\u00f0i allt \u00ed einu a\u00f0 prenta bla\u00f0i\u00f0 og ger\u00f0i \u00fea\u00f0 fr\u00e1 og me\u00f0 6.\u201315. tbl. 8. \u00e1rg. 1945 og 1.\u20137. tbl. 9. \u00e1rg. 1946, alls 17 bl\u00f6\u00f0. \u00deetta var prentsmi\u00f0ja sem rekin var \u00ed gr\u00f3\u00f0urh\u00fasi \u00ed bakgar\u00f0i vi\u00f0 Leifsg\u00f6tu og eru henni ger\u00f0 skil \u00ed b\u00f3k minni Prentsmi\u00f0jub\u00f3kin, bls. 213-214, sem kom \u00fat s.l. sumar. \u00cd lok fr\u00e1sagnar minnar segir a\u00f0 \u00fear hafi veri\u00f0 prentu\u00f0 2. \u00fatg\u00e1fa af mets\u00f6lub\u00f3kinni Kona manns sem Valdimar J\u00f3hannsson b\u00f3ka\u00fatgefandi gaf \u00fat hausti\u00f0 1945 og \u00fea\u00f0 var hann sem sag\u00f0i fr\u00e1 \u00feessari \u00f3venjulegu prentsmi\u00f0ju. N\u00fa vitum vi\u00f0 a\u00f0 Fr\u00f3\u00f0i hefur reki\u00f0 prentsmi\u00f0ju fram \u00e1 \u00e1ri\u00f0 1946 og kannski eitthva\u00f0 lengur og \u00fea\u00f0 kemur \u00fe\u00e1 \u00ed lj\u00f3s seinna, en \u00feetta eru n\u00fdjar uppl\u00fdsingar fyrir s\u00f6gu \u00feessarar einst\u00f6ku prentsmi\u00f0ju.<\/p>\n<p>\u00c1rin 1946\u20131948 er bla\u00f0i\u00f0 enn prenta\u00f0 \u00ed \u00cdsafold, en 1949 t\u00f3ku n\u00fdir menn vi\u00f0 stj\u00f3rnartaumunum, \u00fe.e. Eir\u00edkur Baldvinsson, Stef\u00e1n J\u00f3nsson og J\u00f3n Magn\u00fasson og \u00fe\u00e1 flyst prentunin \u00ed Prentsmi\u00f0juna Eddu. \u00deeir koma \u00fat 12 bl\u00f6\u00f0um og \u00fe\u00e1 h\u00e6ttir bla\u00f0i\u00f0 a\u00f0 koma \u00fat og bori\u00f0 er vi\u00f0 papp\u00edrsskorti. Enn er reynt a\u00f0 halda bla\u00f0inu \u00fati og J\u00f3n \u00far V\u00f6r l\u00e6tur \u00far v\u00f6r 1952 me\u00f0 n\u00fdjum flokki \u00datvarpst\u00ed\u00f0inda og merkir bla\u00f0i\u00f0 sem 1. \u00e1rg. og kemur \u00fat 10 t\u00f6lubl\u00f6\u00f0um. \u2014 S\u00ed\u00f0an \u00e1ri\u00f0 eftir 1953 reyna \u00feeir Gu\u00f0mundur Sigur\u00f0sson og J\u00f3hannes Gu\u00f0finnsson me\u00f0 a\u00f0eins st\u00e6rra brot, en \u00fea\u00f0 fer \u00e1 s\u00f6mu lei\u00f0. \u00deeir koma l\u00edka \u00fat 10\u201311.tbl. en s\u00ed\u00f0an ekki s\u00f6guna meir og dagar \u00feessa merka rits eru taldir.<\/p>\n<p><strong>\u00datvarpst\u00ed\u00f0indi<\/strong><br \/>\n1938 ma\u00ed \u2013 okt. 1938 11 bl\u00f6\u00f0 (\u00feunn) 1. \u00e1rg.<br \/>\n1938 okt. \u2013 apr. 1939 25 bl\u00f6\u00f0 (1\u201328) 2. \u00e1rg. Merkt 1. \u00e1rg.<br \/>\n1940 okt. \u2013 okt. 1941 36 bl\u00f6\u00f0 (1\u201339) 3. \u00e1rg.<br \/>\n1941 okt. \u2013 okt. 1942 27 bl\u00f6\u00f0 (1\u201332) 4. \u00e1rg.<br \/>\n1942 n\u00f3v. \u2013 okt. 1943 22 bl\u00f6\u00f0 (1\u201325) 5. \u00e1rg.<br \/>\n1943 okt. \u2013 j\u00fal. 1944 18 bl\u00f6\u00f0 (1\u201325) 6. \u00e1rg.<br \/>\n1944 j\u00fal. \u2013 apr. 1945 15 bl\u00f6\u00f0 (1\u201320) 7. \u00e1rg.<br \/>\n1945 apr. \u2013 des. 1945 15 bl\u00f6\u00f0 (1\u201315) 8. \u00e1rg.<br \/>\n1946 jan. \u2013 des. 1946 21 bla\u00f0 (1\u201321) 9. \u00e1rg.<br \/>\n1947 jan. \u2013 jan. 1948 19 bl\u00f6\u00f0 (1\u201319) 10. \u00e1rg.<br \/>\n1949 feb. \u2013 n\u00f3v. 1949 12 bl\u00f6\u00f0 (1\u201312) 12. \u00e1rg.<br \/>\n1952 jan. \u2013 des. 1952 9 bl\u00f6\u00f0 (1\u201310) I. \u00e1rg.<br \/>\n1953 mar. \u2013 des. 1953 9 bl\u00f6\u00f0 (1\u201311) \u00e1n \u00e1rg. t\u00f6lu.<\/p>\n<p><strong>Alls<\/strong>: 212 bl\u00f6\u00f0<\/p>\n","protected":false},"excerpt":{"rendered":"<p>\u00datvarpst\u00ed\u00f0indi var eitt vins\u00e6lasta t\u00edmarit sem hefur veri\u00f0 gefi\u00f0 \u00fat \u00e1 \u00cdslandi og kom \u00fat \u00ed byrjun seinni heimsstyrjaldarinnar. \u00datgefandi var Hlustandinn og Kristj\u00e1n Fri\u00f0riksson var fyrsti ritstj\u00f3rinn og \u00fea\u00f0 var prenta\u00f0 \u00ed Prentsmi\u00f0ju J\u00f3ns Helgasonar, en flj\u00f3tlega var fari\u00f0 a\u00f0 prenta \u00fea\u00f0 \u00ed \u00cdsafoldarprentsmi\u00f0ju. Upplagi\u00f0 var um 4500 eint\u00f6k, en f\u00f3r st\u00f6ku sinnum upp [&hellip;]<\/p>\n","protected":false},"featured_media":6216,"template":"","meta":{"slim_seo":{"title":"Heildarsafn \u00datvarpst\u00ed\u00f0inda - KindArt","description":"\u00datvarpst\u00ed\u00f0indi var eitt vins\u00e6lasta t\u00edmarit sem hefur veri\u00f0 gefi\u00f0 \u00fat \u00e1 \u00cdslandi og kom \u00fat \u00ed byrjun seinni heimsstyrjaldarinnar. \u00datgefandi var Hlustandinn og Krist"}},"product_brand":[],"product_cat":[83],"product_tag":[],"class_list":{"0":"post-6214","1":"product","2":"type-product","3":"status-publish","4":"has-post-thumbnail","6":"product_cat-books","7":"product_shipping_class-large-en","9":"first","10":"instock","11":"purchasable","12":"product-type-simple"},"_links":{"self":[{"href":"https:\/\/kindart.is\/en\/wp-json\/wp\/v2\/product\/6214","targetHints":{"allow":["GET"]}}],"collection":[{"href":"https:\/\/kindart.is\/en\/wp-json\/wp\/v2\/product"}],"about":[{"href":"https:\/\/kindart.is\/en\/wp-json\/wp\/v2\/types\/product"}],"wp:featuredmedia":[{"embeddable":true,"href":"https:\/\/kindart.is\/en\/wp-json\/wp\/v2\/media\/6216"}],"wp:attachment":[{"href":"https:\/\/kindart.is\/en\/wp-json\/wp\/v2\/media?parent=6214"}],"wp:term":[{"taxonomy":"product_brand","embeddable":true,"href":"https:\/\/kindart.is\/en\/wp-json\/wp\/v2\/product_brand?post=6214"},{"taxonomy":"product_cat","embeddable":true,"href":"https:\/\/kindart.is\/en\/wp-json\/wp\/v2\/product_cat?post=6214"},{"taxonomy":"product_tag","embeddable":true,"href":"https:\/\/kindart.is\/en\/wp-json\/wp\/v2\/product_tag?post=6214"}],"curies":[{"name":"wp","href":"https:\/\/api.w.org\/{rel}","templated":true}]}}