{"id":6223,"date":"2022-12-28T15:14:19","date_gmt":"2022-12-28T15:14:19","guid":{"rendered":"https:\/\/kindart.is\/product\/mannlif-undir-kombum\/"},"modified":"2022-12-28T15:14:19","modified_gmt":"2022-12-28T15:14:19","slug":"mannlif-undir-kombum","status":"publish","type":"product","link":"https:\/\/kindart.is\/en\/vara\/mannlif-undir-kombum\/","title":{"rendered":"Mannl\u00edf undir K\u00f6mbum"},"content":{"rendered":"<p><strong>Mannl\u00edf undir K\u00f6mbum<\/strong>. Gu\u00f0mundur Jakobsson skr\u00e1\u00f0i og skrifa\u00f0i form\u00e1la. Vi\u00f0t\u00f6l vi\u00f0 Hverger\u00f0inga. Forlagsband, alband. St\u00e6r\u00f0: 21.8 X 13.8 cm og 312 bls. Vantar hl\u00edf\u00f0ark\u00e1pu. Mynd af Hverager\u00f0i \u00e1 saurbl\u00f6\u00f0um. \u2013 Tala\u00f0 er v i\u00f0: Aage Michelsen, Axel Magn\u00fasson, Hans G\u00fastafsson, Ingu Wium, Ingimar Sigur\u00f0sson, Sigr\u00ed\u00f0i Bj\u00f6rnsd\u00f3ttur, Sigur\u00f0 S\u00f3lmundsson og \u00de\u00f3r\u00f0 \u00d6gmund J\u00f3hannsson.<\/p>\n<p><strong>\u00datg\u00e1fa og prentun<\/strong>:<br \/>\nReykjaforlagi\u00f0, Reykjav\u00edk 1984. Prentsmi\u00f0jan Prentr\u00fan. B\u00f3kband: Arnarfell.<\/p>\n","protected":false},"excerpt":{"rendered":"<p>Mannl\u00edf undir K\u00f6mbum. Gu\u00f0mundur Jakobsson skr\u00e1\u00f0i og skrifa\u00f0i form\u00e1la. Vi\u00f0t\u00f6l vi\u00f0 Hverger\u00f0inga. Forlagsband, alband. St\u00e6r\u00f0: 21.8 X 13.8 cm og 312 bls. Vantar hl\u00edf\u00f0ark\u00e1pu. Mynd af Hverager\u00f0i \u00e1 saurbl\u00f6\u00f0um. \u2013 Tala\u00f0 er v i\u00f0: Aage Michelsen, Axel Magn\u00fasson, Hans G\u00fastafsson, Ingu Wium, Ingimar Sigur\u00f0sson, Sigr\u00ed\u00f0i Bj\u00f6rnsd\u00f3ttur, Sigur\u00f0 S\u00f3lmundsson og \u00de\u00f3r\u00f0 \u00d6gmund J\u00f3hannsson. \u00datg\u00e1fa og prentun: [&hellip;]<\/p>\n","protected":false},"featured_media":6219,"template":"","meta":{"slim_seo":{"title":"Mannl\u00edf undir K\u00f6mbum - KindArt","description":"Mannl\u00edf undir K\u00f6mbum . Gu\u00f0mundur Jakobsson skr\u00e1\u00f0i og skrifa\u00f0i form\u00e1la. Vi\u00f0t\u00f6l vi\u00f0 Hverger\u00f0inga. Forlagsband, alband. St\u00e6r\u00f0: 21.8 X 13.8 cm og 312 bls. Vantar hl"}},"product_brand":[],"product_cat":[83],"product_tag":[],"class_list":{"0":"post-6223","1":"product","2":"type-product","3":"status-publish","4":"has-post-thumbnail","6":"product_cat-books","7":"product_shipping_class-small-en","9":"first","10":"outofstock","11":"purchasable","12":"product-type-simple"},"_links":{"self":[{"href":"https:\/\/kindart.is\/en\/wp-json\/wp\/v2\/product\/6223","targetHints":{"allow":["GET"]}}],"collection":[{"href":"https:\/\/kindart.is\/en\/wp-json\/wp\/v2\/product"}],"about":[{"href":"https:\/\/kindart.is\/en\/wp-json\/wp\/v2\/types\/product"}],"wp:featuredmedia":[{"embeddable":true,"href":"https:\/\/kindart.is\/en\/wp-json\/wp\/v2\/media\/6219"}],"wp:attachment":[{"href":"https:\/\/kindart.is\/en\/wp-json\/wp\/v2\/media?parent=6223"}],"wp:term":[{"taxonomy":"product_brand","embeddable":true,"href":"https:\/\/kindart.is\/en\/wp-json\/wp\/v2\/product_brand?post=6223"},{"taxonomy":"product_cat","embeddable":true,"href":"https:\/\/kindart.is\/en\/wp-json\/wp\/v2\/product_cat?post=6223"},{"taxonomy":"product_tag","embeddable":true,"href":"https:\/\/kindart.is\/en\/wp-json\/wp\/v2\/product_tag?post=6223"}],"curies":[{"name":"wp","href":"https:\/\/api.w.org\/{rel}","templated":true}]}}