{"id":6230,"date":"2022-12-28T15:17:38","date_gmt":"2022-12-28T15:17:38","guid":{"rendered":"https:\/\/kindart.is\/product\/menn-og-minningar\/"},"modified":"2022-12-28T15:17:38","modified_gmt":"2022-12-28T15:17:38","slug":"menn-og-minningar","status":"publish","type":"product","link":"https:\/\/kindart.is\/en\/vara\/menn-og-minningar\/","title":{"rendered":"Menn og minningar"},"content":{"rendered":"<p><strong>Menn og minningar<\/strong> eftir Gylfa Gr\u00f6ndal. Vi\u00f0t\u00f6l og \u00fe\u00e6ttir um \u00e1gleymanlega menn. B\u00f3kin er bundin \u00ed br\u00fant rex\u00edn og gyllt \u00e1 kj\u00f6l, alband. St\u00e6r\u00f0: 23.5 X 15.6 cm og 188 bls.<\/p>\n<p><strong>\u00datg\u00e1fa og prentun<\/strong>:<br \/>\n\u00datgefandi: Setberg, Reykjav\u00edk 1981. Prentun: Prentberg<\/p>\n","protected":false},"excerpt":{"rendered":"<p>Menn og minningar eftir Gylfa Gr\u00f6ndal. Vi\u00f0t\u00f6l og \u00fe\u00e6ttir um \u00e1gleymanlega menn. B\u00f3kin er bundin \u00ed br\u00fant rex\u00edn og gyllt \u00e1 kj\u00f6l, alband. St\u00e6r\u00f0: 23.5 X 15.6 cm og 188 bls. \u00datg\u00e1fa og prentun: \u00datgefandi: Setberg, Reykjav\u00edk 1981. Prentun: Prentberg<\/p>\n","protected":false},"featured_media":6226,"template":"","meta":{"slim_seo":{"title":"Menn og minningar - KindArt","description":"Menn og minningar eftir Gylfa Gr\u00f6ndal. Vi\u00f0t\u00f6l og \u00fe\u00e6ttir um \u00e1gleymanlega menn. B\u00f3kin er bundin \u00ed br\u00fant rex\u00edn og gyllt \u00e1 kj\u00f6l, alband. St\u00e6r\u00f0: 23.5 X 15.6 cm og 18"}},"product_brand":[],"product_cat":[83],"product_tag":[],"class_list":{"0":"post-6230","1":"product","2":"type-product","3":"status-publish","4":"has-post-thumbnail","6":"product_cat-books","7":"product_shipping_class-small-en","9":"first","10":"instock","11":"purchasable","12":"product-type-simple"},"_links":{"self":[{"href":"https:\/\/kindart.is\/en\/wp-json\/wp\/v2\/product\/6230","targetHints":{"allow":["GET"]}}],"collection":[{"href":"https:\/\/kindart.is\/en\/wp-json\/wp\/v2\/product"}],"about":[{"href":"https:\/\/kindart.is\/en\/wp-json\/wp\/v2\/types\/product"}],"wp:featuredmedia":[{"embeddable":true,"href":"https:\/\/kindart.is\/en\/wp-json\/wp\/v2\/media\/6226"}],"wp:attachment":[{"href":"https:\/\/kindart.is\/en\/wp-json\/wp\/v2\/media?parent=6230"}],"wp:term":[{"taxonomy":"product_brand","embeddable":true,"href":"https:\/\/kindart.is\/en\/wp-json\/wp\/v2\/product_brand?post=6230"},{"taxonomy":"product_cat","embeddable":true,"href":"https:\/\/kindart.is\/en\/wp-json\/wp\/v2\/product_cat?post=6230"},{"taxonomy":"product_tag","embeddable":true,"href":"https:\/\/kindart.is\/en\/wp-json\/wp\/v2\/product_tag?post=6230"}],"curies":[{"name":"wp","href":"https:\/\/api.w.org\/{rel}","templated":true}]}}