{"id":6237,"date":"2022-12-28T15:21:01","date_gmt":"2022-12-28T15:21:01","guid":{"rendered":"https:\/\/kindart.is\/product\/rangvellingabok\/"},"modified":"2023-08-28T01:57:46","modified_gmt":"2023-08-28T01:57:46","slug":"rangvellingabok","status":"publish","type":"product","link":"https:\/\/kindart.is\/en\/vara\/rangvellingabok\/","title":{"rendered":"Rangvellingab\u00f3k"},"content":{"rendered":"<p><strong>Rangvellingab\u00f3k<\/strong> eftir Valgeir Sigur\u00f0sson \u00deingsk\u00e1lum. Saga jar\u00f0a og \u00e1b\u00fa\u00f0ar \u00ed Rang\u00e1rvallahreppi, Fyrra bindi. B\u00f3kin er bundin \u00ed svart rex\u00ednband, alband og gyllt \u00e1 kj\u00f6l. St\u00e6r\u00f0: 23.5 X 15.5 cm og 358 bls.<\/p>\n<p><strong>\u00datg\u00e1fa og prentun<\/strong>:<br \/>\nRang\u00e1rvallahreppur Hellu 1982. Helluprent 1982.<\/p>\n","protected":false},"excerpt":{"rendered":"<p>Rangvellingab\u00f3k eftir Valgeir Sigur\u00f0sson \u00deingsk\u00e1lum. Saga jar\u00f0a og \u00e1b\u00fa\u00f0ar \u00ed Rang\u00e1rvallahreppi, Fyrra bindi. B\u00f3kin er bundin \u00ed svart rex\u00ednband, alband og gyllt \u00e1 kj\u00f6l. St\u00e6r\u00f0: 23.5 X 15.5 cm og 358 bls. \u00datg\u00e1fa og prentun: Rang\u00e1rvallahreppur Hellu 1982. Helluprent 1982.<\/p>\n","protected":false},"featured_media":6233,"template":"","meta":{"slim_seo":{"title":"Rangvellingab\u00f3k - KindArt","description":"Rangvellingab\u00f3k eftir Valgeir Sigur\u00f0sson \u00deingsk\u00e1lum. Saga jar\u00f0a og \u00e1b\u00fa\u00f0ar \u00ed Rang\u00e1rvallahreppi, Fyrra bindi. B\u00f3kin er bundin \u00ed svart rex\u00ednband, alband og gyllt \u00e1"}},"product_brand":[],"product_cat":[83],"product_tag":[],"class_list":{"0":"post-6237","1":"product","2":"type-product","3":"status-publish","4":"has-post-thumbnail","6":"product_cat-books","7":"product_shipping_class-small-en","9":"first","10":"outofstock","11":"purchasable","12":"product-type-simple"},"_links":{"self":[{"href":"https:\/\/kindart.is\/en\/wp-json\/wp\/v2\/product\/6237","targetHints":{"allow":["GET"]}}],"collection":[{"href":"https:\/\/kindart.is\/en\/wp-json\/wp\/v2\/product"}],"about":[{"href":"https:\/\/kindart.is\/en\/wp-json\/wp\/v2\/types\/product"}],"wp:featuredmedia":[{"embeddable":true,"href":"https:\/\/kindart.is\/en\/wp-json\/wp\/v2\/media\/6233"}],"wp:attachment":[{"href":"https:\/\/kindart.is\/en\/wp-json\/wp\/v2\/media?parent=6237"}],"wp:term":[{"taxonomy":"product_brand","embeddable":true,"href":"https:\/\/kindart.is\/en\/wp-json\/wp\/v2\/product_brand?post=6237"},{"taxonomy":"product_cat","embeddable":true,"href":"https:\/\/kindart.is\/en\/wp-json\/wp\/v2\/product_cat?post=6237"},{"taxonomy":"product_tag","embeddable":true,"href":"https:\/\/kindart.is\/en\/wp-json\/wp\/v2\/product_tag?post=6237"}],"curies":[{"name":"wp","href":"https:\/\/api.w.org\/{rel}","templated":true}]}}