{"id":6245,"date":"2022-12-28T15:24:09","date_gmt":"2022-12-28T15:24:09","guid":{"rendered":"https:\/\/kindart.is\/product\/skyrsla-fra-nr-24\/"},"modified":"2022-12-28T15:24:09","modified_gmt":"2022-12-28T15:24:09","slug":"skyrsla-fra-nr-24","status":"publish","type":"product","link":"https:\/\/kindart.is\/en\/vara\/skyrsla-fra-nr-24\/","title":{"rendered":"Sk\u00fdrsla fr\u00e1 Nr. 24"},"content":{"rendered":"<p><strong>Sk\u00fdrsla fr\u00e1 Nr. 24<\/strong> eftir Gunnar S\u00f6nsteby. Hersteinn P\u00e1lsson \u00fe\u00fdddi. B\u00f3kin er \u00ed b\u00f3kaflokknum H\u00e1spennus\u00f6gurnar. B\u00f3kin er bundin \u00ed rautt shirtingsband, alband og gyllt \u00e1 kj\u00f6l. St\u00e6r\u00f0: 23.5 X 15.4 cm og 204 bls.<\/p>\n<p><strong>\u00datg\u00e1fa og prentun<\/strong>:<br \/>\nB\u00f3ka\u00fatg\u00e1fan Skuggsj\u00e1, Hafnarfir\u00f0i 1977. V\u00edkurprent Reykjav\u00edk. B\u00f3kband: B\u00f3kfell.<\/p>\n","protected":false},"excerpt":{"rendered":"<p>Sk\u00fdrsla fr\u00e1 Nr. 24 eftir Gunnar S\u00f6nsteby. Hersteinn P\u00e1lsson \u00fe\u00fdddi. B\u00f3kin er \u00ed b\u00f3kaflokknum H\u00e1spennus\u00f6gurnar. B\u00f3kin er bundin \u00ed rautt shirtingsband, alband og gyllt \u00e1 kj\u00f6l. St\u00e6r\u00f0: 23.5 X 15.4 cm og 204 bls. \u00datg\u00e1fa og prentun: B\u00f3ka\u00fatg\u00e1fan Skuggsj\u00e1, Hafnarfir\u00f0i 1977. V\u00edkurprent Reykjav\u00edk. B\u00f3kband: B\u00f3kfell.<\/p>\n","protected":false},"featured_media":6241,"template":"","meta":{"slim_seo":{"title":"Sk\u00fdrsla fr\u00e1 Nr. 24 - KindArt","description":"Sk\u00fdrsla fr\u00e1 Nr. 24 eftir Gunnar S\u00f6nsteby. Hersteinn P\u00e1lsson \u00fe\u00fdddi. B\u00f3kin er \u00ed b\u00f3kaflokknum H\u00e1spennus\u00f6gurnar. B\u00f3kin er bundin \u00ed rautt shirtingsband, alband og gy"}},"product_brand":[],"product_cat":[83],"product_tag":[],"class_list":{"0":"post-6245","1":"product","2":"type-product","3":"status-publish","4":"has-post-thumbnail","6":"product_cat-books","7":"product_shipping_class-small-en","9":"first","10":"outofstock","11":"purchasable","12":"product-type-simple"},"_links":{"self":[{"href":"https:\/\/kindart.is\/en\/wp-json\/wp\/v2\/product\/6245","targetHints":{"allow":["GET"]}}],"collection":[{"href":"https:\/\/kindart.is\/en\/wp-json\/wp\/v2\/product"}],"about":[{"href":"https:\/\/kindart.is\/en\/wp-json\/wp\/v2\/types\/product"}],"wp:featuredmedia":[{"embeddable":true,"href":"https:\/\/kindart.is\/en\/wp-json\/wp\/v2\/media\/6241"}],"wp:attachment":[{"href":"https:\/\/kindart.is\/en\/wp-json\/wp\/v2\/media?parent=6245"}],"wp:term":[{"taxonomy":"product_brand","embeddable":true,"href":"https:\/\/kindart.is\/en\/wp-json\/wp\/v2\/product_brand?post=6245"},{"taxonomy":"product_cat","embeddable":true,"href":"https:\/\/kindart.is\/en\/wp-json\/wp\/v2\/product_cat?post=6245"},{"taxonomy":"product_tag","embeddable":true,"href":"https:\/\/kindart.is\/en\/wp-json\/wp\/v2\/product_tag?post=6245"}],"curies":[{"name":"wp","href":"https:\/\/api.w.org\/{rel}","templated":true}]}}