{"id":6254,"date":"2022-12-28T15:28:26","date_gmt":"2022-12-28T15:28:26","guid":{"rendered":"https:\/\/kindart.is\/product\/veturnottakyrrur\/"},"modified":"2022-12-28T15:28:26","modified_gmt":"2022-12-28T15:28:26","slug":"veturnottakyrrur","status":"publish","type":"product","link":"https:\/\/kindart.is\/en\/vara\/veturnottakyrrur\/","title":{"rendered":"Veturn\u00f3ttakyrrur"},"content":{"rendered":"<p><strong>Veturn\u00f3ttakyrrur<\/strong> eftir J\u00f3nas \u00c1rnason. S\u00f6gur, svipmyndir og fr\u00e1sagnir. Forlagsband, alband me\u00f0 hl\u00edf\u00f0ark\u00e1pu. St\u00e6r\u00f0: 21.8 X 14 cm og 240 bls.<\/p>\n<p><strong>\u00datg\u00e1fa og prentun<\/strong>:<br \/>\n\u00c6gis\u00fatg\u00e1fan, Reykjav\u00edk 1976. Prentsmi\u00f0jan Edda.<\/p>\n","protected":false},"excerpt":{"rendered":"<p>Veturn\u00f3ttakyrrur eftir J\u00f3nas \u00c1rnason. S\u00f6gur, svipmyndir og fr\u00e1sagnir. Forlagsband, alband me\u00f0 hl\u00edf\u00f0ark\u00e1pu. St\u00e6r\u00f0: 21.8 X 14 cm og 240 bls. \u00datg\u00e1fa og prentun: \u00c6gis\u00fatg\u00e1fan, Reykjav\u00edk 1976. Prentsmi\u00f0jan Edda.<\/p>\n","protected":false},"featured_media":6248,"template":"","meta":{"slim_seo":{"title":"Veturn\u00f3ttakyrrur - KindArt","description":"Veturn\u00f3ttakyrrur eftir J\u00f3nas \u00c1rnason. S\u00f6gur, svipmyndir og fr\u00e1sagnir. Forlagsband, alband me\u00f0 hl\u00edf\u00f0ark\u00e1pu. St\u00e6r\u00f0: 21.8 X 14 cm og 240 bls. \u00datg\u00e1fa og prentun : \u00c6"}},"product_brand":[],"product_cat":[83],"product_tag":[],"class_list":{"0":"post-6254","1":"product","2":"type-product","3":"status-publish","4":"has-post-thumbnail","6":"product_cat-books","7":"product_shipping_class-small-en","9":"first","10":"instock","11":"purchasable","12":"product-type-simple"},"_links":{"self":[{"href":"https:\/\/kindart.is\/en\/wp-json\/wp\/v2\/product\/6254","targetHints":{"allow":["GET"]}}],"collection":[{"href":"https:\/\/kindart.is\/en\/wp-json\/wp\/v2\/product"}],"about":[{"href":"https:\/\/kindart.is\/en\/wp-json\/wp\/v2\/types\/product"}],"wp:featuredmedia":[{"embeddable":true,"href":"https:\/\/kindart.is\/en\/wp-json\/wp\/v2\/media\/6248"}],"wp:attachment":[{"href":"https:\/\/kindart.is\/en\/wp-json\/wp\/v2\/media?parent=6254"}],"wp:term":[{"taxonomy":"product_brand","embeddable":true,"href":"https:\/\/kindart.is\/en\/wp-json\/wp\/v2\/product_brand?post=6254"},{"taxonomy":"product_cat","embeddable":true,"href":"https:\/\/kindart.is\/en\/wp-json\/wp\/v2\/product_cat?post=6254"},{"taxonomy":"product_tag","embeddable":true,"href":"https:\/\/kindart.is\/en\/wp-json\/wp\/v2\/product_tag?post=6254"}],"curies":[{"name":"wp","href":"https:\/\/api.w.org\/{rel}","templated":true}]}}