{"id":6293,"date":"2023-02-06T14:34:33","date_gmt":"2023-02-06T14:34:33","guid":{"rendered":"https:\/\/kindart.is\/product\/bolstadir-og-buendur-i-stokkseyrarhreppi\/"},"modified":"2023-10-09T15:42:23","modified_gmt":"2023-10-09T15:42:23","slug":"bolstadir-og-buendur-i-stokkseyrarhreppi","status":"publish","type":"product","link":"https:\/\/kindart.is\/en\/vara\/bolstadir-og-buendur-i-stokkseyrarhreppi\/","title":{"rendered":"B\u00f3lsta\u00f0ir og b\u00faendur \u00ed Stokkseyrarhreppi"},"content":{"rendered":"<p><strong>B\u00f3lsta\u00f0ir og b\u00faendur \u00ed Stokkseyrarhreppi<\/strong>. Gu\u00f0ni J\u00f3nsson magister safna\u00f0i, samdi og skr\u00e1\u00f0i. Doktorsrit hans. Handband. B\u00f3kin er bundin \u00ed vanda\u00f0 br\u00fant shagrinskinnband \u00e1 kj\u00f6l og horn og vanda\u00f0an spjaldapapp\u00edr. K\u00e1pur fylgja me\u00f0 og kort af Stokkseyrarhreppi. St\u00e6r\u00f0: 25.5 X 17 cm. og 462 bls.<\/p>\n<p><strong>\u00datg\u00e1fa og prentun<\/strong>:<br \/>\nStokkseyrarf\u00e9lagi\u00f0 \u00ed Reykjav\u00edk gaf \u00fat Reykjav\u00edk 1952. Prentsmi\u00f0jan H\u00f3lar.<\/p>\n","protected":false},"excerpt":{"rendered":"<p>B\u00f3lsta\u00f0ir og b\u00faendur \u00ed Stokkseyrarhreppi. Gu\u00f0ni J\u00f3nsson magister safna\u00f0i, samdi og skr\u00e1\u00f0i. Doktorsrit hans. Handband. B\u00f3kin er bundin \u00ed vanda\u00f0 br\u00fant shagrinskinnband \u00e1 kj\u00f6l og horn og vanda\u00f0an spjaldapapp\u00edr. K\u00e1pur fylgja me\u00f0 og kort af Stokkseyrarhreppi. St\u00e6r\u00f0: 25.5 X 17 cm. og 462 bls. \u00datg\u00e1fa og prentun: Stokkseyrarf\u00e9lagi\u00f0 \u00ed Reykjav\u00edk gaf \u00fat Reykjav\u00edk 1952. Prentsmi\u00f0jan [&hellip;]<\/p>\n","protected":false},"featured_media":6289,"template":"","meta":{"slim_seo":{"title":"B\u00f3lsta\u00f0ir og b\u00faendur \u00ed Stokkseyrarhreppi - KindArt","description":"B\u00f3lsta\u00f0ir og b\u00faendur \u00ed Stokkseyrarhreppi . Gu\u00f0ni J\u00f3nsson magister safna\u00f0i, samdi og skr\u00e1\u00f0i. Doktorsrit hans. Handband. B\u00f3kin er bundin \u00ed vanda\u00f0 br\u00fant shagrinski"}},"product_brand":[],"product_cat":[83],"product_tag":[],"class_list":{"0":"post-6293","1":"product","2":"type-product","3":"status-publish","4":"has-post-thumbnail","6":"product_cat-books","7":"product_shipping_class-small-en","9":"first","10":"outofstock","11":"purchasable","12":"product-type-simple"},"_links":{"self":[{"href":"https:\/\/kindart.is\/en\/wp-json\/wp\/v2\/product\/6293","targetHints":{"allow":["GET"]}}],"collection":[{"href":"https:\/\/kindart.is\/en\/wp-json\/wp\/v2\/product"}],"about":[{"href":"https:\/\/kindart.is\/en\/wp-json\/wp\/v2\/types\/product"}],"wp:featuredmedia":[{"embeddable":true,"href":"https:\/\/kindart.is\/en\/wp-json\/wp\/v2\/media\/6289"}],"wp:attachment":[{"href":"https:\/\/kindart.is\/en\/wp-json\/wp\/v2\/media?parent=6293"}],"wp:term":[{"taxonomy":"product_brand","embeddable":true,"href":"https:\/\/kindart.is\/en\/wp-json\/wp\/v2\/product_brand?post=6293"},{"taxonomy":"product_cat","embeddable":true,"href":"https:\/\/kindart.is\/en\/wp-json\/wp\/v2\/product_cat?post=6293"},{"taxonomy":"product_tag","embeddable":true,"href":"https:\/\/kindart.is\/en\/wp-json\/wp\/v2\/product_tag?post=6293"}],"curies":[{"name":"wp","href":"https:\/\/api.w.org\/{rel}","templated":true}]}}