{"id":6299,"date":"2023-02-06T15:09:56","date_gmt":"2023-02-06T15:09:56","guid":{"rendered":"https:\/\/kindart.is\/product\/eugenia-keisaradrottning\/"},"modified":"2023-02-06T15:10:35","modified_gmt":"2023-02-06T15:10:35","slug":"eugenia-keisaradrottning","status":"publish","type":"product","link":"https:\/\/kindart.is\/en\/vara\/eugenia-keisaradrottning\/","title":{"rendered":"Eugen\u00eda keisaradrottning"},"content":{"rendered":"<p><strong>Eugen\u00eda keisaradrottning<\/strong> eftir Octave Aubry. Magn\u00fas Magn\u00fasson \u00edslenska\u00f0i. B\u00f3kin er bundin \u00ed rautt rex\u00edn \u00e1 kj\u00f6l og horn. Gyllt \u00e1 kj\u00f6l. St\u00e6r\u00f0: 23.5 X 15.5 cm 355 bls.<\/p>\n<p><strong>\u00datg\u00e1fa og prentun<\/strong>:<br \/>\nPrentsmi\u00f0ja Austurlands h.f. Sey\u00f0isfir\u00f0i, 1948. Prentu\u00f0 \u00ed Prentsmi\u00f0ju Austurlands \u00e1 Sey\u00f0isfir\u00f0i.<\/p>\n","protected":false},"excerpt":{"rendered":"<p>Eugen\u00eda keisaradrottning eftir Octave Aubry. Magn\u00fas Magn\u00fasson \u00edslenska\u00f0i. B\u00f3kin er bundin \u00ed rautt rex\u00edn \u00e1 kj\u00f6l og horn. Gyllt \u00e1 kj\u00f6l. St\u00e6r\u00f0: 23.5 X 15.5 cm 355 bls. \u00datg\u00e1fa og prentun: Prentsmi\u00f0ja Austurlands h.f. Sey\u00f0isfir\u00f0i, 1948. Prentu\u00f0 \u00ed Prentsmi\u00f0ju Austurlands \u00e1 Sey\u00f0isfir\u00f0i.<\/p>\n","protected":false},"featured_media":6296,"template":"","meta":{"slim_seo":{"title":"Eugen\u00eda keisaradrottning - KindArt","description":"Eugen\u00eda keisaradrottning eftir Octave Aubry. Magn\u00fas Magn\u00fasson \u00edslenska\u00f0i. B\u00f3kin er bundin \u00ed rautt rex\u00edn \u00e1 kj\u00f6l og horn. Gyllt \u00e1 kj\u00f6l. St\u00e6r\u00f0: 23.5 X 15.5 cm 355"}},"product_brand":[],"product_cat":[83],"product_tag":[],"class_list":{"0":"post-6299","1":"product","2":"type-product","3":"status-publish","4":"has-post-thumbnail","6":"product_cat-books","7":"product_shipping_class-small-en","9":"first","10":"instock","11":"purchasable","12":"product-type-simple"},"_links":{"self":[{"href":"https:\/\/kindart.is\/en\/wp-json\/wp\/v2\/product\/6299","targetHints":{"allow":["GET"]}}],"collection":[{"href":"https:\/\/kindart.is\/en\/wp-json\/wp\/v2\/product"}],"about":[{"href":"https:\/\/kindart.is\/en\/wp-json\/wp\/v2\/types\/product"}],"wp:featuredmedia":[{"embeddable":true,"href":"https:\/\/kindart.is\/en\/wp-json\/wp\/v2\/media\/6296"}],"wp:attachment":[{"href":"https:\/\/kindart.is\/en\/wp-json\/wp\/v2\/media?parent=6299"}],"wp:term":[{"taxonomy":"product_brand","embeddable":true,"href":"https:\/\/kindart.is\/en\/wp-json\/wp\/v2\/product_brand?post=6299"},{"taxonomy":"product_cat","embeddable":true,"href":"https:\/\/kindart.is\/en\/wp-json\/wp\/v2\/product_cat?post=6299"},{"taxonomy":"product_tag","embeddable":true,"href":"https:\/\/kindart.is\/en\/wp-json\/wp\/v2\/product_tag?post=6299"}],"curies":[{"name":"wp","href":"https:\/\/api.w.org\/{rel}","templated":true}]}}