{"id":6305,"date":"2023-02-06T15:13:11","date_gmt":"2023-02-06T15:13:11","guid":{"rendered":"https:\/\/kindart.is\/product\/johannes-s-kjarval\/"},"modified":"2023-02-06T15:13:11","modified_gmt":"2023-02-06T15:13:11","slug":"johannes-s-kjarval","status":"publish","type":"product","link":"https:\/\/kindart.is\/en\/vara\/johannes-s-kjarval\/","title":{"rendered":"J\u00f3hannes S. Kjarval"},"content":{"rendered":"<p><strong>J\u00f3hannes S. Kjarval<\/strong>, \u00ed Listasafni \u00cdslands 1885-1985. B\u00f3kin er saumu\u00f0 og bundin \u00ed spj\u00f6ld \u00ed sterkan myndapapp\u00edr, 135 gr \u00cdkonofix; K\u00e1pumynd: Flug\u00fer\u00e1. St\u00e6r\u00f0: 23.3 X 23 cm og 182 bls.<\/p>\n<p><strong>\u00datg\u00e1fa og prentun<\/strong>:<br \/>\nListasafn \u00cdslands, Reykjav\u00edk 1986. R\u00edkisprentsmi\u00f0jan Gutenberg \u2013 Graf\u00edk \u2013 Gutenberg \u2013 Korpus \u2013 Kassager\u00f0 Reykjav\u00edkur.<\/p>\n","protected":false},"excerpt":{"rendered":"<p>J\u00f3hannes S. Kjarval, \u00ed Listasafni \u00cdslands 1885-1985. B\u00f3kin er saumu\u00f0 og bundin \u00ed spj\u00f6ld \u00ed sterkan myndapapp\u00edr, 135 gr \u00cdkonofix; K\u00e1pumynd: Flug\u00fer\u00e1. St\u00e6r\u00f0: 23.3 X 23 cm og 182 bls. \u00datg\u00e1fa og prentun: Listasafn \u00cdslands, Reykjav\u00edk 1986. R\u00edkisprentsmi\u00f0jan Gutenberg \u2013 Graf\u00edk \u2013 Gutenberg \u2013 Korpus \u2013 Kassager\u00f0 Reykjav\u00edkur.<\/p>\n","protected":false},"featured_media":6303,"template":"","meta":{"slim_seo":{"title":"J\u00f3hannes S. Kjarval - KindArt","description":"J\u00f3hannes S. Kjarval , \u00ed Listasafni \u00cdslands 1885-1985. B\u00f3kin er saumu\u00f0 og bundin \u00ed spj\u00f6ld \u00ed sterkan myndapapp\u00edr, 135 gr \u00cdkonofix; K\u00e1pumynd: Flug\u00fer\u00e1. St\u00e6r\u00f0: 23.3"}},"product_brand":[],"product_cat":[83],"product_tag":[],"class_list":{"0":"post-6305","1":"product","2":"type-product","3":"status-publish","4":"has-post-thumbnail","6":"product_cat-books","7":"product_shipping_class-small-en","9":"first","10":"instock","11":"purchasable","12":"product-type-simple"},"_links":{"self":[{"href":"https:\/\/kindart.is\/en\/wp-json\/wp\/v2\/product\/6305","targetHints":{"allow":["GET"]}}],"collection":[{"href":"https:\/\/kindart.is\/en\/wp-json\/wp\/v2\/product"}],"about":[{"href":"https:\/\/kindart.is\/en\/wp-json\/wp\/v2\/types\/product"}],"wp:featuredmedia":[{"embeddable":true,"href":"https:\/\/kindart.is\/en\/wp-json\/wp\/v2\/media\/6303"}],"wp:attachment":[{"href":"https:\/\/kindart.is\/en\/wp-json\/wp\/v2\/media?parent=6305"}],"wp:term":[{"taxonomy":"product_brand","embeddable":true,"href":"https:\/\/kindart.is\/en\/wp-json\/wp\/v2\/product_brand?post=6305"},{"taxonomy":"product_cat","embeddable":true,"href":"https:\/\/kindart.is\/en\/wp-json\/wp\/v2\/product_cat?post=6305"},{"taxonomy":"product_tag","embeddable":true,"href":"https:\/\/kindart.is\/en\/wp-json\/wp\/v2\/product_tag?post=6305"}],"curies":[{"name":"wp","href":"https:\/\/api.w.org\/{rel}","templated":true}]}}