{"id":6312,"date":"2023-02-06T15:17:46","date_gmt":"2023-02-06T15:17:46","guid":{"rendered":"https:\/\/kindart.is\/product\/lausavisur\/"},"modified":"2023-02-06T15:17:46","modified_gmt":"2023-02-06T15:17:46","slug":"lausavisur","status":"publish","type":"product","link":"https:\/\/kindart.is\/en\/vara\/lausavisur\/","title":{"rendered":"Lausav\u00edsur"},"content":{"rendered":"<p><strong>Lausav\u00edsur<\/strong> eftir Karl Fri\u00f0riksson fv. vegavinnuverkstj\u00f3ra \u00e1 Nor\u00f0urlandi. Kveri\u00f0 er sauma\u00f0, heft og sett \u00ed kartonk\u00e1pu Mynd af h\u00f6fundi \u00e1 m\u00f3ti titilbla\u00f0i. St\u00e6r\u00f0: 17.2 X 12.6 cm. og 116 bls.<\/p>\n<p><strong>\u00datg\u00e1fa og prentun<\/strong>:<br \/>\n\u00datgefandi: H\u00f6fundur og synir, Reykjav\u00edk 1967. Prentsmi\u00f0jan Edda.<\/p>\n","protected":false},"excerpt":{"rendered":"<p>Lausav\u00edsur eftir Karl Fri\u00f0riksson fv. vegavinnuverkstj\u00f3ra \u00e1 Nor\u00f0urlandi. Kveri\u00f0 er sauma\u00f0, heft og sett \u00ed kartonk\u00e1pu Mynd af h\u00f6fundi \u00e1 m\u00f3ti titilbla\u00f0i. St\u00e6r\u00f0: 17.2 X 12.6 cm. og 116 bls. \u00datg\u00e1fa og prentun: \u00datgefandi: H\u00f6fundur og synir, Reykjav\u00edk 1967. Prentsmi\u00f0jan Edda.<\/p>\n","protected":false},"featured_media":6308,"template":"","meta":{"slim_seo":{"title":"Lausav\u00edsur - KindArt","description":"Lausav\u00edsur eftir Karl Fri\u00f0riksson fv. vegavinnuverkstj\u00f3ra \u00e1 Nor\u00f0urlandi. Kveri\u00f0 er sauma\u00f0, heft og sett \u00ed kartonk\u00e1pu Mynd af h\u00f6fundi \u00e1 m\u00f3ti titilbla\u00f0i. St\u00e6r\u00f0: 1"}},"product_brand":[],"product_cat":[83],"product_tag":[],"class_list":{"0":"post-6312","1":"product","2":"type-product","3":"status-publish","4":"has-post-thumbnail","6":"product_cat-books","7":"product_shipping_class-small-en","9":"first","10":"instock","11":"purchasable","12":"product-type-simple"},"_links":{"self":[{"href":"https:\/\/kindart.is\/en\/wp-json\/wp\/v2\/product\/6312","targetHints":{"allow":["GET"]}}],"collection":[{"href":"https:\/\/kindart.is\/en\/wp-json\/wp\/v2\/product"}],"about":[{"href":"https:\/\/kindart.is\/en\/wp-json\/wp\/v2\/types\/product"}],"wp:featuredmedia":[{"embeddable":true,"href":"https:\/\/kindart.is\/en\/wp-json\/wp\/v2\/media\/6308"}],"wp:attachment":[{"href":"https:\/\/kindart.is\/en\/wp-json\/wp\/v2\/media?parent=6312"}],"wp:term":[{"taxonomy":"product_brand","embeddable":true,"href":"https:\/\/kindart.is\/en\/wp-json\/wp\/v2\/product_brand?post=6312"},{"taxonomy":"product_cat","embeddable":true,"href":"https:\/\/kindart.is\/en\/wp-json\/wp\/v2\/product_cat?post=6312"},{"taxonomy":"product_tag","embeddable":true,"href":"https:\/\/kindart.is\/en\/wp-json\/wp\/v2\/product_tag?post=6312"}],"curies":[{"name":"wp","href":"https:\/\/api.w.org\/{rel}","templated":true}]}}