{"id":6317,"date":"2023-02-06T15:26:41","date_gmt":"2023-02-06T15:26:41","guid":{"rendered":"https:\/\/kindart.is\/product\/rettvisin-gegn-olafi-fridrikssyni\/"},"modified":"2023-02-06T15:27:40","modified_gmt":"2023-02-06T15:27:40","slug":"rettvisin-gegn-olafi-fridrikssyni","status":"publish","type":"product","link":"https:\/\/kindart.is\/en\/vara\/rettvisin-gegn-olafi-fridrikssyni\/","title":{"rendered":"R\u00e9ttv\u00edsin gegn \u00d3lafi Fri\u00f0rikssyni"},"content":{"rendered":"<p><strong>R\u00e9ttv\u00edsin gegn \u00d3lafi Fri\u00f0rikssyni<\/strong> o.fl. Heimildir. P\u00e9tur P\u00e9tursson og Haraldur J\u00f3hannsson s\u00e1u um \u00fatg\u00e1funa \u2013 Ritstj\u00f3ri J\u00f3n Gu\u00f0nason. B\u00f3kin er kilja, 20.8 X 14.7 cm, saumu\u00f0 og l\u00edmheft \u00ed kartonk\u00e1pu, 152 bls. \u00c1 fors\u00ed\u00f0u er mynd af l\u00f6gregluli\u00f0i varal\u00f6greglustj\u00f3ra \u00ed Su\u00f0urg\u00f6tu.<\/p>\n<p><strong>\u00datg\u00e1fa og prentun<\/strong>:<br \/>\nSagnfr\u00e6\u00f0istofnun H\u00e1sk\u00f3la \u00cdslands \u2013 Ritsafn \u2013 16. Reykjav\u00edk 1986. \u00cdsafoldarprentsmi\u00f0ja.<\/p>\n","protected":false},"excerpt":{"rendered":"<p>R\u00e9ttv\u00edsin gegn \u00d3lafi Fri\u00f0rikssyni o.fl. Heimildir. P\u00e9tur P\u00e9tursson og Haraldur J\u00f3hannsson s\u00e1u um \u00fatg\u00e1funa \u2013 Ritstj\u00f3ri J\u00f3n Gu\u00f0nason. B\u00f3kin er kilja, 20.8 X 14.7 cm, saumu\u00f0 og l\u00edmheft \u00ed kartonk\u00e1pu, 152 bls. \u00c1 fors\u00ed\u00f0u er mynd af l\u00f6gregluli\u00f0i varal\u00f6greglustj\u00f3ra \u00ed Su\u00f0urg\u00f6tu. \u00datg\u00e1fa og prentun: Sagnfr\u00e6\u00f0istofnun H\u00e1sk\u00f3la \u00cdslands \u2013 Ritsafn \u2013 16. Reykjav\u00edk 1986. \u00cdsafoldarprentsmi\u00f0ja.<\/p>\n","protected":false},"featured_media":6316,"template":"","meta":{"slim_seo":{"title":"R\u00e9ttv\u00edsin gegn \u00d3lafi Fri\u00f0rikssyni - KindArt","description":"R\u00e9ttv\u00edsin gegn \u00d3lafi Fri\u00f0rikssyni o.fl. Heimildir. P\u00e9tur P\u00e9tursson og Haraldur J\u00f3hannsson s\u00e1u um \u00fatg\u00e1funa \u2013 Ritstj\u00f3ri J\u00f3n Gu\u00f0nason. B\u00f3kin er kilja, 20.8 X 14.7"}},"product_brand":[],"product_cat":[83],"product_tag":[],"class_list":{"0":"post-6317","1":"product","2":"type-product","3":"status-publish","4":"has-post-thumbnail","6":"product_cat-books","7":"product_shipping_class-small-en","9":"first","10":"outofstock","11":"purchasable","12":"product-type-simple"},"_links":{"self":[{"href":"https:\/\/kindart.is\/en\/wp-json\/wp\/v2\/product\/6317","targetHints":{"allow":["GET"]}}],"collection":[{"href":"https:\/\/kindart.is\/en\/wp-json\/wp\/v2\/product"}],"about":[{"href":"https:\/\/kindart.is\/en\/wp-json\/wp\/v2\/types\/product"}],"wp:featuredmedia":[{"embeddable":true,"href":"https:\/\/kindart.is\/en\/wp-json\/wp\/v2\/media\/6316"}],"wp:attachment":[{"href":"https:\/\/kindart.is\/en\/wp-json\/wp\/v2\/media?parent=6317"}],"wp:term":[{"taxonomy":"product_brand","embeddable":true,"href":"https:\/\/kindart.is\/en\/wp-json\/wp\/v2\/product_brand?post=6317"},{"taxonomy":"product_cat","embeddable":true,"href":"https:\/\/kindart.is\/en\/wp-json\/wp\/v2\/product_cat?post=6317"},{"taxonomy":"product_tag","embeddable":true,"href":"https:\/\/kindart.is\/en\/wp-json\/wp\/v2\/product_tag?post=6317"}],"curies":[{"name":"wp","href":"https:\/\/api.w.org\/{rel}","templated":true}]}}