{"id":6323,"date":"2023-02-06T15:30:44","date_gmt":"2023-02-06T15:30:44","guid":{"rendered":"https:\/\/kindart.is\/product\/sogur-og-kvaedi\/"},"modified":"2023-02-06T15:30:44","modified_gmt":"2023-02-06T15:30:44","slug":"sogur-og-kvaedi","status":"publish","type":"product","link":"https:\/\/kindart.is\/en\/vara\/sogur-og-kvaedi\/","title":{"rendered":"S\u00f6gur og kv\u00e6\u00f0i"},"content":{"rendered":"<p><strong>S\u00f6gur og kv\u00e6\u00f0i<\/strong> e. Gest P\u00e1lsson. 10 sm\u00e1s\u00f6gur og 22 kv\u00e6\u00f0i. B\u00f3kin er \u00ed litlu broti [Crown]. St\u00e6r\u00f0: 19.5 X 12.8 cm og 296 bls. bundin \u00ed skinnband, br\u00fant shagrin \u00e1 kj\u00f6l og horn og kl\u00e6dd me\u00f0 v\u00f6ndu\u00f0um spjaldapapp\u00edr, v\u00e9lgyllt \u00e1 kj\u00f6l.<\/p>\n<p><strong>\u00datg\u00e1fa og prentun<\/strong>:<br \/>\nH,F, Leiftur Reykjav\u00edk 1949. Prentsmi\u00f0jan Leiftur.<\/p>\n","protected":false},"excerpt":{"rendered":"<p>S\u00f6gur og kv\u00e6\u00f0i e. Gest P\u00e1lsson. 10 sm\u00e1s\u00f6gur og 22 kv\u00e6\u00f0i. B\u00f3kin er \u00ed litlu broti [Crown]. St\u00e6r\u00f0: 19.5 X 12.8 cm og 296 bls. bundin \u00ed skinnband, br\u00fant shagrin \u00e1 kj\u00f6l og horn og kl\u00e6dd me\u00f0 v\u00f6ndu\u00f0um spjaldapapp\u00edr, v\u00e9lgyllt \u00e1 kj\u00f6l. \u00datg\u00e1fa og prentun: H,F, Leiftur Reykjav\u00edk 1949. Prentsmi\u00f0jan Leiftur.<\/p>\n","protected":false},"featured_media":6321,"template":"","meta":{"slim_seo":{"title":"S\u00f6gur og kv\u00e6\u00f0i - KindArt","description":"S\u00f6gur og kv\u00e6\u00f0i e. Gest P\u00e1lsson. 10 sm\u00e1s\u00f6gur og 22 kv\u00e6\u00f0i. B\u00f3kin er \u00ed litlu broti [Crown]. St\u00e6r\u00f0: 19.5 X 12.8 cm og 296 bls. bundin \u00ed skinnband, br\u00fant shagrin \u00e1 k"}},"product_brand":[],"product_cat":[83],"product_tag":[],"class_list":{"0":"post-6323","1":"product","2":"type-product","3":"status-publish","4":"has-post-thumbnail","6":"product_cat-books","7":"product_shipping_class-small-en","9":"first","10":"instock","11":"purchasable","12":"product-type-simple"},"_links":{"self":[{"href":"https:\/\/kindart.is\/en\/wp-json\/wp\/v2\/product\/6323","targetHints":{"allow":["GET"]}}],"collection":[{"href":"https:\/\/kindart.is\/en\/wp-json\/wp\/v2\/product"}],"about":[{"href":"https:\/\/kindart.is\/en\/wp-json\/wp\/v2\/types\/product"}],"wp:featuredmedia":[{"embeddable":true,"href":"https:\/\/kindart.is\/en\/wp-json\/wp\/v2\/media\/6321"}],"wp:attachment":[{"href":"https:\/\/kindart.is\/en\/wp-json\/wp\/v2\/media?parent=6323"}],"wp:term":[{"taxonomy":"product_brand","embeddable":true,"href":"https:\/\/kindart.is\/en\/wp-json\/wp\/v2\/product_brand?post=6323"},{"taxonomy":"product_cat","embeddable":true,"href":"https:\/\/kindart.is\/en\/wp-json\/wp\/v2\/product_cat?post=6323"},{"taxonomy":"product_tag","embeddable":true,"href":"https:\/\/kindart.is\/en\/wp-json\/wp\/v2\/product_tag?post=6323"}],"curies":[{"name":"wp","href":"https:\/\/api.w.org\/{rel}","templated":true}]}}