{"id":6332,"date":"2023-02-16T17:10:14","date_gmt":"2023-02-16T17:10:14","guid":{"rendered":"https:\/\/kindart.is\/product\/alfinnur-alfakongur\/"},"modified":"2023-02-16T17:10:14","modified_gmt":"2023-02-16T17:10:14","slug":"alfinnur-alfakongur","status":"publish","type":"product","link":"https:\/\/kindart.is\/en\/vara\/alfinnur-alfakongur\/","title":{"rendered":"Alfinnur \u00c1lfak\u00f3ngur"},"content":{"rendered":"<p><strong>Alfinnur \u00c1lfak\u00f3ngur<\/strong>. \u00c6vint\u00fdri eftir G. Th. Rotman me\u00f0 120 myndum. B\u00f3kin er myndasaga bundin \u00ed papp\u00edrsband. Alband. Mynd og nafn framan \u00e1 bindi.<\/p>\n<p><strong>\u00datg\u00e1fa og prentun<\/strong>:<br \/>\n\u00datg. Leiftur \u00c1n \u00e1rtals. Reykjav\u00edk. \u2013 Prentsmi\u00f0jan Leiftur.<\/p>\n","protected":false},"excerpt":{"rendered":"<p>Alfinnur \u00c1lfak\u00f3ngur. \u00c6vint\u00fdri eftir G. Th. Rotman me\u00f0 120 myndum. B\u00f3kin er myndasaga bundin \u00ed papp\u00edrsband. Alband. Mynd og nafn framan \u00e1 bindi. \u00datg\u00e1fa og prentun: \u00datg. Leiftur \u00c1n \u00e1rtals. Reykjav\u00edk. \u2013 Prentsmi\u00f0jan Leiftur.<\/p>\n","protected":false},"featured_media":6328,"template":"","meta":{"slim_seo":{"title":"Alfinnur \u00c1lfak\u00f3ngur - KindArt","description":"Alfinnur \u00c1lfak\u00f3ngur . \u00c6vint\u00fdri eftir G. Th. Rotman me\u00f0 120 myndum. B\u00f3kin er myndasaga bundin \u00ed papp\u00edrsband. Alband. Mynd og nafn framan \u00e1 bindi. \u00datg\u00e1fa og prent"}},"product_brand":[],"product_cat":[83],"product_tag":[],"class_list":{"0":"post-6332","1":"product","2":"type-product","3":"status-publish","4":"has-post-thumbnail","6":"product_cat-books","7":"product_shipping_class-small-en","9":"first","10":"instock","11":"sold-individually","12":"purchasable","13":"product-type-simple"},"_links":{"self":[{"href":"https:\/\/kindart.is\/en\/wp-json\/wp\/v2\/product\/6332","targetHints":{"allow":["GET"]}}],"collection":[{"href":"https:\/\/kindart.is\/en\/wp-json\/wp\/v2\/product"}],"about":[{"href":"https:\/\/kindart.is\/en\/wp-json\/wp\/v2\/types\/product"}],"wp:featuredmedia":[{"embeddable":true,"href":"https:\/\/kindart.is\/en\/wp-json\/wp\/v2\/media\/6328"}],"wp:attachment":[{"href":"https:\/\/kindart.is\/en\/wp-json\/wp\/v2\/media?parent=6332"}],"wp:term":[{"taxonomy":"product_brand","embeddable":true,"href":"https:\/\/kindart.is\/en\/wp-json\/wp\/v2\/product_brand?post=6332"},{"taxonomy":"product_cat","embeddable":true,"href":"https:\/\/kindart.is\/en\/wp-json\/wp\/v2\/product_cat?post=6332"},{"taxonomy":"product_tag","embeddable":true,"href":"https:\/\/kindart.is\/en\/wp-json\/wp\/v2\/product_tag?post=6332"}],"curies":[{"name":"wp","href":"https:\/\/api.w.org\/{rel}","templated":true}]}}