{"id":6338,"date":"2023-02-16T17:17:28","date_gmt":"2023-02-16T17:17:28","guid":{"rendered":"https:\/\/kindart.is\/product\/ar-og-dagar\/"},"modified":"2023-02-16T17:17:28","modified_gmt":"2023-02-16T17:17:28","slug":"ar-og-dagar","status":"publish","type":"product","link":"https:\/\/kindart.is\/en\/vara\/ar-og-dagar\/","title":{"rendered":"\u00c1r og dagar"},"content":{"rendered":"<p><strong>\u00c1r og dagar<\/strong>. Uppt\u00f6k og \u00fer\u00f3un al\u00fe\u00fd\u00f0usamtaka \u00e1 \u00cdslandi 1875\u20131934. Gunnar M. Magn\u00fass t\u00f3k saman. B\u00f3kin er bundin \u00ed forlagsband, svart rex\u00edn \u00e1 kj\u00f6l og spjaldapapp\u00edr \u00e1 pappaspj\u00f6ld. Gyllt \u00e1 kj\u00f6l.<\/p>\n<p><strong>\u00datg\u00e1fa og prentun<\/strong>:<br \/>\nHeimskringla, 1967 Reykjav\u00edk. Prentsmi\u00f0jan Oddi.<\/p>\n","protected":false},"excerpt":{"rendered":"<p>\u00c1r og dagar. Uppt\u00f6k og \u00fer\u00f3un al\u00fe\u00fd\u00f0usamtaka \u00e1 \u00cdslandi 1875\u20131934. Gunnar M. Magn\u00fass t\u00f3k saman. B\u00f3kin er bundin \u00ed forlagsband, svart rex\u00edn \u00e1 kj\u00f6l og spjaldapapp\u00edr \u00e1 pappaspj\u00f6ld. Gyllt \u00e1 kj\u00f6l. \u00datg\u00e1fa og prentun: Heimskringla, 1967 Reykjav\u00edk. Prentsmi\u00f0jan Oddi.<\/p>\n","protected":false},"featured_media":6335,"template":"","meta":{"slim_seo":{"title":"\u00c1r og dagar - KindArt","description":"\u00c1r og dagar . Uppt\u00f6k og \u00fer\u00f3un al\u00fe\u00fd\u00f0usamtaka \u00e1 \u00cdslandi 1875\u20131934. Gunnar M. Magn\u00fass t\u00f3k saman. B\u00f3kin er bundin \u00ed forlagsband, svart rex\u00edn \u00e1 kj\u00f6l og spjaldapapp\u00edr"}},"product_brand":[],"product_cat":[83],"product_tag":[],"class_list":{"0":"post-6338","1":"product","2":"type-product","3":"status-publish","4":"has-post-thumbnail","6":"product_cat-books","7":"product_shipping_class-small-en","9":"first","10":"instock","11":"purchasable","12":"product-type-simple"},"_links":{"self":[{"href":"https:\/\/kindart.is\/en\/wp-json\/wp\/v2\/product\/6338","targetHints":{"allow":["GET"]}}],"collection":[{"href":"https:\/\/kindart.is\/en\/wp-json\/wp\/v2\/product"}],"about":[{"href":"https:\/\/kindart.is\/en\/wp-json\/wp\/v2\/types\/product"}],"wp:featuredmedia":[{"embeddable":true,"href":"https:\/\/kindart.is\/en\/wp-json\/wp\/v2\/media\/6335"}],"wp:attachment":[{"href":"https:\/\/kindart.is\/en\/wp-json\/wp\/v2\/media?parent=6338"}],"wp:term":[{"taxonomy":"product_brand","embeddable":true,"href":"https:\/\/kindart.is\/en\/wp-json\/wp\/v2\/product_brand?post=6338"},{"taxonomy":"product_cat","embeddable":true,"href":"https:\/\/kindart.is\/en\/wp-json\/wp\/v2\/product_cat?post=6338"},{"taxonomy":"product_tag","embeddable":true,"href":"https:\/\/kindart.is\/en\/wp-json\/wp\/v2\/product_tag?post=6338"}],"curies":[{"name":"wp","href":"https:\/\/api.w.org\/{rel}","templated":true}]}}