{"id":6344,"date":"2023-02-16T17:22:48","date_gmt":"2023-02-16T17:22:48","guid":{"rendered":"https:\/\/kindart.is\/product\/gamanthaettir-af-vinum-minum\/"},"modified":"2023-02-16T17:22:48","modified_gmt":"2023-02-16T17:22:48","slug":"gamanthaettir-af-vinum-minum","status":"publish","type":"product","link":"https:\/\/kindart.is\/en\/vara\/gamanthaettir-af-vinum-minum\/","title":{"rendered":"Gaman\u00fe\u00e6ttir af vinum m\u00ednum"},"content":{"rendered":"<p><strong>Gaman\u00fe\u00e6ttir af vinum m\u00ednum<\/strong> eftir Magn\u00fas \u00c1. \u00c1rnason. Magn\u00fas var listm\u00e1lari og konan hans, sem var ensk, Barbara Morey Williams l\u00edka. Magn\u00fas var br\u00f3\u00f0ir \u00c1rs\u00e6ls \u00c1. \u00c1rnasonar b\u00f3kbindara, sem var me\u00f0 b\u00f3kbandsstofu \u00ed kjallara \u00ed hornh\u00fasinu \u00e1 horni Bankastr\u00e6tis og Ing\u00f3lfsstr\u00e6tis. B\u00f3kin er bundin \u00ed striga, alband, forlagsband. St\u00e6r\u00f0: 23.2 X 18.2 cm og 200 bls, me\u00f0 Efnisyfirliti og Nafnaskr\u00e1.<\/p>\n<p><strong>\u00datg\u00e1fa og prentun<\/strong>:<br \/>\n\u00datg. Helgafell 1967 Reykjav\u00edk. V\u00edkingsprent.<\/p>\n","protected":false},"excerpt":{"rendered":"<p>Gaman\u00fe\u00e6ttir af vinum m\u00ednum eftir Magn\u00fas \u00c1. \u00c1rnason. Magn\u00fas var listm\u00e1lari og konan hans, sem var ensk, Barbara Morey Williams l\u00edka. Magn\u00fas var br\u00f3\u00f0ir \u00c1rs\u00e6ls \u00c1. \u00c1rnasonar b\u00f3kbindara, sem var me\u00f0 b\u00f3kbandsstofu \u00ed kjallara \u00ed hornh\u00fasinu \u00e1 horni Bankastr\u00e6tis og Ing\u00f3lfsstr\u00e6tis. B\u00f3kin er bundin \u00ed striga, alband, forlagsband. St\u00e6r\u00f0: 23.2 X 18.2 cm og 200 [&hellip;]<\/p>\n","protected":false},"featured_media":6341,"template":"","meta":{"slim_seo":{"title":"Gaman\u00fe\u00e6ttir af vinum m\u00ednum - KindArt","description":"Gaman\u00fe\u00e6ttir af vinum m\u00ednum eftir Magn\u00fas \u00c1. \u00c1rnason. Magn\u00fas var listm\u00e1lari og konan hans, sem var ensk, Barbara Morey Williams l\u00edka. Magn\u00fas var br\u00f3\u00f0ir \u00c1rs\u00e6ls \u00c1."}},"product_brand":[],"product_cat":[83],"product_tag":[],"class_list":{"0":"post-6344","1":"product","2":"type-product","3":"status-publish","4":"has-post-thumbnail","6":"product_cat-books","7":"product_shipping_class-small-en","9":"first","10":"instock","11":"purchasable","12":"product-type-simple"},"_links":{"self":[{"href":"https:\/\/kindart.is\/en\/wp-json\/wp\/v2\/product\/6344","targetHints":{"allow":["GET"]}}],"collection":[{"href":"https:\/\/kindart.is\/en\/wp-json\/wp\/v2\/product"}],"about":[{"href":"https:\/\/kindart.is\/en\/wp-json\/wp\/v2\/types\/product"}],"wp:featuredmedia":[{"embeddable":true,"href":"https:\/\/kindart.is\/en\/wp-json\/wp\/v2\/media\/6341"}],"wp:attachment":[{"href":"https:\/\/kindart.is\/en\/wp-json\/wp\/v2\/media?parent=6344"}],"wp:term":[{"taxonomy":"product_brand","embeddable":true,"href":"https:\/\/kindart.is\/en\/wp-json\/wp\/v2\/product_brand?post=6344"},{"taxonomy":"product_cat","embeddable":true,"href":"https:\/\/kindart.is\/en\/wp-json\/wp\/v2\/product_cat?post=6344"},{"taxonomy":"product_tag","embeddable":true,"href":"https:\/\/kindart.is\/en\/wp-json\/wp\/v2\/product_tag?post=6344"}],"curies":[{"name":"wp","href":"https:\/\/api.w.org\/{rel}","templated":true}]}}