{"id":6353,"date":"2023-02-16T17:27:39","date_gmt":"2023-02-16T17:27:39","guid":{"rendered":"https:\/\/kindart.is\/product\/hornstrendingabok\/"},"modified":"2023-02-16T17:27:39","modified_gmt":"2023-02-16T17:27:39","slug":"hornstrendingabok","status":"publish","type":"product","link":"https:\/\/kindart.is\/en\/vara\/hornstrendingabok\/","title":{"rendered":"Hornstrendingab\u00f3k"},"content":{"rendered":"<p><strong>Hornstrendingab\u00f3k<\/strong> eftir \u00de\u00f3rleif Bjarnason. H\u00f6fundurinn tileinkar Gu\u00f0na Kjartanssyni m\u00f3\u00f0urf\u00f6\u00f0ur s\u00ednum b\u00f3kina me\u00f0 \u00feakkl\u00e6ti fyrir allar s\u00f6gurnar sem hann sag\u00f0i honum \u00ed \u00e6sku. B\u00f3kin er bundin \u00ed bl\u00e1tt skinn \u00e1 kj\u00f6l og horn og gyllt \u00e1 kj\u00f6l. St\u00e6r\u00f0: 24.2 X 16 cm og 324 bls.<\/p>\n<p><strong>\u00datg\u00e1fa og prentun<\/strong>:<br \/>\n\u00datg.: \u00deorsteinn M. J\u00f3nsson, 1943 Akureyri. Prentverk Odds Bj\u00f6rnssonar.<\/p>\n","protected":false},"excerpt":{"rendered":"<p>Hornstrendingab\u00f3k eftir \u00de\u00f3rleif Bjarnason. H\u00f6fundurinn tileinkar Gu\u00f0na Kjartanssyni m\u00f3\u00f0urf\u00f6\u00f0ur s\u00ednum b\u00f3kina me\u00f0 \u00feakkl\u00e6ti fyrir allar s\u00f6gurnar sem hann sag\u00f0i honum \u00ed \u00e6sku. B\u00f3kin er bundin \u00ed bl\u00e1tt skinn \u00e1 kj\u00f6l og horn og gyllt \u00e1 kj\u00f6l. St\u00e6r\u00f0: 24.2 X 16 cm og 324 bls. \u00datg\u00e1fa og prentun: \u00datg.: \u00deorsteinn M. J\u00f3nsson, 1943 Akureyri. Prentverk Odds [&hellip;]<\/p>\n","protected":false},"featured_media":6347,"template":"","meta":{"slim_seo":{"title":"Hornstrendingab\u00f3k - KindArt","description":"Hornstrendingab\u00f3k eftir \u00de\u00f3rleif Bjarnason. H\u00f6fundurinn tileinkar Gu\u00f0na Kjartanssyni m\u00f3\u00f0urf\u00f6\u00f0ur s\u00ednum b\u00f3kina me\u00f0 \u00feakkl\u00e6ti fyrir allar s\u00f6gurnar sem hann sag\u00f0i hon"}},"product_brand":[],"product_cat":[83],"product_tag":[],"class_list":{"0":"post-6353","1":"product","2":"type-product","3":"status-publish","4":"has-post-thumbnail","6":"product_cat-books","7":"product_shipping_class-small-en","9":"first","10":"outofstock","11":"purchasable","12":"product-type-simple"},"_links":{"self":[{"href":"https:\/\/kindart.is\/en\/wp-json\/wp\/v2\/product\/6353","targetHints":{"allow":["GET"]}}],"collection":[{"href":"https:\/\/kindart.is\/en\/wp-json\/wp\/v2\/product"}],"about":[{"href":"https:\/\/kindart.is\/en\/wp-json\/wp\/v2\/types\/product"}],"wp:featuredmedia":[{"embeddable":true,"href":"https:\/\/kindart.is\/en\/wp-json\/wp\/v2\/media\/6347"}],"wp:attachment":[{"href":"https:\/\/kindart.is\/en\/wp-json\/wp\/v2\/media?parent=6353"}],"wp:term":[{"taxonomy":"product_brand","embeddable":true,"href":"https:\/\/kindart.is\/en\/wp-json\/wp\/v2\/product_brand?post=6353"},{"taxonomy":"product_cat","embeddable":true,"href":"https:\/\/kindart.is\/en\/wp-json\/wp\/v2\/product_cat?post=6353"},{"taxonomy":"product_tag","embeddable":true,"href":"https:\/\/kindart.is\/en\/wp-json\/wp\/v2\/product_tag?post=6353"}],"curies":[{"name":"wp","href":"https:\/\/api.w.org\/{rel}","templated":true}]}}