{"id":6358,"date":"2023-02-16T17:31:01","date_gmt":"2023-02-16T17:31:01","guid":{"rendered":"https:\/\/kindart.is\/product\/kristmannskver\/"},"modified":"2023-02-16T17:31:01","modified_gmt":"2023-02-16T17:31:01","slug":"kristmannskver","status":"publish","type":"product","link":"https:\/\/kindart.is\/en\/vara\/kristmannskver\/","title":{"rendered":"Kristmannskver"},"content":{"rendered":"<p><strong>Kristmannskver<\/strong>. Lj\u00f3\u00f0asyrpa Kristmanns fr\u00e1 hartn\u00e6r h\u00e1lfri \u00f6ld. Kristmann skrifar h\u00e9r form\u00e1la og \u00e1ritar \u00fear undir me\u00f0 eigin hendi. B\u00f3kin er saumheft \u00ed k\u00e1pu me\u00f0 teikningu af Kristmanni a\u00f0 framan. St\u00e6r\u00f0: 25.7 X 19.2 cm og 96 bls.<\/p>\n<p><strong>\u00datg\u00e1fa og prentun<\/strong>:<br \/>\nHelgafell, 1955 Reykjav\u00edk. V\u00edkingsprent.<\/p>\n","protected":false},"excerpt":{"rendered":"<p>Kristmannskver. Lj\u00f3\u00f0asyrpa Kristmanns fr\u00e1 hartn\u00e6r h\u00e1lfri \u00f6ld. Kristmann skrifar h\u00e9r form\u00e1la og \u00e1ritar \u00fear undir me\u00f0 eigin hendi. B\u00f3kin er saumheft \u00ed k\u00e1pu me\u00f0 teikningu af Kristmanni a\u00f0 framan. St\u00e6r\u00f0: 25.7 X 19.2 cm og 96 bls. \u00datg\u00e1fa og prentun: Helgafell, 1955 Reykjav\u00edk. V\u00edkingsprent.<\/p>\n","protected":false},"featured_media":6356,"template":"","meta":{"slim_seo":{"title":"Kristmannskver - KindArt","description":"Kristmannskver . Lj\u00f3\u00f0asyrpa Kristmanns fr\u00e1 hartn\u00e6r h\u00e1lfri \u00f6ld. Kristmann skrifar h\u00e9r form\u00e1la og \u00e1ritar \u00fear undir me\u00f0 eigin hendi. B\u00f3kin er saumheft \u00ed k\u00e1pu me\u00f0 t"}},"product_brand":[],"product_cat":[83],"product_tag":[],"class_list":{"0":"post-6358","1":"product","2":"type-product","3":"status-publish","4":"has-post-thumbnail","6":"product_cat-books","7":"product_shipping_class-small-en","9":"first","10":"outofstock","11":"purchasable","12":"product-type-simple"},"_links":{"self":[{"href":"https:\/\/kindart.is\/en\/wp-json\/wp\/v2\/product\/6358","targetHints":{"allow":["GET"]}}],"collection":[{"href":"https:\/\/kindart.is\/en\/wp-json\/wp\/v2\/product"}],"about":[{"href":"https:\/\/kindart.is\/en\/wp-json\/wp\/v2\/types\/product"}],"wp:featuredmedia":[{"embeddable":true,"href":"https:\/\/kindart.is\/en\/wp-json\/wp\/v2\/media\/6356"}],"wp:attachment":[{"href":"https:\/\/kindart.is\/en\/wp-json\/wp\/v2\/media?parent=6358"}],"wp:term":[{"taxonomy":"product_brand","embeddable":true,"href":"https:\/\/kindart.is\/en\/wp-json\/wp\/v2\/product_brand?post=6358"},{"taxonomy":"product_cat","embeddable":true,"href":"https:\/\/kindart.is\/en\/wp-json\/wp\/v2\/product_cat?post=6358"},{"taxonomy":"product_tag","embeddable":true,"href":"https:\/\/kindart.is\/en\/wp-json\/wp\/v2\/product_tag?post=6358"}],"curies":[{"name":"wp","href":"https:\/\/api.w.org\/{rel}","templated":true}]}}